{"id":495,"date":"2022-03-05T21:35:26","date_gmt":"2022-03-05T20:35:26","guid":{"rendered":"https:\/\/fnrce.fr\/limo\/?page_id=495"},"modified":"2022-03-06T13:51:45","modified_gmt":"2022-03-06T12:51:45","slug":"presentation-de-wordpress","status":"publish","type":"page","link":"https:\/\/fnrce.fr\/limo\/manuel-de-lediteur\/presentation-de-wordpress","title":{"rendered":"Pr\u00e9sentation de WordPress"},"content":{"rendered":"\t\t<div data-elementor-type=\"wp-page\" data-elementor-id=\"495\" class=\"elementor elementor-495\">\n\t\t\t\t\t\t<section class=\"elementor-section elementor-top-section elementor-element elementor-element-28df47c elementor-section-boxed elementor-section-height-default elementor-section-height-default\" data-id=\"28df47c\" data-element_type=\"section\" data-e-type=\"section\">\n\t\t\t\t\t\t<div class=\"elementor-container elementor-column-gap-default\">\n\t\t\t\t\t<div class=\"elementor-column elementor-col-100 elementor-top-column elementor-element elementor-element-4980c6f\" data-id=\"4980c6f\" data-element_type=\"column\" data-e-type=\"column\">\n\t\t\t<div class=\"elementor-widget-wrap elementor-element-populated\">\n\t\t\t\t\t\t<div class=\"elementor-element elementor-element-4bb9b45 elementor-drop-cap-yes elementor-drop-cap-view-default elementor-widget elementor-widget-text-editor\" data-id=\"4bb9b45\" data-element_type=\"widget\" data-e-type=\"widget\" data-settings=\"{&quot;drop_cap&quot;:&quot;yes&quot;}\" data-widget_type=\"text-editor.default\">\n\t\t\t\t<div class=\"elementor-widget-container\">\n\t\t\t\t\t\t\t\t\t<p>W<span style=\"color: #003366\">ordPress est un outil de blogging avanc\u00e9\u00a0qui facilite la mise en ligne des articles que vous cr\u00e9ez. Vous vous concentrez uniquement sur le contenu de l\u2019article et WordPress s\u2019occupe du reste<\/span>.<\/p>\t\t\t\t\t\t\t\t<\/div>\n\t\t\t\t<\/div>\n\t\t\t\t\t<\/div>\n\t\t<\/div>\n\t\t\t\t\t<\/div>\n\t\t<\/section>\n\t\t\t\t<section class=\"elementor-section elementor-top-section elementor-element elementor-element-3d5b46d elementor-section-boxed elementor-section-height-default elementor-section-height-default\" data-id=\"3d5b46d\" data-element_type=\"section\" data-e-type=\"section\">\n\t\t\t\t\t\t<div class=\"elementor-container elementor-column-gap-default\">\n\t\t\t\t\t<div class=\"elementor-column elementor-col-100 elementor-top-column elementor-element elementor-element-d79e92c\" data-id=\"d79e92c\" data-element_type=\"column\" data-e-type=\"column\">\n\t\t\t<div class=\"elementor-widget-wrap elementor-element-populated\">\n\t\t\t\t\t\t<div class=\"elementor-element elementor-element-9e5c62e elementor-widget elementor-widget-image\" data-id=\"9e5c62e\" data-element_type=\"widget\" data-e-type=\"widget\" data-widget_type=\"image.default\">\n\t\t\t\t<div class=\"elementor-widget-container\">\n\t\t\t\t\t\t\t\t\t\t\t\t<figure class=\"wp-caption\">\n\t\t\t\t\t\t\t\t\t\t<img fetchpriority=\"high\" decoding=\"async\" width=\"957\" height=\"567\" src=\"https:\/\/fnrce.fr\/limo\/wp-content\/uploads\/sites\/7\/2022\/03\/Edit_00-WordPress_01.png\" class=\"attachment-large size-large wp-image-506\" alt=\"\" srcset=\"https:\/\/fnrce.fr\/limo\/wp-content\/uploads\/sites\/7\/2022\/03\/Edit_00-WordPress_01.png 957w, https:\/\/fnrce.fr\/limo\/wp-content\/uploads\/sites\/7\/2022\/03\/Edit_00-WordPress_01-300x178.png 300w, https:\/\/fnrce.fr\/limo\/wp-content\/uploads\/sites\/7\/2022\/03\/Edit_00-WordPress_01-768x455.png 768w\" sizes=\"(max-width: 957px) 100vw, 957px\" \/>\t\t\t\t\t\t\t\t\t\t\t<figcaption class=\"widget-image-caption wp-caption-text\">Pr\u00e9sentation du BLOG<\/figcaption>\n\t\t\t\t\t\t\t\t\t\t<\/figure>\n\t\t\t\t\t\t\t\t\t<\/div>\n\t\t\t\t<\/div>\n\t\t\t\t\t<\/div>\n\t\t<\/div>\n\t\t\t\t\t<\/div>\n\t\t<\/section>\n\t\t\t\t<section class=\"elementor-section elementor-top-section elementor-element elementor-element-ae833f3 elementor-section-boxed elementor-section-height-default elementor-section-height-default\" data-id=\"ae833f3\" data-element_type=\"section\" data-e-type=\"section\">\n\t\t\t\t\t\t<div class=\"elementor-container elementor-column-gap-default\">\n\t\t\t\t\t<div class=\"elementor-column elementor-col-100 elementor-top-column elementor-element elementor-element-b62899f\" data-id=\"b62899f\" data-element_type=\"column\" data-e-type=\"column\">\n\t\t\t<div class=\"elementor-widget-wrap elementor-element-populated\">\n\t\t\t\t\t\t<div class=\"elementor-element elementor-element-506d669 elementor-widget elementor-widget-spacer\" data-id=\"506d669\" data-element_type=\"widget\" data-e-type=\"widget\" data-widget_type=\"spacer.default\">\n\t\t\t\t<div class=\"elementor-widget-container\">\n\t\t\t\t\t\t\t<div class=\"elementor-spacer\">\n\t\t\t<div class=\"elementor-spacer-inner\"><\/div>\n\t\t<\/div>\n\t\t\t\t\t\t<\/div>\n\t\t\t\t<\/div>\n\t\t\t\t\t<\/div>\n\t\t<\/div>\n\t\t\t\t\t<\/div>\n\t\t<\/section>\n\t\t\t\t<section class=\"elementor-section elementor-top-section elementor-element elementor-element-6ccb3aa elementor-section-boxed elementor-section-height-default elementor-section-height-default\" data-id=\"6ccb3aa\" data-element_type=\"section\" data-e-type=\"section\">\n\t\t\t\t\t\t<div class=\"elementor-container elementor-column-gap-default\">\n\t\t\t\t\t<div class=\"elementor-column elementor-col-100 elementor-top-column elementor-element elementor-element-b43ad5b\" data-id=\"b43ad5b\" data-element_type=\"column\" data-e-type=\"column\">\n\t\t\t<div class=\"elementor-widget-wrap elementor-element-populated\">\n\t\t\t\t\t\t<div class=\"elementor-element elementor-element-2987bbe elementor-widget elementor-widget-heading\" data-id=\"2987bbe\" data-element_type=\"widget\" data-e-type=\"widget\" data-widget_type=\"heading.default\">\n\t\t\t\t<div class=\"elementor-widget-container\">\n\t\t\t\t\t<h4 class=\"elementor-heading-title elementor-size-default\">Mettre en place un site Web<\/h4>\t\t\t\t<\/div>\n\t\t\t\t<\/div>\n\t\t\t\t\t<\/div>\n\t\t<\/div>\n\t\t\t\t\t<\/div>\n\t\t<\/section>\n\t\t\t\t<section class=\"elementor-section elementor-top-section elementor-element elementor-element-e6472a9 elementor-section-boxed elementor-section-height-default elementor-section-height-default\" data-id=\"e6472a9\" data-element_type=\"section\" data-e-type=\"section\">\n\t\t\t\t\t\t<div class=\"elementor-container elementor-column-gap-default\">\n\t\t\t\t\t<div class=\"elementor-column elementor-col-100 elementor-top-column elementor-element elementor-element-14f657b\" data-id=\"14f657b\" data-element_type=\"column\" data-e-type=\"column\">\n\t\t\t<div class=\"elementor-widget-wrap elementor-element-populated\">\n\t\t\t\t\t\t<div class=\"elementor-element elementor-element-f5494a0 elementor-widget elementor-widget-text-editor\" data-id=\"f5494a0\" data-element_type=\"widget\" data-e-type=\"widget\" data-widget_type=\"text-editor.default\">\n\t\t\t\t<div class=\"elementor-widget-container\">\n\t\t\t\t\t\t\t\t\t<p>En compl\u00e9ment du Blog avec ses articles chronologiques, WordPress permet \u00e9galement de g\u00e9rer un site web par l\u2019utilisation de \u00ab\u00a0Pages\u00a0\u00bb.<\/p><p>Les pages sont destin\u00e9es \u00e0 un contenu non chronologique. Elles permettent d\u2019organiser et de traiter la structure du contenu de votre site Web. Ainsi sera menu sera compos\u00e9 du blog et de pages.<\/p><p>Il y a \u00e9tanch\u00e9it\u00e9 entre les articles et les pages\u00a0: Les pages n\u2019apparaissent pas dans le blog et les articles ne peuvent pas \u00eatre inclus dans une page.<\/p><p>Les pages peuvent \u00eatre organis\u00e9es par ordre hi\u00e9rarchique avec la notion de \u00ab\u00a0sous page\u00a0\u00bb jusqu\u2019\u00e0 deux niveaux.<br \/>Il n\u2019y a pas de classement dans les pages, comme pour les articles qui peuvent \u00eatre rang\u00e9s par cat\u00e9gorie.<\/p><p>Globalement la gestion des pages et des articles est similaire, et utilisent les m\u00eames outils.<\/p>\t\t\t\t\t\t\t\t<\/div>\n\t\t\t\t<\/div>\n\t\t\t\t\t<\/div>\n\t\t<\/div>\n\t\t\t\t\t<\/div>\n\t\t<\/section>\n\t\t\t\t<section class=\"elementor-section elementor-top-section elementor-element elementor-element-fb2b37e elementor-section-boxed elementor-section-height-default elementor-section-height-default\" data-id=\"fb2b37e\" data-element_type=\"section\" data-e-type=\"section\">\n\t\t\t\t\t\t<div class=\"elementor-container elementor-column-gap-default\">\n\t\t\t\t\t<div class=\"elementor-column elementor-col-100 elementor-top-column elementor-element elementor-element-4af19a9\" data-id=\"4af19a9\" data-element_type=\"column\" data-e-type=\"column\">\n\t\t\t<div class=\"elementor-widget-wrap elementor-element-populated\">\n\t\t\t\t\t\t<div class=\"elementor-element elementor-element-987f9e5 elementor-widget elementor-widget-heading\" data-id=\"987f9e5\" data-element_type=\"widget\" data-e-type=\"widget\" data-widget_type=\"heading.default\">\n\t\t\t\t<div class=\"elementor-widget-container\">\n\t\t\t\t\t<h4 class=\"elementor-heading-title elementor-size-default\">Enrichir WordPress avec des extensions (plugin)<\/h4>\t\t\t\t<\/div>\n\t\t\t\t<\/div>\n\t\t\t\t\t<\/div>\n\t\t<\/div>\n\t\t\t\t\t<\/div>\n\t\t<\/section>\n\t\t\t\t<section class=\"elementor-section elementor-top-section elementor-element elementor-element-b380e10 elementor-section-boxed elementor-section-height-default elementor-section-height-default\" data-id=\"b380e10\" data-element_type=\"section\" data-e-type=\"section\">\n\t\t\t\t\t\t<div class=\"elementor-container elementor-column-gap-default\">\n\t\t\t\t\t<div class=\"elementor-column elementor-col-100 elementor-top-column elementor-element elementor-element-74ea8a0\" data-id=\"74ea8a0\" data-element_type=\"column\" data-e-type=\"column\">\n\t\t\t<div class=\"elementor-widget-wrap elementor-element-populated\">\n\t\t\t\t\t\t<div class=\"elementor-element elementor-element-a03d36c elementor-widget elementor-widget-text-editor\" data-id=\"a03d36c\" data-element_type=\"widget\" data-e-type=\"widget\" data-widget_type=\"text-editor.default\">\n\t\t\t\t<div class=\"elementor-widget-container\">\n\t\t\t\t\t\t\t\t\t<p>WordPress offre des interfaces pour permettre \u00e0 des programmes \u00e9crits par des tiers, de venir ajouter d&rsquo;autres fonctionnalit\u00e9s \u00e0 celles fournies de base par WordPress.<\/p><p>Il existe des dizaines de milliers d\u2019extensions\u00a0: De quoi se faire un site sur mesure.<\/p><p>Certaines extensions sont gratuites, d\u2019autres payantes, le plus souvent mixtes (un socle basique gratuit, le compl\u00e9ment payant).<\/p><p>Le d\u00e9veloppement d\u2019extension est en constante \u00e9volution avec chaque nouvelle version de WordPress. Ce qui oblige une vigilance constante en terme de s\u00e9curit\u00e9, et au niveau maintenance du site mis en ligne.<\/p>\t\t\t\t\t\t\t\t<\/div>\n\t\t\t\t<\/div>\n\t\t\t\t\t<\/div>\n\t\t<\/div>\n\t\t\t\t\t<\/div>\n\t\t<\/section>\n\t\t\t\t<section class=\"elementor-section elementor-top-section elementor-element elementor-element-8d31f23 elementor-section-boxed elementor-section-height-default elementor-section-height-default\" data-id=\"8d31f23\" data-element_type=\"section\" data-e-type=\"section\">\n\t\t\t\t\t\t<div class=\"elementor-container elementor-column-gap-default\">\n\t\t\t\t\t<div class=\"elementor-column elementor-col-100 elementor-top-column elementor-element elementor-element-186ac58\" data-id=\"186ac58\" data-element_type=\"column\" data-e-type=\"column\">\n\t\t\t<div class=\"elementor-widget-wrap elementor-element-populated\">\n\t\t\t\t\t\t<div class=\"elementor-element elementor-element-e244c8e elementor-widget elementor-widget-spacer\" data-id=\"e244c8e\" data-element_type=\"widget\" data-e-type=\"widget\" data-widget_type=\"spacer.default\">\n\t\t\t\t<div class=\"elementor-widget-container\">\n\t\t\t\t\t\t\t<div class=\"elementor-spacer\">\n\t\t\t<div class=\"elementor-spacer-inner\"><\/div>\n\t\t<\/div>\n\t\t\t\t\t\t<\/div>\n\t\t\t\t<\/div>\n\t\t\t\t\t<\/div>\n\t\t<\/div>\n\t\t\t\t\t<\/div>\n\t\t<\/section>\n\t\t\t\t<section class=\"elementor-section elementor-top-section elementor-element elementor-element-f565899 elementor-section-boxed elementor-section-height-default elementor-section-height-default\" data-id=\"f565899\" data-element_type=\"section\" data-e-type=\"section\">\n\t\t\t\t\t\t<div class=\"elementor-container elementor-column-gap-default\">\n\t\t\t\t\t<div class=\"elementor-column elementor-col-100 elementor-top-column elementor-element elementor-element-b3564c6\" data-id=\"b3564c6\" data-element_type=\"column\" data-e-type=\"column\">\n\t\t\t<div class=\"elementor-widget-wrap elementor-element-populated\">\n\t\t\t\t\t\t<section class=\"elementor-section elementor-inner-section elementor-element elementor-element-5a60263 elementor-section-boxed elementor-section-height-default elementor-section-height-default\" data-id=\"5a60263\" data-element_type=\"section\" data-e-type=\"section\">\n\t\t\t\t\t\t<div class=\"elementor-container elementor-column-gap-default\">\n\t\t\t\t\t<div class=\"elementor-column elementor-col-50 elementor-inner-column elementor-element elementor-element-d590847\" data-id=\"d590847\" data-element_type=\"column\" data-e-type=\"column\">\n\t\t\t<div class=\"elementor-widget-wrap elementor-element-populated\">\n\t\t\t\t\t\t<div class=\"elementor-element elementor-element-9277f07 elementor-widget elementor-widget-heading\" data-id=\"9277f07\" data-element_type=\"widget\" data-e-type=\"widget\" data-widget_type=\"heading.default\">\n\t\t\t\t<div class=\"elementor-widget-container\">\n\t\t\t\t\t<h4 class=\"elementor-heading-title elementor-size-default\">Pour en savoir plus : <\/h4>\t\t\t\t<\/div>\n\t\t\t\t<\/div>\n\t\t\t\t\t<\/div>\n\t\t<\/div>\n\t\t\t\t<div class=\"elementor-column elementor-col-50 elementor-inner-column elementor-element elementor-element-b9e58c6\" data-id=\"b9e58c6\" data-element_type=\"column\" data-e-type=\"column\">\n\t\t\t<div class=\"elementor-widget-wrap elementor-element-populated\">\n\t\t\t\t\t\t<div class=\"elementor-element elementor-element-2fb11bb elementor-widget elementor-widget-text-editor\" data-id=\"2fb11bb\" data-element_type=\"widget\" data-e-type=\"widget\" data-widget_type=\"text-editor.default\">\n\t\t\t\t<div class=\"elementor-widget-container\">\n\t\t\t\t\t\t\t\t\t<p><span style=\"color: #097eeb\"><a style=\"text-decoration: underline;color: #097eeb\" href=\"https:\/\/fr.wordpress.org\/support\/article\/introduction-to-blogging\/\" target=\"_blank\" rel=\"noopener\">https:\/\/fr.wordpress.org\/support\/article\/introduction-to-blogging\/<\/a><\/span><\/p>\t\t\t\t\t\t\t\t<\/div>\n\t\t\t\t<\/div>\n\t\t\t\t\t<\/div>\n\t\t<\/div>\n\t\t\t\t\t<\/div>\n\t\t<\/section>\n\t\t\t\t\t<\/div>\n\t\t<\/div>\n\t\t\t\t\t<\/div>\n\t\t<\/section>\n\t\t\t\t<section class=\"elementor-section elementor-top-section elementor-element elementor-element-45658d7 elementor-section-boxed elementor-section-height-default elementor-section-height-default\" data-id=\"45658d7\" data-element_type=\"section\" data-e-type=\"section\">\n\t\t\t\t\t\t<div class=\"elementor-container elementor-column-gap-default\">\n\t\t\t\t\t<div class=\"elementor-column elementor-col-100 elementor-top-column elementor-element elementor-element-b4e3d3a\" data-id=\"b4e3d3a\" data-element_type=\"column\" data-e-type=\"column\">\n\t\t\t<div class=\"elementor-widget-wrap elementor-element-populated\">\n\t\t\t\t\t\t<div class=\"elementor-element elementor-element-d024ee4 elementor-widget__width-initial elementor-absolute elementor-widget elementor-widget-text-editor\" data-id=\"d024ee4\" data-element_type=\"widget\" data-e-type=\"widget\" data-settings=\"{&quot;_position&quot;:&quot;absolute&quot;}\" data-widget_type=\"text-editor.default\">\n\t\t\t\t<div class=\"elementor-widget-container\">\n\t\t\t\t\t\t\t\t\t<ul><li>Approfondir les notions de flux RSS, de r\u00e9troliens, de mod\u00e9ration des commentaires, des permaliens, des slugs d\u2019articles, des blogs par email, \u2026<\/li><\/ul>\t\t\t\t\t\t\t\t<\/div>\n\t\t\t\t<\/div>\n\t\t\t\t\t<\/div>\n\t\t<\/div>\n\t\t\t\t\t<\/div>\n\t\t<\/section>\n\t\t\t\t<\/div>\n\t\t","protected":false},"excerpt":{"rendered":"<p>WordPress est un outil de blogging avanc\u00e9\u00a0qui facilite la mise en ligne des articles que vous cr\u00e9ez. Vous vous concentrez&hellip;<\/p>\n","protected":false},"author":449,"featured_media":0,"parent":347,"menu_order":1,"comment_status":"closed","ping_status":"closed","template":"","meta":{"footnotes":""},"class_list":["post-495","page","type-page","status-publish","hentry"],"_links":{"self":[{"href":"https:\/\/fnrce.fr\/limo\/wp-json\/wp\/v2\/pages\/495","targetHints":{"allow":["GET"]}}],"collection":[{"href":"https:\/\/fnrce.fr\/limo\/wp-json\/wp\/v2\/pages"}],"about":[{"href":"https:\/\/fnrce.fr\/limo\/wp-json\/wp\/v2\/types\/page"}],"author":[{"embeddable":true,"href":"https:\/\/fnrce.fr\/limo\/wp-json\/wp\/v2\/users\/449"}],"replies":[{"embeddable":true,"href":"https:\/\/fnrce.fr\/limo\/wp-json\/wp\/v2\/comments?post=495"}],"version-history":[{"count":0,"href":"https:\/\/fnrce.fr\/limo\/wp-json\/wp\/v2\/pages\/495\/revisions"}],"up":[{"embeddable":true,"href":"https:\/\/fnrce.fr\/limo\/wp-json\/wp\/v2\/pages\/347"}],"wp:attachment":[{"href":"https:\/\/fnrce.fr\/limo\/wp-json\/wp\/v2\/media?parent=495"}],"curies":[{"name":"wp","href":"https:\/\/api.w.org\/{rel}","templated":true}]}}