{"id":347,"date":"2022-02-26T12:42:07","date_gmt":"2022-02-26T11:42:07","guid":{"rendered":"https:\/\/fnrce.fr\/limo\/?page_id=347"},"modified":"2022-03-05T23:23:25","modified_gmt":"2022-03-05T22:23:25","slug":"manuel-de-lediteur","status":"publish","type":"page","link":"https:\/\/fnrce.fr\/limo\/manuel-de-lediteur","title":{"rendered":"Manuel de l&rsquo;\u00e9diteur"},"content":{"rendered":"\t\t<div data-elementor-type=\"wp-page\" data-elementor-id=\"347\" class=\"elementor elementor-347\">\n\t\t\t\t\t\t<section class=\"elementor-section elementor-top-section elementor-element elementor-element-a3fe678 elementor-section-boxed elementor-section-height-default elementor-section-height-default\" data-id=\"a3fe678\" data-element_type=\"section\" data-e-type=\"section\">\n\t\t\t\t\t\t<div class=\"elementor-container elementor-column-gap-default\">\n\t\t\t\t\t<div class=\"elementor-column elementor-col-100 elementor-top-column elementor-element elementor-element-c60d4b3\" data-id=\"c60d4b3\" data-element_type=\"column\" data-e-type=\"column\">\n\t\t\t<div class=\"elementor-widget-wrap\">\n\t\t\t\t\t\t\t<\/div>\n\t\t<\/div>\n\t\t\t\t\t<\/div>\n\t\t<\/section>\n\t\t\t\t<section class=\"elementor-section elementor-top-section elementor-element elementor-element-d594cbf elementor-section-boxed elementor-section-height-default elementor-section-height-default\" data-id=\"d594cbf\" data-element_type=\"section\" data-e-type=\"section\">\n\t\t\t\t\t\t<div class=\"elementor-container elementor-column-gap-default\">\n\t\t\t\t\t<div class=\"elementor-column elementor-col-100 elementor-top-column elementor-element elementor-element-0ee8c52\" data-id=\"0ee8c52\" data-element_type=\"column\" data-e-type=\"column\">\n\t\t\t<div class=\"elementor-widget-wrap elementor-element-populated\">\n\t\t\t\t\t\t<div class=\"elementor-element elementor-element-04c413b elementor-widget elementor-widget-text-editor\" data-id=\"04c413b\" data-element_type=\"widget\" data-e-type=\"widget\" data-widget_type=\"text-editor.default\">\n\t\t\t\t<div class=\"elementor-widget-container\">\n\t\t\t\t\t\t\t\t\t<p>Dans WordPress, l\u2019\u00e9diteur correspond \u00e0 un r\u00f4le (habilitation) qui donne le droit de<span style=\"text-decoration: underline\"> modifier le contenu du site<\/span>.<\/p><p>Toutes les actions possibles sont accessibles via le <span style=\"text-decoration: underline\">Tableau de bord<\/span>.<\/p><p>Ci-dessous une synth\u00e8se des principales actions.<\/p>\t\t\t\t\t\t\t\t<\/div>\n\t\t\t\t<\/div>\n\t\t\t\t\t<\/div>\n\t\t<\/div>\n\t\t\t\t\t<\/div>\n\t\t<\/section>\n\t\t\t\t<section class=\"elementor-section elementor-top-section elementor-element elementor-element-0a1760a elementor-section-boxed elementor-section-height-default elementor-section-height-default\" data-id=\"0a1760a\" data-element_type=\"section\" data-e-type=\"section\">\n\t\t\t\t\t\t<div class=\"elementor-container elementor-column-gap-default\">\n\t\t\t\t\t<div class=\"elementor-column elementor-col-100 elementor-top-column elementor-element elementor-element-8dd59aa\" data-id=\"8dd59aa\" data-element_type=\"column\" data-e-type=\"column\">\n\t\t\t<div class=\"elementor-widget-wrap elementor-element-populated\">\n\t\t\t\t\t\t<div class=\"elementor-element elementor-element-95ce122 elementor-widget elementor-widget-image\" data-id=\"95ce122\" data-element_type=\"widget\" data-e-type=\"widget\" data-widget_type=\"image.default\">\n\t\t\t\t<div class=\"elementor-widget-container\">\n\t\t\t\t\t\t\t\t\t\t\t\t\t\t\t\t<a href=\"https:\/\/fnrce.fr\/limo\/wp-content\/uploads\/sites\/7\/2022\/02\/Edit_01-Tableau-de-bord.jpg\" data-elementor-open-lightbox=\"yes\" data-elementor-lightbox-title=\"Edit_01 Tableau de bord\" data-e-action-hash=\"#elementor-action%3Aaction%3Dlightbox%26settings%3DeyJpZCI6IjM1MyIsInVybCI6Imh0dHBzOlwvXC9mbnJjZS5mclwvbGltb1wvd3AtY29udGVudFwvdXBsb2Fkc1wvc2l0ZXNcLzdcLzIwMjJcLzAyXC9FZGl0XzAxLVRhYmxlYXUtZGUtYm9yZC5qcGcifQ%3D%3D\">\n\t\t\t\t\t\t\t<img fetchpriority=\"high\" decoding=\"async\" width=\"1024\" height=\"810\" src=\"https:\/\/fnrce.fr\/limo\/wp-content\/uploads\/sites\/7\/2022\/02\/Edit_01-Tableau-de-bord-1024x810.jpg\" class=\"attachment-large size-large wp-image-353\" alt=\"\" srcset=\"https:\/\/fnrce.fr\/limo\/wp-content\/uploads\/sites\/7\/2022\/02\/Edit_01-Tableau-de-bord-1024x810.jpg 1024w, https:\/\/fnrce.fr\/limo\/wp-content\/uploads\/sites\/7\/2022\/02\/Edit_01-Tableau-de-bord-300x237.jpg 300w, https:\/\/fnrce.fr\/limo\/wp-content\/uploads\/sites\/7\/2022\/02\/Edit_01-Tableau-de-bord-768x607.jpg 768w, https:\/\/fnrce.fr\/limo\/wp-content\/uploads\/sites\/7\/2022\/02\/Edit_01-Tableau-de-bord.jpg 1447w\" sizes=\"(max-width: 1024px) 100vw, 1024px\" \/>\t\t\t\t\t\t\t\t<\/a>\n\t\t\t\t\t\t\t\t\t\t\t\t\t\t\t<\/div>\n\t\t\t\t<\/div>\n\t\t\t\t\t<\/div>\n\t\t<\/div>\n\t\t\t\t\t<\/div>\n\t\t<\/section>\n\t\t\t\t<section class=\"elementor-section elementor-top-section elementor-element elementor-element-5d6995a elementor-section-boxed elementor-section-height-default elementor-section-height-default\" data-id=\"5d6995a\" data-element_type=\"section\" data-e-type=\"section\">\n\t\t\t\t\t\t<div class=\"elementor-container elementor-column-gap-default\">\n\t\t\t\t\t<div class=\"elementor-column elementor-col-100 elementor-top-column elementor-element elementor-element-7caab8b\" data-id=\"7caab8b\" data-element_type=\"column\" data-e-type=\"column\">\n\t\t\t<div class=\"elementor-widget-wrap elementor-element-populated\">\n\t\t\t\t\t\t<div class=\"elementor-element elementor-element-8a44864 elementor-widget elementor-widget-spacer\" data-id=\"8a44864\" data-element_type=\"widget\" data-e-type=\"widget\" data-widget_type=\"spacer.default\">\n\t\t\t\t<div class=\"elementor-widget-container\">\n\t\t\t\t\t\t\t<div class=\"elementor-spacer\">\n\t\t\t<div class=\"elementor-spacer-inner\"><\/div>\n\t\t<\/div>\n\t\t\t\t\t\t<\/div>\n\t\t\t\t<\/div>\n\t\t\t\t<div class=\"elementor-element elementor-element-1cfa854 elementor-widget-divider--separator-type-pattern elementor-widget-divider--no-spacing elementor-widget-divider--view-line elementor-widget elementor-widget-divider\" data-id=\"1cfa854\" data-element_type=\"widget\" data-e-type=\"widget\" data-widget_type=\"divider.default\">\n\t\t\t\t<div class=\"elementor-widget-container\">\n\t\t\t\t\t\t\t<div class=\"elementor-divider\" style=\"--divider-pattern-url: url(&quot;data:image\/svg+xml,%3Csvg xmlns=&#039;http:\/\/www.w3.org\/2000\/svg&#039; preserveAspectRatio=&#039;xMidYMid meet&#039; overflow=&#039;visible&#039; height=&#039;100%&#039; viewBox=&#039;0 0 121 26&#039; fill=&#039;black&#039; stroke=&#039;none&#039;%3E%3Cpath d=&#039;M29.6,10.3l2.1,2.2l-3.6,3.3h7v2.9h-7l3.6,3.5l-2.1,1.7l-5.2-5.2h-5.8v-2.9h5.8L29.6,10.3z M70.9,9.6l2.1,1.7l-3.6,3.5h7v2.9h-7l3.6,3.3l-2.1,2.2l-5.2-5.5h-5.8v-2.9h5.8L70.9,9.6z M111.5,9.6l2.1,1.7l-3.6,3.5h7v2.9h-7l3.6,3.3l-2.1,2.2l-5.2-5.5h-5.8v-2.9h5.8L111.5,9.6z M50.2,2.7l2.1,1.7l-3.6,3.5h7v2.9h-7l3.6,3.3l-2.1,2.2L45,10.7h-5.8V7.9H45L50.2,2.7z M11,2l2.1,1.7L9.6,7.2h7V10h-7l3.6,3.3L11,15.5L5.8,10H0V7.2h5.8L11,2z M91.5,2l2.1,2.2l-3.6,3.3h7v2.9h-7l3.6,3.5l-2.1,1.7l-5.2-5.2h-5.8V7.5h5.8L91.5,2z&#039;\/%3E%3C\/svg%3E&quot;);\">\n\t\t\t<span class=\"elementor-divider-separator\">\n\t\t\t\t\t\t<\/span>\n\t\t<\/div>\n\t\t\t\t\t\t<\/div>\n\t\t\t\t<\/div>\n\t\t\t\t\t<\/div>\n\t\t<\/div>\n\t\t\t\t\t<\/div>\n\t\t<\/section>\n\t\t\t\t<section class=\"elementor-section elementor-top-section elementor-element elementor-element-6b0107b elementor-section-boxed elementor-section-height-default elementor-section-height-default\" data-id=\"6b0107b\" data-element_type=\"section\" data-e-type=\"section\">\n\t\t\t\t\t\t<div class=\"elementor-container elementor-column-gap-default\">\n\t\t\t\t\t<div class=\"elementor-column elementor-col-100 elementor-top-column elementor-element elementor-element-fbc2672\" data-id=\"fbc2672\" data-element_type=\"column\" data-e-type=\"column\">\n\t\t\t<div class=\"elementor-widget-wrap elementor-element-populated\">\n\t\t\t\t\t\t<div class=\"elementor-element elementor-element-23587f6 elementor-widget elementor-widget-text-editor\" data-id=\"23587f6\" data-element_type=\"widget\" data-e-type=\"widget\" data-widget_type=\"text-editor.default\">\n\t\t\t\t<div class=\"elementor-widget-container\">\n\t\t\t\t\t\t\t\t\t<p><span style=\"color: #000000\">Pour un compl\u00e9ment de documentation :<\/span><\/p>\t\t\t\t\t\t\t\t<\/div>\n\t\t\t\t<\/div>\n\t\t\t\t\t<\/div>\n\t\t<\/div>\n\t\t\t\t\t<\/div>\n\t\t<\/section>\n\t\t\t\t<section class=\"elementor-section elementor-top-section elementor-element elementor-element-8d5464a elementor-section-boxed elementor-section-height-default elementor-section-height-default\" data-id=\"8d5464a\" data-element_type=\"section\" data-e-type=\"section\">\n\t\t\t\t\t\t<div class=\"elementor-container elementor-column-gap-default\">\n\t\t\t\t\t<div class=\"elementor-column elementor-col-100 elementor-top-column elementor-element elementor-element-2e9553f\" data-id=\"2e9553f\" data-element_type=\"column\" data-e-type=\"column\" data-settings=\"{&quot;background_background&quot;:&quot;classic&quot;}\">\n\t\t\t<div class=\"elementor-widget-wrap elementor-element-populated\">\n\t\t\t\t\t\t<section class=\"elementor-section elementor-inner-section elementor-element elementor-element-463ba5c elementor-section-boxed elementor-section-height-default elementor-section-height-default\" data-id=\"463ba5c\" data-element_type=\"section\" data-e-type=\"section\">\n\t\t\t\t\t\t<div class=\"elementor-container elementor-column-gap-default\">\n\t\t\t\t\t<div class=\"elementor-column elementor-col-50 elementor-inner-column elementor-element elementor-element-b88665a\" data-id=\"b88665a\" data-element_type=\"column\" data-e-type=\"column\">\n\t\t\t<div class=\"elementor-widget-wrap elementor-element-populated\">\n\t\t\t\t\t\t<div class=\"elementor-element elementor-element-dc3f98e elementor-widget elementor-widget-text-editor\" data-id=\"dc3f98e\" data-element_type=\"widget\" data-e-type=\"widget\" data-widget_type=\"text-editor.default\">\n\t\t\t\t<div class=\"elementor-widget-container\">\n\t\t\t\t\t\t\t\t\t<p>Pr\u00e9sentation de WordPress <span style=\"color: #993366\"><a style=\"color: #993366\" href=\"https:\/\/fnrce.fr\/limo\/documentation\/manuel-de-lediteur\/presentation-de-wordpress\/\" target=\"_blank\" rel=\"noopener\">(Voir &#8230;)<\/a><\/span><\/p><p>Cr\u00e9er \/ Modifier \/ Supprimer un article <span style=\"color: #993366\"><a style=\"color: #993366\" href=\"https:\/\/fnrce.fr\/limo\/documentation\/manuel-de-lediteur\/manipuler-les-articles\" target=\"_blank\" rel=\"noopener\">(Voir &#8230;)<\/a><\/span><\/p>\t\t\t\t\t\t\t\t<\/div>\n\t\t\t\t<\/div>\n\t\t\t\t\t<\/div>\n\t\t<\/div>\n\t\t\t\t<div class=\"elementor-column elementor-col-50 elementor-inner-column elementor-element elementor-element-17e251d\" data-id=\"17e251d\" data-element_type=\"column\" data-e-type=\"column\">\n\t\t\t<div class=\"elementor-widget-wrap elementor-element-populated\">\n\t\t\t\t\t\t<div class=\"elementor-element elementor-element-857c95b elementor-widget elementor-widget-text-editor\" data-id=\"857c95b\" data-element_type=\"widget\" data-e-type=\"widget\" data-widget_type=\"text-editor.default\">\n\t\t\t\t<div class=\"elementor-widget-container\">\n\t\t\t\t\t\t\t\t\t<p>Cr\u00e9er \/ Modifier \/ Supprimer une page <span style=\"color: #993366\"><a style=\"color: #993366\" href=\"https:\/\/fnrce.fr\/limo\/documentation\/manuel-de-lediteur\/manipuler-les-pages\/\" target=\"_blank\" rel=\"noopener\">(Voir &#8230;)<\/a><\/span><\/p><p>Modifier le contenu d&rsquo;un tableau <a href=\"https:\/\/fnrce.fr\/limo\/documentation\/manuel-de-lediteur\/modifier-le-contenu-dun-tableau\" target=\"_blank\" rel=\"noopener\"><span style=\"color: #993366\">(Voir &#8230;)<\/span><\/a><\/p>\t\t\t\t\t\t\t\t<\/div>\n\t\t\t\t<\/div>\n\t\t\t\t\t<\/div>\n\t\t<\/div>\n\t\t\t\t\t<\/div>\n\t\t<\/section>\n\t\t\t\t\t<\/div>\n\t\t<\/div>\n\t\t\t\t\t<\/div>\n\t\t<\/section>\n\t\t\t\t<\/div>\n\t\t","protected":false},"excerpt":{"rendered":"<p>Dans WordPress, l\u2019\u00e9diteur correspond \u00e0 un r\u00f4le (habilitation) qui donne le droit de modifier le contenu du site. Toutes les&hellip;<\/p>\n","protected":false},"author":449,"featured_media":0,"parent":0,"menu_order":1,"comment_status":"closed","ping_status":"closed","template":"","meta":{"footnotes":""},"class_list":["post-347","page","type-page","status-publish","hentry"],"_links":{"self":[{"href":"https:\/\/fnrce.fr\/limo\/wp-json\/wp\/v2\/pages\/347","targetHints":{"allow":["GET"]}}],"collection":[{"href":"https:\/\/fnrce.fr\/limo\/wp-json\/wp\/v2\/pages"}],"about":[{"href":"https:\/\/fnrce.fr\/limo\/wp-json\/wp\/v2\/types\/page"}],"author":[{"embeddable":true,"href":"https:\/\/fnrce.fr\/limo\/wp-json\/wp\/v2\/users\/449"}],"replies":[{"embeddable":true,"href":"https:\/\/fnrce.fr\/limo\/wp-json\/wp\/v2\/comments?post=347"}],"version-history":[{"count":0,"href":"https:\/\/fnrce.fr\/limo\/wp-json\/wp\/v2\/pages\/347\/revisions"}],"wp:attachment":[{"href":"https:\/\/fnrce.fr\/limo\/wp-json\/wp\/v2\/media?parent=347"}],"curies":[{"name":"wp","href":"https:\/\/api.w.org\/{rel}","templated":true}]}}