{"id":299774,"date":"2026-03-06T13:53:06","date_gmt":"2026-03-06T12:53:06","guid":{"rendered":"https:\/\/fnrce.fr\/limo\/?page_id=299774"},"modified":"2026-03-06T13:53:07","modified_gmt":"2026-03-06T12:53:07","slug":"aide-aux-proches","status":"publish","type":"page","link":"https:\/\/fnrce.fr\/limo\/aide-aux-proches","title":{"rendered":"Aide aux proches"},"content":{"rendered":"\t\t<div data-elementor-type=\"wp-page\" data-elementor-id=\"299774\" class=\"elementor elementor-299774\">\n\t\t\t\t\t\t<section class=\"elementor-section elementor-top-section elementor-element elementor-element-21ebdf9 elementor-section-boxed elementor-section-height-default elementor-section-height-default\" data-id=\"21ebdf9\" data-element_type=\"section\" data-e-type=\"section\">\n\t\t\t\t\t\t<div class=\"elementor-container elementor-column-gap-default\">\n\t\t\t\t\t<div class=\"elementor-column elementor-col-100 elementor-top-column elementor-element elementor-element-71a2de2\" data-id=\"71a2de2\" data-element_type=\"column\" data-e-type=\"column\">\n\t\t\t<div class=\"elementor-widget-wrap elementor-element-populated\">\n\t\t\t\t\t\t<div class=\"elementor-element elementor-element-7b4f03f elementor-widget elementor-widget-text-editor\" data-id=\"7b4f03f\" data-element_type=\"widget\" data-e-type=\"widget\" data-widget_type=\"text-editor.default\">\n\t\t\t\t<div class=\"elementor-widget-container\">\n\t\t\t\t\t\t\t\t\t<div class=\"elementor-element elementor-element-18ff121 elementor-widget elementor-widget-heading\" data-id=\"18ff121\" data-element_type=\"widget\" data-e-type=\"widget\" data-widget_type=\"heading.default\"><div class=\"elementor-widget-container\"><h2 class=\"elementor-heading-title elementor-size-default\"><span style=\"color: #003366;\">PR\u00c9PARER\u2026 ANTICIPER\u2026 PR\u00c9VENIR\u2026<\/span><\/h2><\/div><\/div><div class=\"elementor-element elementor-element-cf9cd8d elementor-widget elementor-widget-text-editor\" data-id=\"cf9cd8d\" data-element_type=\"widget\" data-e-type=\"widget\" data-widget_type=\"text-editor.default\"><div class=\"elementor-widget-container\"><h5><span style=\"color: #003366;\"><strong>Pr\u00e9paration en amont du d\u00e9c\u00e8s :<\/strong>\u00a0liste des informations \u00e0 partager.<\/span><\/h5><p align=\"justify\"><span style=\"color: #003366;\">Que l\u2019on soit retrait\u00e9(e)s ou actif(ve)s dans la vie professionnelle, que l\u2019on soit en bonne sant\u00e9 ou non, les pr\u00e9sentes pr\u00e9conisations ont pour objectif d\u2019\u00e9viter en cas de probl\u00e8mes, d\u2019ajouter \u00e0 une situation difficile des difficult\u00e9s compl\u00e9mentaires.<\/span><br \/><span style=\"color: #003366;\">Elles seront d\u2019autant plus utiles en cas de d\u00e9c\u00e8s.<\/span><\/p><h6><span style=\"color: #003366;\">Ce document est \u00e0 votre disposition, libre \u00e0 vous de compl\u00e9ter ou pas l\u2019ensemble des rubriques.<\/span><\/h6><\/div><\/div>\t\t\t\t\t\t\t\t<\/div>\n\t\t\t\t<\/div>\n\t\t\t\t\t<\/div>\n\t\t<\/div>\n\t\t\t\t\t<\/div>\n\t\t<\/section>\n\t\t\t\t<section class=\"elementor-section elementor-top-section elementor-element elementor-element-64d58bf elementor-section-boxed elementor-section-height-default elementor-section-height-default\" data-id=\"64d58bf\" data-element_type=\"section\" data-e-type=\"section\">\n\t\t\t\t\t\t<div class=\"elementor-container elementor-column-gap-default\">\n\t\t\t\t\t<div class=\"elementor-column elementor-col-50 elementor-top-column elementor-element elementor-element-aabeb0f\" data-id=\"aabeb0f\" data-element_type=\"column\" data-e-type=\"column\">\n\t\t\t<div class=\"elementor-widget-wrap elementor-element-populated\">\n\t\t\t\t\t\t<div class=\"elementor-element elementor-element-329b063 elementor-widget elementor-widget-heading\" data-id=\"329b063\" data-element_type=\"widget\" data-e-type=\"widget\" data-widget_type=\"heading.default\">\n\t\t\t\t<div class=\"elementor-widget-container\">\n\t\t\t\t\t<h2 class=\"elementor-heading-title elementor-size-default\">Liste des correspondants R\u00e9gions<\/h2>\t\t\t\t<\/div>\n\t\t\t\t<\/div>\n\t\t\t\t\t<\/div>\n\t\t<\/div>\n\t\t\t\t<div class=\"elementor-column elementor-col-50 elementor-top-column elementor-element elementor-element-19d5829\" data-id=\"19d5829\" data-element_type=\"column\" data-e-type=\"column\">\n\t\t\t<div class=\"elementor-widget-wrap elementor-element-populated\">\n\t\t\t\t\t\t<div class=\"elementor-element elementor-element-8c7e7b6 elementor-widget elementor-widget-heading\" data-id=\"8c7e7b6\" data-element_type=\"widget\" data-e-type=\"widget\" data-widget_type=\"heading.default\">\n\t\t\t\t<div class=\"elementor-widget-container\">\n\t\t\t\t\t<h2 class=\"elementor-heading-title elementor-size-default\">QUESTIONNAIRE P.A.P<\/h2>\t\t\t\t<\/div>\n\t\t\t\t<\/div>\n\t\t\t\t\t<\/div>\n\t\t<\/div>\n\t\t\t\t\t<\/div>\n\t\t<\/section>\n\t\t\t\t<section class=\"elementor-section elementor-top-section elementor-element elementor-element-4091145 elementor-section-boxed elementor-section-height-default elementor-section-height-default\" data-id=\"4091145\" data-element_type=\"section\" data-e-type=\"section\">\n\t\t\t\t\t\t<div class=\"elementor-container elementor-column-gap-default\">\n\t\t\t\t\t<div class=\"elementor-column elementor-col-50 elementor-top-column elementor-element elementor-element-2a92f88\" data-id=\"2a92f88\" data-element_type=\"column\" data-e-type=\"column\">\n\t\t\t<div class=\"elementor-widget-wrap elementor-element-populated\">\n\t\t\t\t\t\t<div class=\"elementor-element elementor-element-c790923 elementor-widget elementor-widget-text-editor\" data-id=\"c790923\" data-element_type=\"widget\" data-e-type=\"widget\" data-widget_type=\"text-editor.default\">\n\t\t\t\t<div class=\"elementor-widget-container\">\n\t\t\t\t\t\t\t\t\t<p align=\"justify\"><span style=\"color: #003366;\"><strong>Nous mettons \u00e0 votre disposition des adh\u00e9rents volontaires pour vous accompagner dans les d\u00e9marches qui s\u2019av\u00e8rent n\u00e9cessaires lors de la survenance du d\u00e9c\u00e8s d\u2019un proche. Toutes ces personnes ont b\u00e9n\u00e9fici\u00e9es d\u2019une formation dispens\u00e9e par le personnel ad\u00e9quate de la Caisse G\u00e9n\u00e9rale de Pr\u00e9voyance (C.G.P) et de votre mutuelle (BPCE-Mutuelle). Ils sont l\u00e0 pour vous conseiller mais en aucun cas feront les choses \u00e0 votre place, notre prestation s\u2019arr\u00eate au conseil.<\/strong><\/span><\/p><p style=\"text-align: center;\" align=\"justify\"><strong style=\"color: #800000; text-align: center;\">ACCES A LA LISTE CI-DESSOUS\u00a0<\/strong><\/p><p style=\"text-align: center;\"><span style=\"color: #800000;\"><strong>\u00a0<\/strong><\/span><\/p>\t\t\t\t\t\t\t\t<\/div>\n\t\t\t\t<\/div>\n\t\t\t\t\t<\/div>\n\t\t<\/div>\n\t\t\t\t<div class=\"elementor-column elementor-col-50 elementor-top-column elementor-element elementor-element-198643a\" data-id=\"198643a\" data-element_type=\"column\" data-e-type=\"column\">\n\t\t\t<div class=\"elementor-widget-wrap elementor-element-populated\">\n\t\t\t\t\t\t<div class=\"elementor-element elementor-element-d357fe4 elementor-widget elementor-widget-image\" data-id=\"d357fe4\" data-element_type=\"widget\" data-e-type=\"widget\" data-widget_type=\"image.default\">\n\t\t\t\t<div class=\"elementor-widget-container\">\n\t\t\t\t\t\t\t\t\t\t\t\t\t\t\t\t<a href=\"https:\/\/fnrce.fr\/limo\/wp-content\/uploads\/sites\/7\/2026\/03\/Edep_QuestionnaireIR115_FNRCE_3volets_A4_V3_WEB-1.pdf\">\n\t\t\t\t\t\t\t<img fetchpriority=\"high\" decoding=\"async\" width=\"261\" height=\"300\" src=\"https:\/\/fnrce.fr\/limo\/wp-content\/uploads\/sites\/7\/2026\/03\/PAP2024-261x300.png\" class=\"attachment-medium size-medium wp-image-299845\" alt=\"\" srcset=\"https:\/\/fnrce.fr\/limo\/wp-content\/uploads\/sites\/7\/2026\/03\/PAP2024-261x300.png 261w, https:\/\/fnrce.fr\/limo\/wp-content\/uploads\/sites\/7\/2026\/03\/PAP2024.png 615w\" sizes=\"(max-width: 261px) 100vw, 261px\" \/>\t\t\t\t\t\t\t\t<\/a>\n\t\t\t\t\t\t\t\t\t\t\t\t\t\t\t<\/div>\n\t\t\t\t<\/div>\n\t\t\t\t\t<\/div>\n\t\t<\/div>\n\t\t\t\t\t<\/div>\n\t\t<\/section>\n\t\t\t\t<section class=\"elementor-section elementor-top-section elementor-element elementor-element-c8fb60f elementor-section-boxed elementor-section-height-default elementor-section-height-default\" data-id=\"c8fb60f\" data-element_type=\"section\" data-e-type=\"section\">\n\t\t\t\t\t\t<div class=\"elementor-container elementor-column-gap-default\">\n\t\t\t\t\t<div class=\"elementor-column elementor-col-100 elementor-top-column elementor-element elementor-element-47027e7\" data-id=\"47027e7\" data-element_type=\"column\" data-e-type=\"column\">\n\t\t\t<div class=\"elementor-widget-wrap elementor-element-populated\">\n\t\t\t\t\t\t<div class=\"elementor-element elementor-element-748802e elementor-widget elementor-widget-text-editor\" data-id=\"748802e\" data-element_type=\"widget\" data-e-type=\"widget\" data-widget_type=\"text-editor.default\">\n\t\t\t\t<div class=\"elementor-widget-container\">\n\t\t\t\t\t\t\t\t\t<p><span style=\"color: #003366;\"><strong>LISTE DES CORRESPONDANTS \u00ab PROTECTION ET AIDE DES PROCHES \u00bb JUILLET 2024<\/strong><\/span><\/p><p>\n<table id=\"tablepress-8\" class=\"tablepress tablepress-id-8\">\n<thead>\n<tr class=\"row-1\">\n\t<th class=\"column-1\"><strong><font color=\"darkblue\">Nom section<\/strong><\/th><th class=\"column-2\"><strong><font color=\"darkblue\">Nom pr\u00e9nom correspondant<\/strong><\/th><th class=\"column-3\"><strong><font color=\"darkblue\">Mail @<\/strong><\/th><th class=\"column-4\"><strong><font color=\"darkblue\">N\u00b0 Tel Portable<\/strong><\/th>\n<\/tr>\n<\/thead>\n<tbody class=\"row-striping row-hover\">\n<tr class=\"row-2\">\n\t<td class=\"column-1\"><strong>ALSACE<\/strong><\/td><td class=\"column-2\">KOPP Agn\u00e8s<\/td><td class=\"column-3\"><a href=\"mailto:agneskp67@gmail.com\">agneskp67@gmail.com<\/a><\/td><td class=\"column-4\">06.83.44.87.34<\/td>\n<\/tr>\n<tr class=\"row-3\">\n\t<td class=\"column-1\"><strong><\/strong><\/td><td class=\"column-2\">FISCH Andr\u00e9<\/td><td class=\"column-3\"><a href=\"mailto:andre.fisch@wanadoo.fr\">andre.fisch@wanadoo.fr<\/a><\/td><td class=\"column-4\">06.33.90.99.71<\/td>\n<\/tr>\n<tr class=\"row-4\">\n\t<td class=\"column-1\"><strong><\/strong><\/td><td class=\"column-2\">FASSEL\u00a0Ang\u00e8le <\/td><td class=\"column-3\"><a href=\"mailto:angfassel@gmail.com\">angfassel@gmail.com<\/a><\/td><td class=\"column-4\">06 71 40 68 69<\/td>\n<\/tr>\n<tr class=\"row-5\">\n\t<td class=\"column-1\"><strong>AQUITAINE<\/strong><\/td><td class=\"column-2\">DARRIET Marc<\/td><td class=\"column-3\"><a href=\"mailto:marc.darriet@free.fr\">marc.darriet@free.fr<\/a><\/td><td class=\"column-4\">06.46.49.71.31<\/td>\n<\/tr>\n<tr class=\"row-6\">\n\t<td class=\"column-1\"><strong>AUVERGNE<\/strong><\/td><td class=\"column-2\">BRIANCON Patrick<\/td><td class=\"column-3\"><a href=\"mailto:patbriancon@outlook.fr\">patbriancon@outlook.fr<\/a><\/td><td class=\"column-4\">07 77 90 67 09<\/td>\n<\/tr>\n<tr class=\"row-7\">\n\t<td class=\"column-1\"><strong><\/strong><\/td><td class=\"column-2\">SELAQUET G\u00e9rard<\/td><td class=\"column-3\"><a href=\"mailto:g.selaquet@free.fr\">g.selaquet@free.fr<\/a><\/td><td class=\"column-4\">06 30 44 11 01<\/td>\n<\/tr>\n<tr class=\"row-8\">\n\t<td class=\"column-1\"><strong>BOURGOGNE &#8211; FRANCHE-COMTE<\/strong><\/td><td class=\"column-2\">MAUFFREY Michel<\/td><td class=\"column-3\"><a href=\"mailto:michelmauffrey1@gmail.com\">michelmauffrey1@gmail.com<\/a><\/td><td class=\"column-4\">07 67 00 47 01<\/td>\n<\/tr>\n<tr class=\"row-9\">\n\t<td class=\"column-1\"><strong><\/strong><\/td><td class=\"column-2\">PERRIER Serge<\/td><td class=\"column-3\"><a href=\"mailto:sperrier@orange.fr\">sperrier@orange.fr<\/a><\/td><td class=\"column-4\">06 12 23 11 36<\/td>\n<\/tr>\n<tr class=\"row-10\">\n\t<td class=\"column-1\"><strong>BRETAGNE \/ PDL<\/strong><\/td><td class=\"column-2\">PAGER Michel<\/td><td class=\"column-3\"><a href=\"mailto:michelpager@hotmail.com\">michelpager@hotmail.com<\/a><\/td><td class=\"column-4\">06 50 87 79 10<\/td>\n<\/tr>\n<tr class=\"row-11\">\n\t<td class=\"column-1\"><strong><\/strong><\/td><td class=\"column-2\">HERNOT Michel<\/td><td class=\"column-3\"><a href=\"mailto:michel.hernot@orange.fr\">michelhernot@orange.fr<\/a><\/td><td class=\"column-4\">06.02.24.97.78<\/td>\n<\/tr>\n<tr class=\"row-12\">\n\t<td class=\"column-1\"><strong>CENTRE <\/strong><\/td><td class=\"column-2\">MONTUENGA\u00a0Francoise<\/td><td class=\"column-3\"><a href=\"mailto:francoisemontuenga@gmail.com\">francoisemontuenga@gmail.com<\/a><\/td><td class=\"column-4\">06.81.02.54.43<\/td>\n<\/tr>\n<tr class=\"row-13\">\n\t<td class=\"column-1\"><strong><\/strong><\/td><td class=\"column-2\">PAGEAULT\u00a0Michel<\/td><td class=\"column-3\"><a href=\"mailto:Michel.pageault37@orange.fr\">Michel.pageault37@orange.fr<\/a><\/td><td class=\"column-4\">06.15.89.49.30<\/td>\n<\/tr>\n<tr class=\"row-14\">\n\t<td class=\"column-1\"><strong>CHAMPAGNE \u2013 ARDENNE<\/strong><\/td><td class=\"column-2\">ORBAN Agn\u00e8s<\/td><td class=\"column-3\"><a href=\"mailto:orban.agnes@orange.fr\">orban.agnes@orange.fr<\/a><\/td><td class=\"column-4\">06.64.19.25.41<\/td>\n<\/tr>\n<tr class=\"row-15\">\n\t<td class=\"column-1\"><strong><\/strong><\/td><td class=\"column-2\">HEU Jean-Paul<\/td><td class=\"column-3\"><a href=\"mailto:jpheu51@gmail.com\">jpheu51@gmail.com<\/a><\/td><td class=\"column-4\">06.12.73.41.26<\/td>\n<\/tr>\n<tr class=\"row-16\">\n\t<td class=\"column-1\"><strong>ILE-DE-FRANCE<\/strong><\/td><td class=\"column-2\">GAUTHIER    Jacques<\/td><td class=\"column-3\"><a href=\"mailto:jggo@orange.fr\">jggo@orange.fr<\/a><\/td><td class=\"column-4\">06 49 93 74 72<\/td>\n<\/tr>\n<tr class=\"row-17\">\n\t<td class=\"column-1\"><strong><\/strong><\/td><td class=\"column-2\">POISSONNET-GOIX   Janine<\/td><td class=\"column-3\"><a href=\"mailto:jpoissonnetgoix@gmail.com\">jpoissonnetgoix@gmail.com<\/a><\/td><td class=\"column-4\">06 37 17 23 24<\/td>\n<\/tr>\n<tr class=\"row-18\">\n\t<td class=\"column-1\"><strong><\/strong><\/td><td class=\"column-2\">BLUMENFELD Michel<\/td><td class=\"column-3\"><a href=\"mailto:blumenfeld.mic@hotmail.com\">blumenfeld.mic@hotmail.com<\/a><\/td><td class=\"column-4\">06.08.05.77.88<\/td>\n<\/tr>\n<tr class=\"row-19\">\n\t<td class=\"column-1\"><strong>LANGUEDOC \u2013 ROUSSILLON<\/strong><\/td><td class=\"column-2\">BOUTAVIN Daniel<\/td><td class=\"column-3\"><a href=\"mailto:danielou48@gmail.com\">danielou48@gmail.com<\/a><\/td><td class=\"column-4\">06.95.00.56.00<\/td>\n<\/tr>\n<tr class=\"row-20\">\n\t<td class=\"column-1\"><strong><\/strong><\/td><td class=\"column-2\">GOUNELLE Jean-Louis<\/td><td class=\"column-3\"><a href=\"mailto:gounelle.gestion@laposte.net\">gounelle.gestion@laposte.net<\/a><\/td><td class=\"column-4\">06.14.18.68.48<\/td>\n<\/tr>\n<tr class=\"row-21\">\n\t<td class=\"column-1\"><strong>LIMOUSIN<\/strong><\/td><td class=\"column-2\">BESSOULE Nicole<\/td><td class=\"column-3\"><a href=\"mailto:nicole.bessoule@cegetel.net\">nicole.bessoule@cegetel.net<\/a><\/td><td class=\"column-4\">06.20.79.56.44<\/td>\n<\/tr>\n<tr class=\"row-22\">\n\t<td class=\"column-1\"><strong><\/strong><\/td><td class=\"column-2\">BILLOT Huguette<\/td><td class=\"column-3\"><a href=\"mailto:huguette.billot@wanadoo.fr\">huguette.billot@wanadoo.fr<\/a><\/td><td class=\"column-4\">06.70.30.00.14<\/td>\n<\/tr>\n<tr class=\"row-23\">\n\t<td class=\"column-1\"><strong>LORRAINE<\/strong><\/td><td class=\"column-2\">APPERT-RAULLIN Chantal<\/td><td class=\"column-3\"><a href=\"mailto:appertch57@gmail.com\">appertch57@gmail.com<\/a><\/td><td class=\"column-4\">06 76 53 33 37<\/td>\n<\/tr>\n<tr class=\"row-24\">\n\t<td class=\"column-1\"><strong><\/strong><\/td><td class=\"column-2\">RAGOT Gilles<\/td><td class=\"column-3\"><a href=\"mailto:gilles.ragot@orange.fr\">gilles.ragot@orange.fr<\/a><\/td><td class=\"column-4\">06 11 78 33 38<\/td>\n<\/tr>\n<tr class=\"row-25\">\n\t<td class=\"column-1\"><strong><\/strong><\/td><td class=\"column-2\">VAXELAIRE Christian\u00a0<\/td><td class=\"column-3\"><a href=\"mailto:vaxelaire45@gmail.com\">vaxelaire45@gmail.com<\/a><\/td><td class=\"column-4\">06.87.74.24.83<\/td>\n<\/tr>\n<tr class=\"row-26\">\n\t<td class=\"column-1\"><strong><\/strong><\/td><td class=\"column-2\">VANNESSON Francine\u00a0<\/td><td class=\"column-3\"><a href=\"mailto:zoun25037@gmail.com\">zoun25037@gmail.com<\/a><\/td><td class=\"column-4\">06.88.48.73.82<\/td>\n<\/tr>\n<tr class=\"row-27\">\n\t<td class=\"column-1\"><strong>MIDI \u2013 PYR\u00c9N\u00c9ES<\/strong><\/td><td class=\"column-2\">FABRIES V\u00e9ronique<\/td><td class=\"column-3\"><a href=\"mailto:vero.fabries81@gmail.com\">vero.fabries81@gmail.com<\/a><\/td><td class=\"column-4\">06 63 68 43 20<\/td>\n<\/tr>\n<tr class=\"row-28\">\n\t<td class=\"column-1\"><strong><\/strong><\/td><td class=\"column-2\">SCHAUB Jacqueline<\/td><td class=\"column-3\"><a href=\"mailto:schaub.m@wanadoo.fr\">schaub.m@wanadoo.fr<\/a><\/td><td class=\"column-4\">06.80.04.66.69<\/td>\n<\/tr>\n<tr class=\"row-29\">\n\t<td class=\"column-1\"><strong><\/strong><\/td><td class=\"column-2\">VILLENEUVE Viviane<\/td><td class=\"column-3\"><a href=\"mailto:viviane.villeneuve@yahoo.fr\">viviane.villeneuve@yahoo.fr<\/a><\/td><td class=\"column-4\">06.66.37.72.54<\/td>\n<\/tr>\n<tr class=\"row-30\">\n\t<td class=\"column-1\"><strong>HAUTS-DE-France<\/strong><\/td><td class=\"column-2\">LEROY Guy<\/td><td class=\"column-3\"><a href=\"mailto:guyetvero@free.fr\">guyetvero@free.fr<\/a><\/td><td class=\"column-4\">06 22 45 71 10<\/td>\n<\/tr>\n<tr class=\"row-31\">\n\t<td class=\"column-1\"><strong><\/strong><\/td><td class=\"column-2\">BULTEL YVON<\/td><td class=\"column-3\"><a href=\"mailto:ybultel@wanadoo.fr\">ybultel@wanadoo.fr<\/a><\/td><td class=\"column-4\">06 18 56 20 57<\/td>\n<\/tr>\n<tr class=\"row-32\">\n\t<td class=\"column-1\"><strong>NORMANDIE<\/strong><\/td><td class=\"column-2\">CORMIER Ginette<\/td><td class=\"column-3\"><a href=\"mailto:gincormier@orange.fr\">gincormier@orange.fr<\/a><\/td><td class=\"column-4\">06 86 02 01 60 <\/td>\n<\/tr>\n<tr class=\"row-33\">\n\t<td class=\"column-1\"><strong><\/strong><\/td><td class=\"column-2\">GAUTi\u00e9 Daniel<\/td><td class=\"column-3\"><a href=\"mailto:daniel.gautie@orange.fr\">daniel.gautie@orange.fr<\/a><\/td><td class=\"column-4\">06 03 70 69 15<\/td>\n<\/tr>\n<tr class=\"row-34\">\n\t<td class=\"column-1\"><strong>POITOU \u2013 CHARENTES<\/strong><\/td><td class=\"column-2\">PAULIAT Philippe<\/td><td class=\"column-3\"><a href=\"mailto:philippe.pauliat@wanadoo.fr\">philippe.pauliat@wanadoo.fr<\/a><\/td><td class=\"column-4\">06 35 16 46 74<\/td>\n<\/tr>\n<tr class=\"row-35\">\n\t<td class=\"column-1\"><span style=\"color:#FF0000;\"><strong><\/strong><\/span><\/td><td class=\"column-2\">JAVELOT R\u00e9my<\/td><td class=\"column-3\"><a href=\"mailto:remy.javelot@free.fr\">remy.javelot@free.fr<\/a><\/td><td class=\"column-4\">06 64 91 54 33.<\/td>\n<\/tr>\n<tr class=\"row-36\">\n\t<td class=\"column-1\"><strong>P.A.C.A. \u2013 CORSE<\/strong><\/td><td class=\"column-2\">GAXOTTE Alain<\/td><td class=\"column-3\"><a href=\"mailto:alain.gaxotte@gmail.com\">alain.gaxotte@gmail.com<\/a><\/td><td class=\"column-4\">06.40.18.79.70<\/td>\n<\/tr>\n<tr class=\"row-37\">\n\t<td class=\"column-1\"><strong><\/strong><\/td><td class=\"column-2\"><\/td><td class=\"column-3\"><span style=\"color:#0070C0;\"><\/span><\/td><td class=\"column-4\"><\/td>\n<\/tr>\n<tr class=\"row-38\">\n\t<td class=\"column-1\"><strong>RHONE \u2013 ALPES<\/strong><\/td><td class=\"column-2\">GUICHARDAN Patrick<\/td><td class=\"column-3\"><a href=\"mailto:guichardan_patrick@orange.fr\">guichardan_patrick@orange.fr<\/a><\/td><td class=\"column-4\">06 13 83 30 77<\/td>\n<\/tr>\n<tr class=\"row-39\">\n\t<td class=\"column-1\"><strong><\/strong><\/td><td class=\"column-2\">P\u00c9RUSET Jean-Baptiste<\/td><td class=\"column-3\"><a href=\"mailto:jbperuset@orange.fr\">jbperuset@orange.fr<\/a><\/td><td class=\"column-4\">06 08 72 07 86<\/td>\n<\/tr>\n<\/tbody>\n<\/table>\n<!-- #tablepress-8 from cache --><\/p>\t\t\t\t\t\t\t\t<\/div>\n\t\t\t\t<\/div>\n\t\t\t\t\t<\/div>\n\t\t<\/div>\n\t\t\t\t\t<\/div>\n\t\t<\/section>\n\t\t\t\t<section class=\"elementor-section elementor-top-section elementor-element elementor-element-50fa936 elementor-section-boxed elementor-section-height-default elementor-section-height-default\" data-id=\"50fa936\" data-element_type=\"section\" data-e-type=\"section\">\n\t\t\t\t\t\t<div class=\"elementor-container elementor-column-gap-default\">\n\t\t\t\t\t<div class=\"elementor-column elementor-col-100 elementor-top-column elementor-element elementor-element-8bf4596\" data-id=\"8bf4596\" data-element_type=\"column\" data-e-type=\"column\">\n\t\t\t<div class=\"elementor-widget-wrap elementor-element-populated\">\n\t\t\t\t\t\t<div class=\"elementor-element elementor-element-f0f2f7c elementor-widget elementor-widget-image\" data-id=\"f0f2f7c\" data-element_type=\"widget\" data-e-type=\"widget\" data-widget_type=\"image.default\">\n\t\t\t\t<div class=\"elementor-widget-container\">\n\t\t\t\t\t\t\t\t\t\t\t\t\t\t\t<img decoding=\"async\" width=\"300\" height=\"280\" src=\"https:\/\/fnrce.fr\/limo\/wp-content\/uploads\/sites\/7\/2026\/03\/DC-300x280-1.png\" class=\"attachment-1536x1536 size-1536x1536 wp-image-299869\" alt=\"\" \/>\t\t\t\t\t\t\t\t\t\t\t\t\t\t\t<\/div>\n\t\t\t\t<\/div>\n\t\t\t\t<div class=\"elementor-element elementor-element-46ca524 elementor-widget elementor-widget-text-editor\" data-id=\"46ca524\" data-element_type=\"widget\" data-e-type=\"widget\" data-widget_type=\"text-editor.default\">\n\t\t\t\t<div class=\"elementor-widget-container\">\n\t\t\t\t\t\t\t\t\t<p><a href=\"https:\/\/fnrce.fr\/limo\/wp-content\/uploads\/sites\/7\/2026\/03\/Livret-daccompagnement-au-deces-BPCE-Mutuelle.pdf\"><img decoding=\"async\" class=\"aligncenter wp-image-82 size-full\" src=\"https:\/\/fnrce.fr\/limo\/wp-content\/uploads\/sites\/7\/2022\/02\/telechargement-3.jpg\" alt=\"\" width=\"389\" height=\"129\" srcset=\"https:\/\/fnrce.fr\/limo\/wp-content\/uploads\/sites\/7\/2022\/02\/telechargement-3.jpg 389w, https:\/\/fnrce.fr\/limo\/wp-content\/uploads\/sites\/7\/2022\/02\/telechargement-3-300x99.jpg 300w\" sizes=\"(max-width: 389px) 100vw, 389px\" \/><\/a><\/p>\t\t\t\t\t\t\t\t<\/div>\n\t\t\t\t<\/div>\n\t\t\t\t\t<\/div>\n\t\t<\/div>\n\t\t\t\t\t<\/div>\n\t\t<\/section>\n\t\t\t\t<\/div>\n\t\t","protected":false},"excerpt":{"rendered":"<p>PR\u00c9PARER\u2026 ANTICIPER\u2026 PR\u00c9VENIR\u2026 Pr\u00e9paration en amont du d\u00e9c\u00e8s :\u00a0liste des informations \u00e0 partager. Que l\u2019on soit retrait\u00e9(e)s ou actif(ve)s dans&hellip;<\/p>\n","protected":false},"author":1,"featured_media":0,"parent":0,"menu_order":0,"comment_status":"closed","ping_status":"closed","template":"","meta":{"footnotes":""},"class_list":["post-299774","page","type-page","status-publish","hentry"],"_links":{"self":[{"href":"https:\/\/fnrce.fr\/limo\/wp-json\/wp\/v2\/pages\/299774","targetHints":{"allow":["GET"]}}],"collection":[{"href":"https:\/\/fnrce.fr\/limo\/wp-json\/wp\/v2\/pages"}],"about":[{"href":"https:\/\/fnrce.fr\/limo\/wp-json\/wp\/v2\/types\/page"}],"author":[{"embeddable":true,"href":"https:\/\/fnrce.fr\/limo\/wp-json\/wp\/v2\/users\/1"}],"replies":[{"embeddable":true,"href":"https:\/\/fnrce.fr\/limo\/wp-json\/wp\/v2\/comments?post=299774"}],"version-history":[{"count":0,"href":"https:\/\/fnrce.fr\/limo\/wp-json\/wp\/v2\/pages\/299774\/revisions"}],"wp:attachment":[{"href":"https:\/\/fnrce.fr\/limo\/wp-json\/wp\/v2\/media?parent=299774"}],"curies":[{"name":"wp","href":"https:\/\/api.w.org\/{rel}","templated":true}]}}