{"id":299593,"date":"2023-10-15T19:27:31","date_gmt":"2023-10-15T17:27:31","guid":{"rendered":"https:\/\/fnrce.fr\/limo\/?page_id=299593"},"modified":"2023-10-15T19:28:22","modified_gmt":"2023-10-15T17:28:22","slug":"mentions-legales","status":"publish","type":"page","link":"https:\/\/fnrce.fr\/limo\/mentions-legales","title":{"rendered":"Mentions L\u00e9gales"},"content":{"rendered":"\t\t<div data-elementor-type=\"wp-page\" data-elementor-id=\"299593\" class=\"elementor elementor-299593\">\n\t\t\t\t\t\t<section class=\"elementor-section elementor-top-section elementor-element elementor-element-9b60cd3 elementor-section-boxed elementor-section-height-default elementor-section-height-default\" data-id=\"9b60cd3\" data-element_type=\"section\" data-e-type=\"section\">\n\t\t\t\t\t\t<div class=\"elementor-container elementor-column-gap-default\">\n\t\t\t\t\t<div class=\"elementor-column elementor-col-100 elementor-top-column elementor-element elementor-element-62b4f62\" data-id=\"62b4f62\" data-element_type=\"column\" data-e-type=\"column\">\n\t\t\t<div class=\"elementor-widget-wrap elementor-element-populated\">\n\t\t\t\t\t\t<div class=\"elementor-element elementor-element-6e49a92 elementor-widget elementor-widget-text-editor\" data-id=\"6e49a92\" data-element_type=\"widget\" data-e-type=\"widget\" data-widget_type=\"text-editor.default\">\n\t\t\t\t<div class=\"elementor-widget-container\">\n\t\t\t\t\t\t\t\t\t<h1 style=\"text-align: center;\"><span style=\"color: #003366;\">Mentions l\u00e9gales<\/span><\/h1><p style=\"text-align: center;\"><span style=\"color: #003366;\">En vigueur au 01\/01\/2022<\/span><\/p><p><span style=\"color: #003366;\">Conform\u00e9ment aux dispositions des Articles 6-III et 19 de la Loi n\u00b02004-575 du 21 juin 2004 pour la Confiance dans l\u2019\u00e9conomie num\u00e9rique, dite L.C.E.N., il est port\u00e9 \u00e0 la connaissance des utilisateurs et visiteurs, ci-apr\u00e8s l\u00a0\u00bb\u00a0\u00bb<strong>Utilisateur<\/strong>\u00ab\u00a0, du site <strong>www.fnrce.fr\/limo<\/strong> , ci-apr\u00e8s le \u00ab\u00a0<strong>Site<\/strong>\u00ab\u00a0, les pr\u00e9sentes mentions l\u00e9gales.<\/span><\/p><p><span style=\"color: #003366;\">La connexion et la navigation sur le Site par l\u2019Utilisateur implique acceptation int\u00e9grale et sans r\u00e9serve des pr\u00e9sentes mentions l\u00e9gales.<\/span><\/p><p><span style=\"color: #003366;\">Ces derni\u00e8res sont accessibles sur le Site \u00e0 la rubrique \u00ab <strong>Mentions l\u00e9gales<\/strong> \u00bb.<\/span><\/p><h2><span style=\"color: #003366;\">ARTICLE 1 &#8211; L&rsquo;EDITEUR<\/span><\/h2><p><span style=\"color: #003366;\">L\u2019\u00e9dition et la direction de la publication du Site est assur\u00e9e par F\u00e9d\u00e9ration Nationale des Retrait\u00e9s Caisse d&rsquo;Epargne, domicili\u00e9e 5, rue Masseran 75007 Paris, dont le num\u00e9ro de t\u00e9l\u00e9phone est 0614533921, et l&rsquo;adresse e-mail postmaster@fnrce.fr.<\/span><\/p><p><span style=\"color: #003366;\">ci-apr\u00e8s l'\u00a0\u00bb<strong>Editeur<\/strong>\u00ab\u00a0.<\/span><\/p><h2><span style=\"color: #003366;\">ARTICLE 2 &#8211; L&rsquo;HEBERGEUR<\/span><\/h2><p><span style=\"color: #003366;\">L&rsquo;h\u00e9bergeur du Site est la soci\u00e9t\u00e9 OVH, dont le si\u00e8ge social est situ\u00e9 au 2 rue Kellermann &#8211; 59100 Roubaix &#8211; France , av<strong>ec le num\u00e9ro de t\u00e9l\u00e9phone : 0972101007 + adresse mail de contact<\/strong><\/span><\/p><h2><span style=\"color: #003366;\">ARTICLE 3 &#8211; ACCES AU SITE<\/span><\/h2><p><span style=\"color: #003366;\">Le Site est accessible en tout endroit, 7j\/7, 24h\/24 sauf cas de force majeure, interruption programm\u00e9e ou non et pouvant d\u00e9coulant d\u2019une n\u00e9cessit\u00e9 de maintenance.<\/span><\/p><p><span style=\"color: #003366;\">En cas de modification, interruption ou suspension du Site, l&rsquo;Editeur ne saurait \u00eatre tenu responsable.<\/span><\/p><h2><span style=\"color: #003366;\">ARTICLE 4 &#8211; COLLECTE DES DONNEES<\/span><\/h2><p><span style=\"color: #003366;\">Le Site assure \u00e0 l&rsquo;Utilisateur une collecte et un traitement d&rsquo;informations personnelles dans le respect de la vie priv\u00e9e conform\u00e9ment \u00e0 la loi n\u00b078-17 du 6 janvier 1978 relative \u00e0 l&rsquo;informatique, aux fichiers et aux libert\u00e9s.<\/span><\/p><p><span style=\"color: #003366;\">En vertu de la loi Informatique et Libert\u00e9s, en date du 6 janvier 1978, l&rsquo;Utilisateur dispose d&rsquo;un droit d&rsquo;acc\u00e8s, de rectification, de suppression et d&rsquo;opposition de ses donn\u00e9es personnelles. L&rsquo;Utilisateur exerce ce droit :<\/span><\/p><ul><li><span style=\"color: #003366;\">par mail \u00e0 l&rsquo;adresse email postmaster@fnrce.fr<\/span><\/li><\/ul><p><span style=\"color: #003366;\">Toute utilisation, reproduction, diffusion, commercialisation, modification de toute ou partie du Site, sans autorisation de l\u2019Editeur est prohib\u00e9e et pourra entra\u00een\u00e9e des actions et poursuites judiciaires telles que notamment pr\u00e9vues par le Code de la propri\u00e9t\u00e9 intellectuelle et le Code civil.<\/span><\/p><p><span style=\"color: #003366;\">Pour plus d\u2019informations, se reporter aux CGU du site www.fnrce.fr accessible \u00e0 la rubrique \u00ab\u00a0Conditions G\u00e9n\u00e9rales\u00a0\u00bb<\/span><\/p><p><span style=\"color: #003366;\">Pour plus d&rsquo;informations en mati\u00e8re de protection des donn\u00e9es \u00e0 caract\u00e8re personnel, se reporter \u00e0 la Charte en mati\u00e8re de protection des donn\u00e9es \u00e0 caract\u00e8re personnel du site www.fnrce.fr accessible \u00e0 la rubrique \u00ab\u00a0Politique de confidentialit\u00e9\u00a0\u00bb<\/span><\/p><p><span style=\"color: #003366;\">Pour plus d&rsquo;informations en mati\u00e8re de cookies, se reporter \u00e0 la Charte en mati\u00e8re de cookies du site www.fnrce.fr accessible \u00e0 la rubrique \u00ab\u00a0Politique des Cookies\u00a0\u00bb<\/span><\/p><p>\u00a0<\/p><p><span style=\"color: #003366;\"><em>R\u00e9dig\u00e9 sur <a style=\"color: #003366;\" href=\"http:\/\/legalplace.fr\">http:\/\/legalplace.fr<\/a>\u00a0\u00a0\u00a0\u00a0\u00a0\u00a0\u00a0\u00a0\u00a0\u00a0\u00a0\u00a0\u00a0\u00a0\u00a0\u00a0\u00a0\u00a0\u00a0\u00a0\u00a0\u00a0\u00a0\u00a0\u00a0\u00a0\u00a0\u00a0\u00a0\u00a0\u00a0\u00a0\u00a0\u00a0\u00a0\u00a0\u00a0\u00a0\u00a0\u00a0\u00a0\u00a0\u00a0\u00a0\u00a0\u00a0\u00a0\u00a0\u00a0\u00a0\u00a0\u00a0\u00a0\u00a0\u00a0\u00a0\u00a0\u00a0\u00a0\u00a0\u00a0\u00a0\u00a0\u00a0\u00a0\u00a0\u00a0\u00a0\u00a0\u00a0\u00a0\u00a0\u00a0\u00a0\u00a0\u00a0\u00a0\u00a0\u00a0\u00a0\u00a0\u00a0\u00a0\u00a0\u00a0\u00a0\u00a0\u00a0\u00a0\u00a0\u00a0\u00a0\u00a0\u00a0\u00a0\u00a0 Version 12\/10\/2023<\/em><\/span><\/p>\t\t\t\t\t\t\t\t<\/div>\n\t\t\t\t<\/div>\n\t\t\t\t\t<\/div>\n\t\t<\/div>\n\t\t\t\t\t<\/div>\n\t\t<\/section>\n\t\t\t\t<\/div>\n\t\t","protected":false},"excerpt":{"rendered":"<p>Mentions l\u00e9gales En vigueur au 01\/01\/2022 Conform\u00e9ment aux dispositions des Articles 6-III et 19 de la Loi n\u00b02004-575 du 21&hellip;<\/p>\n","protected":false},"author":1,"featured_media":0,"parent":0,"menu_order":0,"comment_status":"closed","ping_status":"closed","template":"","meta":{"footnotes":""},"class_list":["post-299593","page","type-page","status-publish","hentry"],"_links":{"self":[{"href":"https:\/\/fnrce.fr\/limo\/wp-json\/wp\/v2\/pages\/299593","targetHints":{"allow":["GET"]}}],"collection":[{"href":"https:\/\/fnrce.fr\/limo\/wp-json\/wp\/v2\/pages"}],"about":[{"href":"https:\/\/fnrce.fr\/limo\/wp-json\/wp\/v2\/types\/page"}],"author":[{"embeddable":true,"href":"https:\/\/fnrce.fr\/limo\/wp-json\/wp\/v2\/users\/1"}],"replies":[{"embeddable":true,"href":"https:\/\/fnrce.fr\/limo\/wp-json\/wp\/v2\/comments?post=299593"}],"version-history":[{"count":0,"href":"https:\/\/fnrce.fr\/limo\/wp-json\/wp\/v2\/pages\/299593\/revisions"}],"wp:attachment":[{"href":"https:\/\/fnrce.fr\/limo\/wp-json\/wp\/v2\/media?parent=299593"}],"curies":[{"name":"wp","href":"https:\/\/api.w.org\/{rel}","templated":true}]}}