{"id":270,"date":"2026-03-05T15:48:01","date_gmt":"2026-03-05T14:48:01","guid":{"rendered":"https:\/\/fnrce.fr\/limo\/?page_id=270"},"modified":"2026-03-06T10:33:57","modified_gmt":"2026-03-06T09:33:57","slug":"activites","status":"publish","type":"page","link":"https:\/\/fnrce.fr\/limo\/activites","title":{"rendered":"ACTIVIT\u00c9S"},"content":{"rendered":"\t\t<div data-elementor-type=\"wp-page\" data-elementor-id=\"270\" class=\"elementor elementor-270\">\n\t\t\t\t\t\t<section class=\"elementor-section elementor-top-section elementor-element elementor-element-c98deef elementor-section-boxed elementor-section-height-default elementor-section-height-default\" data-id=\"c98deef\" data-element_type=\"section\" data-e-type=\"section\">\n\t\t\t\t\t\t<div class=\"elementor-container elementor-column-gap-default\">\n\t\t\t\t\t<div class=\"elementor-column elementor-col-100 elementor-top-column elementor-element elementor-element-5e94d310\" data-id=\"5e94d310\" data-element_type=\"column\" data-e-type=\"column\">\n\t\t\t<div class=\"elementor-widget-wrap elementor-element-populated\">\n\t\t\t\t\t\t<div class=\"elementor-element elementor-element-4d5dbf4c elementor-widget elementor-widget-text-editor\" data-id=\"4d5dbf4c\" data-element_type=\"widget\" data-e-type=\"widget\" data-widget_type=\"text-editor.default\">\n\t\t\t\t<div class=\"elementor-widget-container\">\n\t\t\t\t\t\t\t\t\t<p><span style=\"color: #003366;\"><\/span><\/p>\n<h2 id=\"activites-des-retraites-caisse-d-epargne-du-limousin\" class=\"wp-block-heading\"><span style=\"color: #003366;\">Echapp\u00e9e autour de la Venise du P\u00e9rigord<\/span><\/h2>\n<p><span style=\"color: #003366;\"><\/span><span style=\"color: #003366;\"><\/span><span style=\"color: #003366;\"><\/span><\/p>\t\t\t\t\t\t\t\t<\/div>\n\t\t\t\t<\/div>\n\t\t\t\t\t<\/div>\n\t\t<\/div>\n\t\t\t\t\t<\/div>\n\t\t<\/section>\n\t\t\t\t<section class=\"elementor-section elementor-top-section elementor-element elementor-element-47e13e3 elementor-section-boxed elementor-section-height-default elementor-section-height-default\" data-id=\"47e13e3\" data-element_type=\"section\" data-e-type=\"section\">\n\t\t\t\t\t\t<div class=\"elementor-container elementor-column-gap-default\">\n\t\t\t\t\t<div class=\"elementor-column elementor-col-100 elementor-top-column elementor-element elementor-element-5f289e0\" data-id=\"5f289e0\" data-element_type=\"column\" data-e-type=\"column\">\n\t\t\t<div class=\"elementor-widget-wrap elementor-element-populated\">\n\t\t\t\t\t\t<div class=\"elementor-element elementor-element-5a7783d elementor-widget elementor-widget-image\" data-id=\"5a7783d\" data-element_type=\"widget\" data-e-type=\"widget\" data-widget_type=\"image.default\">\n\t\t\t\t<div class=\"elementor-widget-container\">\n\t\t\t\t\t\t\t\t\t\t\t\t\t\t\t<img fetchpriority=\"high\" decoding=\"async\" width=\"636\" height=\"423\" src=\"https:\/\/fnrce.fr\/limo\/wp-content\/uploads\/sites\/7\/2026\/03\/brantome.png\" class=\"attachment-large size-large wp-image-299708\" alt=\"\" srcset=\"https:\/\/fnrce.fr\/limo\/wp-content\/uploads\/sites\/7\/2026\/03\/brantome.png 636w, https:\/\/fnrce.fr\/limo\/wp-content\/uploads\/sites\/7\/2026\/03\/brantome-300x200.png 300w\" sizes=\"(max-width: 636px) 100vw, 636px\" \/>\t\t\t\t\t\t\t\t\t\t\t\t\t\t\t<\/div>\n\t\t\t\t<\/div>\n\t\t\t\t\t<\/div>\n\t\t<\/div>\n\t\t\t\t\t<\/div>\n\t\t<\/section>\n\t\t\t\t<section class=\"elementor-section elementor-top-section elementor-element elementor-element-209bc9a elementor-section-boxed elementor-section-height-default elementor-section-height-default\" data-id=\"209bc9a\" data-element_type=\"section\" data-e-type=\"section\">\n\t\t\t\t\t\t<div class=\"elementor-container elementor-column-gap-default\">\n\t\t\t\t\t<div class=\"elementor-column elementor-col-100 elementor-top-column elementor-element elementor-element-d574d9c\" data-id=\"d574d9c\" data-element_type=\"column\" data-e-type=\"column\">\n\t\t\t<div class=\"elementor-widget-wrap elementor-element-populated\">\n\t\t\t\t\t\t<div class=\"elementor-element elementor-element-12d405b elementor-widget elementor-widget-text-editor\" data-id=\"12d405b\" data-element_type=\"widget\" data-e-type=\"widget\" data-widget_type=\"text-editor.default\">\n\t\t\t\t<div class=\"elementor-widget-container\">\n\t\t\t\t\t\t\t\t\t<h4><span style=\"color: #800000;\"><strong><img decoding=\"async\" class=\"alignnone size-full wp-image-863\" src=\"https:\/\/amicalegso.fnrce.fr\/wp-content\/uploads\/2026\/02\/doigt.gif\" alt=\"\" width=\"96\" height=\"32\" \/> La journ\u00e9e du Jeudi 11 juin 2026<\/strong><\/span><\/h4>\n<p align=\"justify\"><strong><span style=\"color: #003366;\">Brant\u00f4me, surnomm\u00e9e la \u00ab\u00a0Venise du P\u00e9rigord\u00a0\u00bb, est une petite ville charmante situ\u00e9e dans le d\u00e9partement de la Dordogne, au c\u0153ur de la r\u00e9gion Nouvelle Aquitaine. Bord\u00e9e par la rivi\u00e8re Dronne, cette cit\u00e9 m\u00e9di\u00e9vale est r\u00e9put\u00e9e pour son patrimoine historique et naturel exceptionnel. Son <\/span><\/strong><strong><span style=\"color: #003366;\">architecture pittoresque, domin\u00e9e par l&rsquo;abbaye b\u00e9n\u00e9dictine datant du VIIIe si\u00e8cle, et ses ruelles sinueuses, en font un lieu incontournable pour les amoureux d&rsquo;histoire et de nature.<\/span><\/strong><\/p>\n<p align=\"justify\"><strong><span style=\"color: #003366;\">Les visiteurs peuvent fl\u00e2ner le long des quais, d\u00e9couvrir la beaut\u00e9 du clo\u00eetre, ou encore embarquer pour une promenade en barque sur la Dronne.<\/span><\/strong><\/p>\n<p align=\"justify\"><strong><span style=\"color: #003366;\">Brant\u00f4me est un v\u00e9ritable havre de paix, parfait pour une\u00a0escapade en groupe, alliant d\u00e9tente et d\u00e9couvertes culturelles.<\/span><\/strong><\/p>\t\t\t\t\t\t\t\t<\/div>\n\t\t\t\t<\/div>\n\t\t\t\t\t<\/div>\n\t\t<\/div>\n\t\t\t\t\t<\/div>\n\t\t<\/section>\n\t\t\t\t<section class=\"elementor-section elementor-top-section elementor-element elementor-element-868e437 elementor-section-boxed elementor-section-height-default elementor-section-height-default\" data-id=\"868e437\" data-element_type=\"section\" data-e-type=\"section\">\n\t\t\t\t\t\t<div class=\"elementor-container elementor-column-gap-default\">\n\t\t\t\t\t<div class=\"elementor-column elementor-col-100 elementor-top-column elementor-element elementor-element-0a7d7a4\" data-id=\"0a7d7a4\" data-element_type=\"column\" data-e-type=\"column\">\n\t\t\t<div class=\"elementor-widget-wrap elementor-element-populated\">\n\t\t\t\t\t\t<div class=\"elementor-element elementor-element-f97d994 elementor-align-center elementor-widget elementor-widget-button\" data-id=\"f97d994\" data-element_type=\"widget\" data-e-type=\"widget\" data-widget_type=\"button.default\">\n\t\t\t\t<div class=\"elementor-widget-container\">\n\t\t\t\t\t\t\t\t\t<div class=\"elementor-button-wrapper\">\n\t\t\t\t\t<a class=\"elementor-button elementor-button-link elementor-size-sm\" href=\"https:\/\/amicalegso.fnrce.fr\/prochain-voyage\">\n\t\t\t\t\t\t<span class=\"elementor-button-content-wrapper\">\n\t\t\t\t\t\t\t\t\t<span class=\"elementor-button-text\">Programme et inscription sur le Blog de l'Amicale, cliquez ICI<\/span>\n\t\t\t\t\t<\/span>\n\t\t\t\t\t<\/a>\n\t\t\t\t<\/div>\n\t\t\t\t\t\t\t\t<\/div>\n\t\t\t\t<\/div>\n\t\t\t\t\t<\/div>\n\t\t<\/div>\n\t\t\t\t\t<\/div>\n\t\t<\/section>\n\t\t\t\t<section class=\"elementor-section elementor-top-section elementor-element elementor-element-f8a82c0 elementor-section-boxed elementor-section-height-default elementor-section-height-default\" data-id=\"f8a82c0\" data-element_type=\"section\" data-e-type=\"section\">\n\t\t\t\t\t\t<div class=\"elementor-container elementor-column-gap-default\">\n\t\t\t\t\t<div class=\"elementor-column elementor-col-100 elementor-top-column elementor-element elementor-element-b027eeb\" data-id=\"b027eeb\" data-element_type=\"column\" data-e-type=\"column\">\n\t\t\t<div class=\"elementor-widget-wrap elementor-element-populated\">\n\t\t\t\t\t\t<div class=\"elementor-element elementor-element-cdf69a5 elementor-widget-divider--separator-type-pattern elementor-widget-divider--view-line elementor-widget elementor-widget-divider\" data-id=\"cdf69a5\" data-element_type=\"widget\" data-e-type=\"widget\" data-widget_type=\"divider.default\">\n\t\t\t\t<div class=\"elementor-widget-container\">\n\t\t\t\t\t\t\t<div class=\"elementor-divider\" style=\"--divider-pattern-url: url(&quot;data:image\/svg+xml,%3Csvg xmlns=&#039;http:\/\/www.w3.org\/2000\/svg&#039; preserveAspectRatio=&#039;none&#039; overflow=&#039;visible&#039; height=&#039;100%&#039; viewBox=&#039;0 0 24 24&#039; fill=&#039;none&#039; stroke=&#039;black&#039; stroke-width=&#039;2.4&#039; stroke-linecap=&#039;square&#039; stroke-miterlimit=&#039;10&#039;%3E%3Cpath d=&#039;M0,6c6,0,0.9,11.1,6.9,11.1S18,6,24,6&#039;\/%3E%3C\/svg%3E&quot;);\">\n\t\t\t<span class=\"elementor-divider-separator\">\n\t\t\t\t\t\t<\/span>\n\t\t<\/div>\n\t\t\t\t\t\t<\/div>\n\t\t\t\t<\/div>\n\t\t\t\t<div class=\"elementor-element elementor-element-882438a elementor-widget elementor-widget-text-editor\" data-id=\"882438a\" data-element_type=\"widget\" data-e-type=\"widget\" data-widget_type=\"text-editor.default\">\n\t\t\t\t<div class=\"elementor-widget-container\">\n\t\t\t\t\t\t\t\t\t<h3 style=\"text-align: left;\"><span style=\"color: #003366;\">JOURN\u00c9E CULTURE ET CONVIVIALIT\u00c9 EN LANGUEDOC-ROUSSILLON<\/span><\/h3>\t\t\t\t\t\t\t\t<\/div>\n\t\t\t\t<\/div>\n\t\t\t\t<div class=\"elementor-element elementor-element-076e8d7 elementor-widget elementor-widget-image\" data-id=\"076e8d7\" data-element_type=\"widget\" data-e-type=\"widget\" data-widget_type=\"image.default\">\n\t\t\t\t<div class=\"elementor-widget-container\">\n\t\t\t\t\t\t\t\t\t\t\t\t\t\t\t<img decoding=\"async\" width=\"960\" height=\"640\" src=\"https:\/\/fnrce.fr\/limo\/wp-content\/uploads\/sites\/7\/2026\/03\/vue-aerienne-malmont.jpeg\" class=\"attachment-large size-large wp-image-299713\" alt=\"\" srcset=\"https:\/\/fnrce.fr\/limo\/wp-content\/uploads\/sites\/7\/2026\/03\/vue-aerienne-malmont.jpeg 960w, https:\/\/fnrce.fr\/limo\/wp-content\/uploads\/sites\/7\/2026\/03\/vue-aerienne-malmont-300x200.jpeg 300w, https:\/\/fnrce.fr\/limo\/wp-content\/uploads\/sites\/7\/2026\/03\/vue-aerienne-malmont-768x512.jpeg 768w\" sizes=\"(max-width: 960px) 100vw, 960px\" \/>\t\t\t\t\t\t\t\t\t\t\t\t\t\t\t<\/div>\n\t\t\t\t<\/div>\n\t\t\t\t\t<\/div>\n\t\t<\/div>\n\t\t\t\t\t<\/div>\n\t\t<\/section>\n\t\t\t\t<section class=\"elementor-section elementor-top-section elementor-element elementor-element-ac099e2 elementor-section-boxed elementor-section-height-default elementor-section-height-default\" data-id=\"ac099e2\" data-element_type=\"section\" data-e-type=\"section\">\n\t\t\t\t\t\t<div class=\"elementor-container elementor-column-gap-default\">\n\t\t\t\t\t<div class=\"elementor-column elementor-col-100 elementor-top-column elementor-element elementor-element-2a092d3\" data-id=\"2a092d3\" data-element_type=\"column\" data-e-type=\"column\">\n\t\t\t<div class=\"elementor-widget-wrap elementor-element-populated\">\n\t\t\t\t\t\t<div class=\"elementor-element elementor-element-7963eec elementor-widget elementor-widget-text-editor\" data-id=\"7963eec\" data-element_type=\"widget\" data-e-type=\"widget\" data-widget_type=\"text-editor.default\">\n\t\t\t\t<div class=\"elementor-widget-container\">\n\t\t\t\t\t\t\t\t\t<h4><span style=\"color: #800000;\"><strong><img decoding=\"async\" class=\"alignnone size-full wp-image-863\" src=\"https:\/\/amicalegso.fnrce.fr\/wp-content\/uploads\/2026\/02\/doigt.gif\" alt=\"\" width=\"96\" height=\"32\" \/> La journ\u00e9e du Mardi 8 septembre 2026<\/strong><\/span><\/h4>\n<p align=\"justify\"><strong><span style=\"color: #003366;\">Pour cette premi\u00e8re ann\u00e9e au sein de l\u2019Amicale des Retrait\u00e9s Caisse d\u2019\u00c9pargne la section Languedoc Roussillon organise une journ\u00e9e de rencontre autour du th\u00e8me \u00ab Culture et convivialit\u00e9 \u00bb dans le Domaine du Ch\u00e2teau de Malmont, pr\u00e8s de Clermont-l\u2019H\u00e9rault (34).<\/span><\/strong><\/p>\n<p align=\"justify\"><strong><span style=\"color: #003366;\">Il s\u2019agit d\u2019une ancienne Manufacture Royale de draps dont la production \u00e9tait destin\u00e9e \u00e0 l\u2019exportation vers le Proche-Orient, puis plus tard, aux draps utilis\u00e9s par l\u2019arm\u00e9e. L\u2019eau est l\u2019\u00e9l\u00e9ment majeur de ce lieu, sans elle il n\u2019y aurait pas cette manufacture.<\/span><\/strong><br \/><strong><span style=\"color: #003366;\">La jolie place Louis XIV ombrag\u00e9e est un enchantement. Au centre de celle-ci, la fra\u00eecheur de l\u2019eau qui s\u2019\u00e9chappe de la fontaine-abreuvoir du XVIIe donne le ton.<\/span><\/strong><\/p>\t\t\t\t\t\t\t\t<\/div>\n\t\t\t\t<\/div>\n\t\t\t\t<div class=\"elementor-element elementor-element-11a1372 elementor-align-center elementor-widget elementor-widget-button\" data-id=\"11a1372\" data-element_type=\"widget\" data-e-type=\"widget\" data-widget_type=\"button.default\">\n\t\t\t\t<div class=\"elementor-widget-container\">\n\t\t\t\t\t\t\t\t\t<div class=\"elementor-button-wrapper\">\n\t\t\t\t\t<a class=\"elementor-button elementor-button-link elementor-size-sm\" href=\"https:\/\/amicalegso.fnrce.fr\/prochain-voyage\">\n\t\t\t\t\t\t<span class=\"elementor-button-content-wrapper\">\n\t\t\t\t\t\t\t\t\t<span class=\"elementor-button-text\">Programme et inscription sur le Blog de l'Amicale, cliquez ICI<\/span>\n\t\t\t\t\t<\/span>\n\t\t\t\t\t<\/a>\n\t\t\t\t<\/div>\n\t\t\t\t\t\t\t\t<\/div>\n\t\t\t\t<\/div>\n\t\t\t\t\t<\/div>\n\t\t<\/div>\n\t\t\t\t\t<\/div>\n\t\t<\/section>\n\t\t\t\t<section class=\"elementor-section elementor-top-section elementor-element elementor-element-3da476e elementor-section-boxed elementor-section-height-default elementor-section-height-default\" data-id=\"3da476e\" data-element_type=\"section\" data-e-type=\"section\">\n\t\t\t\t\t\t<div class=\"elementor-container elementor-column-gap-default\">\n\t\t\t\t\t<div class=\"elementor-column elementor-col-100 elementor-top-column elementor-element elementor-element-5e9f09a\" data-id=\"5e9f09a\" data-element_type=\"column\" data-e-type=\"column\">\n\t\t\t<div class=\"elementor-widget-wrap elementor-element-populated\">\n\t\t\t\t\t\t<div class=\"elementor-element elementor-element-167c4f9 elementor-widget-divider--separator-type-pattern elementor-widget-divider--view-line elementor-widget elementor-widget-divider\" data-id=\"167c4f9\" data-element_type=\"widget\" data-e-type=\"widget\" data-widget_type=\"divider.default\">\n\t\t\t\t<div class=\"elementor-widget-container\">\n\t\t\t\t\t\t\t<div class=\"elementor-divider\" style=\"--divider-pattern-url: url(&quot;data:image\/svg+xml,%3Csvg xmlns=&#039;http:\/\/www.w3.org\/2000\/svg&#039; preserveAspectRatio=&#039;none&#039; overflow=&#039;visible&#039; height=&#039;100%&#039; viewBox=&#039;0 0 24 24&#039; fill=&#039;none&#039; stroke=&#039;black&#039; stroke-width=&#039;2.4&#039; stroke-linecap=&#039;square&#039; stroke-miterlimit=&#039;10&#039;%3E%3Cpath d=&#039;M0,6c6,0,0.9,11.1,6.9,11.1S18,6,24,6&#039;\/%3E%3C\/svg%3E&quot;);\">\n\t\t\t<span class=\"elementor-divider-separator\">\n\t\t\t\t\t\t<\/span>\n\t\t<\/div>\n\t\t\t\t\t\t<\/div>\n\t\t\t\t<\/div>\n\t\t\t\t\t<\/div>\n\t\t<\/div>\n\t\t\t\t\t<\/div>\n\t\t<\/section>\n\t\t\t\t<section class=\"elementor-section elementor-top-section elementor-element elementor-element-afa1169 elementor-section-boxed elementor-section-height-default elementor-section-height-default\" data-id=\"afa1169\" data-element_type=\"section\" data-e-type=\"section\">\n\t\t\t\t\t\t<div class=\"elementor-container elementor-column-gap-default\">\n\t\t\t\t\t<div class=\"elementor-column elementor-col-100 elementor-top-column elementor-element elementor-element-ddcfdd4\" data-id=\"ddcfdd4\" data-element_type=\"column\" data-e-type=\"column\">\n\t\t\t<div class=\"elementor-widget-wrap elementor-element-populated\">\n\t\t\t\t\t\t<div class=\"elementor-element elementor-element-6867819 elementor-widget elementor-widget-heading\" data-id=\"6867819\" data-element_type=\"widget\" data-e-type=\"widget\" data-widget_type=\"heading.default\">\n\t\t\t\t<div class=\"elementor-widget-container\">\n\t\t\t\t\t<h2 class=\"elementor-heading-title elementor-size-default\">ASSISES NATIONALES 2026<\/h2>\t\t\t\t<\/div>\n\t\t\t\t<\/div>\n\t\t\t\t\t<\/div>\n\t\t<\/div>\n\t\t\t\t\t<\/div>\n\t\t<\/section>\n\t\t\t\t<section class=\"elementor-section elementor-top-section elementor-element elementor-element-d337449 elementor-section-boxed elementor-section-height-default elementor-section-height-default\" data-id=\"d337449\" data-element_type=\"section\" data-e-type=\"section\">\n\t\t\t\t\t\t<div class=\"elementor-container elementor-column-gap-default\">\n\t\t\t\t\t<div class=\"elementor-column elementor-col-100 elementor-top-column elementor-element elementor-element-5b35b96\" data-id=\"5b35b96\" data-element_type=\"column\" data-e-type=\"column\">\n\t\t\t<div class=\"elementor-widget-wrap elementor-element-populated\">\n\t\t\t\t\t\t<div class=\"elementor-element elementor-element-74e2e51 elementor-widget elementor-widget-heading\" data-id=\"74e2e51\" data-element_type=\"widget\" data-e-type=\"widget\" data-widget_type=\"heading.default\">\n\t\t\t\t<div class=\"elementor-widget-container\">\n\t\t\t\t\t<h2 class=\"elementor-heading-title elementor-size-default\">Les 38\u00e8mes Assises Nationales de la F\u00e9d\u00e9ration des Retrait\u00e9s Caisse d\u2019Epargne<br><br> se d\u00e9rouleront\ndu 17 au 19 septembre 2026<br><br>\nen r\u00e9gion Centre-Val de Loire, \u00e0 Orl\u00e9ans.<\/h2>\t\t\t\t<\/div>\n\t\t\t\t<\/div>\n\t\t\t\t\t<\/div>\n\t\t<\/div>\n\t\t\t\t\t<\/div>\n\t\t<\/section>\n\t\t\t\t<section class=\"elementor-section elementor-top-section elementor-element elementor-element-9abbc73 elementor-section-boxed elementor-section-height-default elementor-section-height-default\" data-id=\"9abbc73\" data-element_type=\"section\" data-e-type=\"section\">\n\t\t\t\t\t\t<div class=\"elementor-container elementor-column-gap-default\">\n\t\t\t\t\t<div class=\"elementor-column elementor-col-100 elementor-top-column elementor-element elementor-element-0409310\" data-id=\"0409310\" data-element_type=\"column\" data-e-type=\"column\">\n\t\t\t<div class=\"elementor-widget-wrap elementor-element-populated\">\n\t\t\t\t\t\t<div class=\"elementor-element elementor-element-ebc13fd elementor-widget elementor-widget-text-editor\" data-id=\"ebc13fd\" data-element_type=\"widget\" data-e-type=\"widget\" data-widget_type=\"text-editor.default\">\n\t\t\t\t<div class=\"elementor-widget-container\">\n\t\t\t\t\t\t\t\t\t<p style=\"text-align: center;\"><span style=\"color: #003366;\"><strong>PROGRAMME ORLEANS \u2013 VAL DE LOIRE<\/strong><\/span><\/p>\n<p style=\"text-align: center;\"><span style=\"color: #003366;\"><strong>H\u00c9BERGEMENT en c\u0153ur de ville<\/strong><\/span><\/p>\n<p style=\"text-align: center;\"><span style=\"color: #003366;\"><strong>BULLETIN D\u2019INSCRIPTION<\/strong><\/span><\/p>\n<p style=\"text-align: center;\"><a href=\"https:\/\/fnrce.fr\/assises-2025\"><strong>Inscriptions ouvertes jusqu\u2019au 28 MARS<\/strong><\/a><a href=\"https:\/\/fnrce.fr\/wp-content\/uploads\/2026\/02\/FNRCE_Assises_2026_Bulletin_Inscription.pdf\"><img loading=\"lazy\" decoding=\"async\" class=\"aligncenter wp-image-2872 size-full\" src=\"https:\/\/fnrce.fr\/wp-content\/uploads\/2021\/05\/ICIClic.jpg\" alt=\"\" width=\"251\" height=\"201\" \/><\/a><\/p>\t\t\t\t\t\t\t\t<\/div>\n\t\t\t\t<\/div>\n\t\t\t\t\t<\/div>\n\t\t<\/div>\n\t\t\t\t\t<\/div>\n\t\t<\/section>\n\t\t\t\t<section class=\"elementor-section elementor-top-section elementor-element elementor-element-22b9eb1 elementor-section-boxed elementor-section-height-default elementor-section-height-default\" data-id=\"22b9eb1\" data-element_type=\"section\" data-e-type=\"section\">\n\t\t\t\t\t\t<div class=\"elementor-container elementor-column-gap-default\">\n\t\t\t\t\t<div class=\"elementor-column elementor-col-100 elementor-top-column elementor-element elementor-element-b162ce1\" data-id=\"b162ce1\" data-element_type=\"column\" data-e-type=\"column\">\n\t\t\t<div class=\"elementor-widget-wrap elementor-element-populated\">\n\t\t\t\t\t\t<div class=\"elementor-element elementor-element-adb16ed elementor-widget elementor-widget-text-editor\" data-id=\"adb16ed\" data-element_type=\"widget\" data-e-type=\"widget\" data-widget_type=\"text-editor.default\">\n\t\t\t\t<div class=\"elementor-widget-container\">\n\t\t\t\t\t\t\t\t\t<p style=\"text-align: center;\"><strong><span style=\"color: #003366;\">La date de l\u2019Assembl\u00e9e G\u00e9n\u00e9rale est fix\u00e9e au vendredi 18 septembre<\/span><\/strong><\/p>\n<p style=\"text-align: center;\"><strong><span style=\"color: #003366;\">Elle se tiendra \u00e0\u00a0l\u2019espace St Euverte \u00e0 Orl\u00e9ans<\/span><\/strong><\/p>\n<p><strong><span style=\"color: #003366;\">L\u2019ensemble du Conseil F\u00e9d\u00e9ral R\u00e9gional Centre Val de Loire et moi m\u00eame sommes\u00a0impatients de pouvoir vous accueillir, de vous int\u00e9resser et de vous surprendre tout\u00a0au long de votre s\u00e9jour.\u00a0Notre r\u00e9gion du Centre Val de Loire rec\u00e8le de nombreux tr\u00e9sors et nous allons tenter\u00a0de vous en faire partager certains.<\/span><\/strong><\/p>\n<p><strong><span style=\"color: #003366;\">Nous souhaitons que nous puissions passer d\u2019agr\u00e9ables moments ensemble et\u00a0comptons vous faire profiter des multiples surprises que nous vous r\u00e9servons tout au\u00a0long de ces journ\u00e9es.<\/span><\/strong><br \/><strong><span style=\"color: #003366;\">Nous faisons le maximum pour nous, l\u2019esp\u00e9rons rendre ces assises 2026 inoubliables pour les participants que vous allez \u00eatre.<\/span><\/strong><\/p>\n<p><strong><span style=\"color: #003366;\">Jean-Max L\u00c9GER<\/span><\/strong><\/p>\n<p><strong><span style=\"color: #003366;\">Pr\u00e9sident de la section r\u00e9gionale Centre-Val de Loire<\/span><\/strong><\/p>\t\t\t\t\t\t\t\t<\/div>\n\t\t\t\t<\/div>\n\t\t\t\t\t<\/div>\n\t\t<\/div>\n\t\t\t\t\t<\/div>\n\t\t<\/section>\n\t\t\t\t<section class=\"elementor-section elementor-top-section elementor-element elementor-element-44b3eca elementor-section-boxed elementor-section-height-default elementor-section-height-default\" data-id=\"44b3eca\" data-element_type=\"section\" data-e-type=\"section\">\n\t\t\t\t\t\t<div class=\"elementor-container elementor-column-gap-default\">\n\t\t\t\t\t<div class=\"elementor-column elementor-col-100 elementor-top-column elementor-element elementor-element-cc879ae\" data-id=\"cc879ae\" data-element_type=\"column\" data-e-type=\"column\">\n\t\t\t<div class=\"elementor-widget-wrap elementor-element-populated\">\n\t\t\t\t\t\t<div class=\"elementor-element elementor-element-6dab950 elementor-widget elementor-widget-video\" data-id=\"6dab950\" data-element_type=\"widget\" data-e-type=\"widget\" data-settings=\"{&quot;youtube_url&quot;:&quot;https:\\\/\\\/youtu.be\\\/_YPSlY025nU?si=xThGp7cbGurTK3cw&quot;,&quot;video_type&quot;:&quot;youtube&quot;,&quot;controls&quot;:&quot;yes&quot;}\" data-widget_type=\"video.default\">\n\t\t\t\t<div class=\"elementor-widget-container\">\n\t\t\t\t\t\t\t<div class=\"elementor-wrapper elementor-open-inline\">\n\t\t\t<div class=\"elementor-video\"><\/div>\t\t<\/div>\n\t\t\t\t\t\t<\/div>\n\t\t\t\t<\/div>\n\t\t\t\t\t<\/div>\n\t\t<\/div>\n\t\t\t\t\t<\/div>\n\t\t<\/section>\n\t\t\t\t<\/div>\n\t\t","protected":false},"excerpt":{"rendered":"<p>Echapp\u00e9e autour de la Venise du P\u00e9rigord La journ\u00e9e du Jeudi 11 juin 2026 Brant\u00f4me, surnomm\u00e9e la \u00ab\u00a0Venise du P\u00e9rigord\u00a0\u00bb,&hellip;<\/p>\n","protected":false},"author":1,"featured_media":299712,"parent":0,"menu_order":0,"comment_status":"closed","ping_status":"closed","template":"","meta":{"footnotes":""},"class_list":["post-270","page","type-page","status-publish","has-post-thumbnail","hentry"],"_links":{"self":[{"href":"https:\/\/fnrce.fr\/limo\/wp-json\/wp\/v2\/pages\/270","targetHints":{"allow":["GET"]}}],"collection":[{"href":"https:\/\/fnrce.fr\/limo\/wp-json\/wp\/v2\/pages"}],"about":[{"href":"https:\/\/fnrce.fr\/limo\/wp-json\/wp\/v2\/types\/page"}],"author":[{"embeddable":true,"href":"https:\/\/fnrce.fr\/limo\/wp-json\/wp\/v2\/users\/1"}],"replies":[{"embeddable":true,"href":"https:\/\/fnrce.fr\/limo\/wp-json\/wp\/v2\/comments?post=270"}],"version-history":[{"count":0,"href":"https:\/\/fnrce.fr\/limo\/wp-json\/wp\/v2\/pages\/270\/revisions"}],"wp:featuredmedia":[{"embeddable":true,"href":"https:\/\/fnrce.fr\/limo\/wp-json\/wp\/v2\/media\/299712"}],"wp:attachment":[{"href":"https:\/\/fnrce.fr\/limo\/wp-json\/wp\/v2\/media?parent=270"}],"curies":[{"name":"wp","href":"https:\/\/api.w.org\/{rel}","templated":true}]}}