{"id":2,"date":"2022-02-03T21:20:34","date_gmt":"2022-02-03T20:20:34","guid":{"rendered":"https:\/\/fnrce.fr\/limo\/?page_id=2"},"modified":"2022-02-26T12:12:16","modified_gmt":"2022-02-26T11:12:16","slug":"agenda","status":"publish","type":"page","link":"https:\/\/fnrce.fr\/limo\/agenda","title":{"rendered":"AGENDA"},"content":{"rendered":"\t\t<div data-elementor-type=\"wp-page\" data-elementor-id=\"2\" class=\"elementor elementor-2\">\n\t\t\t\t\t\t<section class=\"elementor-section elementor-top-section elementor-element elementor-element-6748a3d elementor-section-boxed elementor-section-height-default elementor-section-height-default\" data-id=\"6748a3d\" data-element_type=\"section\" data-e-type=\"section\">\n\t\t\t\t\t\t<div class=\"elementor-container elementor-column-gap-default\">\n\t\t\t\t\t<div class=\"elementor-column elementor-col-100 elementor-top-column elementor-element elementor-element-e3a1d87\" data-id=\"e3a1d87\" data-element_type=\"column\" data-e-type=\"column\">\n\t\t\t<div class=\"elementor-widget-wrap elementor-element-populated\">\n\t\t\t\t\t\t<div class=\"elementor-element elementor-element-6682692f elementor-widget elementor-widget-text-editor\" data-id=\"6682692f\" data-element_type=\"widget\" data-e-type=\"widget\" data-widget_type=\"text-editor.default\">\n\t\t\t\t<div class=\"elementor-widget-container\">\n\t\t\t\t\t\t\t\t\t<p><\/p>\n<p style=\"text-align: center\"><span style=\"color: #008080\">AGENDA<\/span><\/p>\n<div><span style=\"color: #008080\">&nbsp;<\/span><span style=\"color: #008080\">\n<table id=\"tablepress-1\" class=\"tablepress tablepress-id-1\">\n<thead>\n<tr class=\"row-1\">\n\t<th class=\"column-1\">Date<br \/>\n<\/th><th class=\"column-2\">Objet<\/th><th class=\"column-3\">Ev\u00e8nement<\/th><th class=\"column-4\">D\u00e9tail<\/th>\n<\/tr>\n<\/thead>\n<tbody class=\"row-striping row-hover\">\n<tr class=\"row-2\">\n\t<td class=\"column-1\">26 mars 2026<\/td><td class=\"column-2\">Assembl\u00e9e G\u00e9n\u00e9rale r\u00e9gionale <\/td><td class=\"column-3\">Panazol (87350) Restaurant du Golf de la Porcelaine<\/td><td class=\"column-4\">Journ\u00e9e compl\u00e8te<\/td>\n<\/tr>\n<tr class=\"row-3\">\n\t<td class=\"column-1\">11 juin 2026<\/td><td class=\"column-2\">Sortie amicale <\/td><td class=\"column-3\">Brant\u00f4me (24)<\/td><td class=\"column-4\">Echapp\u00e9e autour de la Venise du P\u00e9rigord<\/td>\n<\/tr>\n<tr class=\"row-4\">\n\t<td class=\"column-1\">4 juin 2026<\/td><td class=\"column-2\">Conseil F\u00e9d\u00e9ral R\u00e9gional<\/td><td class=\"column-3\"><\/td><td class=\"column-4\"><\/td>\n<\/tr>\n<tr class=\"row-5\">\n\t<td class=\"column-1\">xx octobre 2026<\/td><td class=\"column-2\">r\u00e9union \u00e0 th\u00e8me<\/td><td class=\"column-3\">Date \u00e0 fixer (1\u00e8re quinzaine)<\/td><td class=\"column-4\">Th\u00e8me en cours d&rsquo;\u00e9laboration<\/td>\n<\/tr>\n<\/tbody>\n<\/table>\n<!-- #tablepress-1 from cache --><\/span><\/div>\n<div><br><\/div>\n<p><\/p>\t\t\t\t\t\t\t\t<\/div>\n\t\t\t\t<\/div>\n\t\t\t\t\t<\/div>\n\t\t<\/div>\n\t\t\t\t\t<\/div>\n\t\t<\/section>\n\t\t\t\t<\/div>\n\t\t","protected":false},"excerpt":{"rendered":"<p>AGENDA &nbsp;<\/p>\n","protected":false},"author":449,"featured_media":0,"parent":0,"menu_order":0,"comment_status":"closed","ping_status":"open","template":"","meta":{"footnotes":""},"class_list":["post-2","page","type-page","status-publish","hentry"],"_links":{"self":[{"href":"https:\/\/fnrce.fr\/limo\/wp-json\/wp\/v2\/pages\/2","targetHints":{"allow":["GET"]}}],"collection":[{"href":"https:\/\/fnrce.fr\/limo\/wp-json\/wp\/v2\/pages"}],"about":[{"href":"https:\/\/fnrce.fr\/limo\/wp-json\/wp\/v2\/types\/page"}],"author":[{"embeddable":true,"href":"https:\/\/fnrce.fr\/limo\/wp-json\/wp\/v2\/users\/449"}],"replies":[{"embeddable":true,"href":"https:\/\/fnrce.fr\/limo\/wp-json\/wp\/v2\/comments?post=2"}],"version-history":[{"count":0,"href":"https:\/\/fnrce.fr\/limo\/wp-json\/wp\/v2\/pages\/2\/revisions"}],"wp:attachment":[{"href":"https:\/\/fnrce.fr\/limo\/wp-json\/wp\/v2\/media?parent=2"}],"curies":[{"name":"wp","href":"https:\/\/api.w.org\/{rel}","templated":true}]}}