{"id":165,"date":"2023-05-19T12:05:36","date_gmt":"2023-05-19T10:05:36","guid":{"rendered":"https:\/\/fnrce.fr\/larl\/colibri-wp\/"},"modified":"2024-04-21T10:30:16","modified_gmt":"2024-04-21T08:30:16","slug":"colibri-wp","status":"publish","type":"page","link":"https:\/\/fnrce.fr\/larl\/","title":{"rendered":"Accueil"},"content":{"rendered":"\t\t<div data-elementor-type=\"wp-page\" data-elementor-id=\"165\" class=\"elementor elementor-165\">\n\t\t\t\t\t\t<section class=\"elementor-section elementor-top-section elementor-element elementor-element-b4e2c6f elementor-section-full_width elementor-section-height-default elementor-section-height-default\" data-id=\"b4e2c6f\" data-element_type=\"section\" data-e-type=\"section\">\n\t\t\t\t\t\t<div class=\"elementor-container elementor-column-gap-default\">\n\t\t\t\t\t<div class=\"elementor-column elementor-col-100 elementor-top-column elementor-element elementor-element-5f8fd3d\" data-id=\"5f8fd3d\" data-element_type=\"column\" data-e-type=\"column\">\n\t\t\t<div class=\"elementor-widget-wrap elementor-element-populated\">\n\t\t\t\t\t\t<div class=\"elementor-element elementor-element-a08a3b7 elementor-widget elementor-widget-image\" data-id=\"a08a3b7\" data-element_type=\"widget\" data-e-type=\"widget\" data-widget_type=\"image.default\">\n\t\t\t\t<div class=\"elementor-widget-container\">\n\t\t\t\t\t\t\t\t\t\t\t\t\t\t\t<img fetchpriority=\"high\" decoding=\"async\" width=\"1920\" height=\"480\" src=\"https:\/\/fnrce.fr\/larl\/wp-content\/uploads\/sites\/10\/2022\/04\/languedoc_1920.jpg\" class=\"attachment-2048x2048 size-2048x2048 wp-image-7\" alt=\"\" srcset=\"https:\/\/fnrce.fr\/larl\/wp-content\/uploads\/sites\/10\/2022\/04\/languedoc_1920.jpg 1920w, https:\/\/fnrce.fr\/larl\/wp-content\/uploads\/sites\/10\/2022\/04\/languedoc_1920-300x75.jpg 300w, https:\/\/fnrce.fr\/larl\/wp-content\/uploads\/sites\/10\/2022\/04\/languedoc_1920-1024x256.jpg 1024w, https:\/\/fnrce.fr\/larl\/wp-content\/uploads\/sites\/10\/2022\/04\/languedoc_1920-768x192.jpg 768w, https:\/\/fnrce.fr\/larl\/wp-content\/uploads\/sites\/10\/2022\/04\/languedoc_1920-1536x384.jpg 1536w\" sizes=\"(max-width: 1920px) 100vw, 1920px\" \/>\t\t\t\t\t\t\t\t\t\t\t\t\t\t\t<\/div>\n\t\t\t\t<\/div>\n\t\t\t\t\t<\/div>\n\t\t<\/div>\n\t\t\t\t\t<\/div>\n\t\t<\/section>\n\t\t\t\t<section class=\"elementor-section elementor-top-section elementor-element elementor-element-372a9eb elementor-section-full_width elementor-section-height-default elementor-section-height-default\" data-id=\"372a9eb\" data-element_type=\"section\" data-e-type=\"section\">\n\t\t\t\t\t\t<div class=\"elementor-container elementor-column-gap-default\">\n\t\t\t\t\t<div class=\"elementor-column elementor-col-100 elementor-top-column elementor-element elementor-element-ce353f2\" data-id=\"ce353f2\" data-element_type=\"column\" data-e-type=\"column\">\n\t\t\t<div class=\"elementor-widget-wrap elementor-element-populated\">\n\t\t\t\t\t\t<div class=\"elementor-element elementor-element-19d26e3 elementor-widget__width-initial elementor-widget elementor-widget-text-editor\" data-id=\"19d26e3\" data-element_type=\"widget\" data-e-type=\"widget\" data-widget_type=\"text-editor.default\">\n\t\t\t\t<div class=\"elementor-widget-container\">\n\t\t\t\t\t\t\t\t\t<h1 style=\"text-align: center;\"><span style=\"color: #0000ff;\">COMMENT AIDER CEUX QUI VEULENT PREPARER LEUR RETRAITE ?<\/span>\u00a0<\/h1><p>\u00a0<\/p><p><a href=\"https:\/\/fnrce.fr\/hdf\/wp-content\/uploads\/sites\/10\/2024\/02\/GUIDE-DE-PREPARATION-A-LA-RETRAITE.pdf\"><img decoding=\"async\" class=\"wp-image-299629 size-full aligncenter\" src=\"https:\/\/fnrce.fr\/hdf\/wp-content\/uploads\/sites\/10\/2024\/02\/2024-02-23_10h43_02.png\" alt=\"\" width=\"609\" height=\"403\" srcset=\"https:\/\/fnrce.fr\/larl\/wp-content\/uploads\/sites\/10\/2024\/02\/2024-02-23_10h43_02.png 609w, https:\/\/fnrce.fr\/larl\/wp-content\/uploads\/sites\/10\/2024\/02\/2024-02-23_10h43_02-300x199.png 300w\" sizes=\"(max-width: 609px) 100vw, 609px\" \/><\/a><\/p><h4 style=\"text-align: center;\"><span style=\"color: #0000ff;\">Ce document est mis \u00e0 votre disposition pour pr\u00e9parer au mieux votre d\u00e9part \u00e0 la retraite<\/span><\/h4><div style=\"text-align: center;\"><span style=\"color: #0000ff;\">Cliquez sur l&rsquo;image pour acc\u00e9der au document<\/span><\/div>\t\t\t\t\t\t\t\t<\/div>\n\t\t\t\t<\/div>\n\t\t\t\t\t<\/div>\n\t\t<\/div>\n\t\t\t\t\t<\/div>\n\t\t<\/section>\n\t\t\t\t<section class=\"elementor-section elementor-top-section elementor-element elementor-element-b30f1f4 elementor-section-full_width elementor-section-height-default elementor-section-height-default\" data-id=\"b30f1f4\" data-element_type=\"section\" data-e-type=\"section\">\n\t\t\t\t\t\t<div class=\"elementor-container elementor-column-gap-default\">\n\t\t\t\t\t<div class=\"elementor-column elementor-col-100 elementor-top-column elementor-element elementor-element-b26879f\" data-id=\"b26879f\" data-element_type=\"column\" data-e-type=\"column\">\n\t\t\t<div class=\"elementor-widget-wrap elementor-element-populated\">\n\t\t\t\t\t\t<div class=\"elementor-element elementor-element-1fbd9d9 elementor-widget elementor-widget-heading\" data-id=\"1fbd9d9\" data-element_type=\"widget\" data-e-type=\"widget\" data-widget_type=\"heading.default\">\n\t\t\t\t<div class=\"elementor-widget-container\">\n\t\t\t\t\t<h2 class=\"elementor-heading-title elementor-size-default\">AG r\u00e9gionale 2024<\/h2>\t\t\t\t<\/div>\n\t\t\t\t<\/div>\n\t\t\t\t<div class=\"elementor-element elementor-element-c8041c3 elementor-widget elementor-widget-text-editor\" data-id=\"c8041c3\" data-element_type=\"widget\" data-e-type=\"widget\" data-widget_type=\"text-editor.default\">\n\t\t\t\t<div class=\"elementor-widget-container\">\n\t\t\t\t\t\t\t\t\t<p style=\"text-align: center;\">\u00a0 \u00a0 \u00a0 \u00a0<img decoding=\"async\" class=\"alignnone wp-image-299638 size-large\" src=\"https:\/\/fnrce.fr\/hdf\/wp-content\/uploads\/sites\/10\/2024\/02\/2024-02-23_11h20_28-1024x567.png\" alt=\"\" width=\"640\" height=\"354\" srcset=\"https:\/\/fnrce.fr\/larl\/wp-content\/uploads\/sites\/10\/2024\/02\/2024-02-23_11h20_28-1024x567.png 1024w, https:\/\/fnrce.fr\/larl\/wp-content\/uploads\/sites\/10\/2024\/02\/2024-02-23_11h20_28-300x166.png 300w, https:\/\/fnrce.fr\/larl\/wp-content\/uploads\/sites\/10\/2024\/02\/2024-02-23_11h20_28-768x426.png 768w, https:\/\/fnrce.fr\/larl\/wp-content\/uploads\/sites\/10\/2024\/02\/2024-02-23_11h20_28.png 1043w\" sizes=\"(max-width: 640px) 100vw, 640px\" \/><\/p><p style=\"text-align: center;\"><span style=\"color: #0000ff;\">L&rsquo;assembl\u00e9e r\u00e9gionale s&rsquo;est tenue le 3 avril 2024 au mas de Saporta.<\/span><\/p><p style=\"text-align: center;\"><span style=\"color: #0000ff;\"> <span style=\"font-size: 1rem;\">Parcourez les documents et\u00a0<\/span><\/span><\/p><p style=\"text-align: center;\"><span style=\"font-size: 1rem; color: #0000ff;\">reportages photos <strong><span style=\"color: #003366;\"><a href=\"https:\/\/fnrce.fr\/larl\/2024\/04\/19\/ag-2024\/\"><img loading=\"lazy\" decoding=\"async\" class=\"alignnone wp-image-43 size-full\" src=\"https:\/\/fnrce.fr\/hdf\/wp-content\/uploads\/sites\/10\/2022\/04\/clic.gif\" alt=\"\" width=\"150\" height=\"72\" \/><\/a><\/span><\/strong><\/span><\/p>\t\t\t\t\t\t\t\t<\/div>\n\t\t\t\t<\/div>\n\t\t\t\t<div class=\"elementor-element elementor-element-91f6ea9 elementor-widget elementor-widget-heading\" data-id=\"91f6ea9\" data-element_type=\"widget\" data-e-type=\"widget\" data-widget_type=\"heading.default\">\n\t\t\t\t<div class=\"elementor-widget-container\">\n\t\t\t\t\t<h2 class=\"elementor-heading-title elementor-size-default\">AG r\u00e9gionale 2023<br><br><\/h2>\t\t\t\t<\/div>\n\t\t\t\t<\/div>\n\t\t\t\t<div class=\"elementor-element elementor-element-c0efa32 elementor-widget elementor-widget-text-editor\" data-id=\"c0efa32\" data-element_type=\"widget\" data-e-type=\"widget\" data-widget_type=\"text-editor.default\">\n\t\t\t\t<div class=\"elementor-widget-container\">\n\t\t\t\t\t\t\t\t\t<p style=\"text-align: center\"><strong><span style=\"color: #003366\">Parcourez les documents et reportage \u00a0<a href=\"https:\/\/fnrce.fr\/larl\/adherents\/\"><img loading=\"lazy\" decoding=\"async\" class=\"alignnone size-full wp-image-43\" src=\"https:\/\/fnrce.fr\/larl\/wp-content\/uploads\/sites\/10\/2022\/04\/clic.gif\" alt=\"\" width=\"150\" height=\"72\" \/><\/a><\/span><\/strong><\/p>\t\t\t\t\t\t\t\t<\/div>\n\t\t\t\t<\/div>\n\t\t\t\t<div class=\"elementor-element elementor-element-845d8f8 elementor-widget elementor-widget-heading\" data-id=\"845d8f8\" data-element_type=\"widget\" data-e-type=\"widget\" data-widget_type=\"heading.default\">\n\t\t\t\t<div class=\"elementor-widget-container\">\n\t\t\t\t\t<h2 class=\"elementor-heading-title elementor-size-default\">AG r\u00e9gionale 2022 - reportage<\/h2>\t\t\t\t<\/div>\n\t\t\t\t<\/div>\n\t\t\t\t<div class=\"elementor-element elementor-element-e222a4d elementor-widget elementor-widget-text-editor\" data-id=\"e222a4d\" data-element_type=\"widget\" data-e-type=\"widget\" data-widget_type=\"text-editor.default\">\n\t\t\t\t<div class=\"elementor-widget-container\">\n\t\t\t\t\t\t\t\t\t<p style=\"text-align: center\"><strong><span style=\"color: #003366\">Moment important de la vie de notre F\u00e9d\u00e9ration, parcourez les documents et reportage <img loading=\"lazy\" decoding=\"async\" class=\"alignnone size-full wp-image-51\" src=\"https:\/\/fnrce.fr\/larl\/wp-content\/uploads\/sites\/10\/2022\/04\/doigt.gif\" alt=\"\" width=\"96\" height=\"32\" \/> <a href=\"https:\/\/fnrce.fr\/larl\/adherents\/\"><img loading=\"lazy\" decoding=\"async\" class=\"alignnone size-full wp-image-43\" src=\"https:\/\/fnrce.fr\/larl\/wp-content\/uploads\/sites\/10\/2022\/04\/clic.gif\" alt=\"\" width=\"150\" height=\"72\" \/><\/a><\/span><\/strong><\/p>\t\t\t\t\t\t\t\t<\/div>\n\t\t\t\t<\/div>\n\t\t\t\t\t<\/div>\n\t\t<\/div>\n\t\t\t\t\t<\/div>\n\t\t<\/section>\n\t\t\t\t<section class=\"elementor-section elementor-top-section elementor-element elementor-element-33e7e28 elementor-section-boxed elementor-section-height-default elementor-section-height-default\" data-id=\"33e7e28\" data-element_type=\"section\" data-e-type=\"section\">\n\t\t\t\t\t\t<div class=\"elementor-container elementor-column-gap-default\">\n\t\t\t\t\t<div class=\"elementor-column elementor-col-100 elementor-top-column elementor-element elementor-element-1ff9d9b\" data-id=\"1ff9d9b\" data-element_type=\"column\" data-e-type=\"column\">\n\t\t\t<div class=\"elementor-widget-wrap\">\n\t\t\t\t\t\t\t<\/div>\n\t\t<\/div>\n\t\t\t\t\t<\/div>\n\t\t<\/section>\n\t\t\t\t<\/div>\n\t\t","protected":false},"excerpt":{"rendered":"<p>COMMENT AIDER CEUX QUI VEULENT PREPARER LEUR RETRAITE ?\u00a0 \u00a0 Ce document est mis \u00e0 votre disposition pour pr\u00e9parer au mieux votre d\u00e9part \u00e0 la retraite Cliquez sur l&rsquo;image pour acc\u00e9der au document AG r\u00e9gionale 2024 \u00a0 \u00a0 \u00a0 \u00a0 L&rsquo;assembl\u00e9e r\u00e9gionale s&rsquo;est tenue le 3 avril 2024 au mas de Saporta. Parcourez les documents [&hellip;]<\/p>\n","protected":false},"author":1,"featured_media":0,"parent":0,"menu_order":0,"comment_status":"closed","ping_status":"closed","template":"elementor_header_footer","meta":{"footnotes":""},"class_list":["post-165","page","type-page","status-publish","hentry"],"_links":{"self":[{"href":"https:\/\/fnrce.fr\/larl\/wp-json\/wp\/v2\/pages\/165","targetHints":{"allow":["GET"]}}],"collection":[{"href":"https:\/\/fnrce.fr\/larl\/wp-json\/wp\/v2\/pages"}],"about":[{"href":"https:\/\/fnrce.fr\/larl\/wp-json\/wp\/v2\/types\/page"}],"author":[{"embeddable":true,"href":"https:\/\/fnrce.fr\/larl\/wp-json\/wp\/v2\/users\/1"}],"replies":[{"embeddable":true,"href":"https:\/\/fnrce.fr\/larl\/wp-json\/wp\/v2\/comments?post=165"}],"version-history":[{"count":0,"href":"https:\/\/fnrce.fr\/larl\/wp-json\/wp\/v2\/pages\/165\/revisions"}],"wp:attachment":[{"href":"https:\/\/fnrce.fr\/larl\/wp-json\/wp\/v2\/media?parent=165"}],"curies":[{"name":"wp","href":"https:\/\/api.w.org\/{rel}","templated":true}]}}