{"id":163,"date":"2026-03-03T20:46:50","date_gmt":"2026-03-03T19:46:50","guid":{"rendered":"https:\/\/fnrce.fr\/idf\/?page_id=163"},"modified":"2026-03-03T20:46:52","modified_gmt":"2026-03-03T19:46:52","slug":"adherents","status":"publish","type":"page","link":"https:\/\/fnrce.fr\/idf\/adherents","title":{"rendered":"Adh\u00e9rents"},"content":{"rendered":"\t\t<div data-elementor-type=\"wp-page\" data-elementor-id=\"163\" class=\"elementor elementor-163\">\n\t\t\t\t\t\t<section class=\"elementor-section elementor-top-section elementor-element elementor-element-5ccd808 elementor-section-boxed elementor-section-height-default elementor-section-height-default\" data-id=\"5ccd808\" data-element_type=\"section\" data-e-type=\"section\">\n\t\t\t\t\t\t<div class=\"elementor-container elementor-column-gap-default\">\n\t\t\t\t\t<div class=\"elementor-column elementor-col-100 elementor-top-column elementor-element elementor-element-f7d3edf\" data-id=\"f7d3edf\" data-element_type=\"column\" data-e-type=\"column\">\n\t\t\t<div class=\"elementor-widget-wrap\">\n\t\t\t\t\t\t\t<\/div>\n\t\t<\/div>\n\t\t\t\t\t<\/div>\n\t\t<\/section>\n\t\t\t\t<section class=\"elementor-section elementor-top-section elementor-element elementor-element-cdf4722 elementor-section-boxed elementor-section-height-default elementor-section-height-default\" data-id=\"cdf4722\" data-element_type=\"section\" data-e-type=\"section\">\n\t\t\t\t\t\t<div class=\"elementor-container elementor-column-gap-default\">\n\t\t\t\t\t<div class=\"elementor-column elementor-col-100 elementor-top-column elementor-element elementor-element-3420172\" data-id=\"3420172\" data-element_type=\"column\" data-e-type=\"column\">\n\t\t\t<div class=\"elementor-widget-wrap elementor-element-populated\">\n\t\t\t\t\t\t<div class=\"elementor-element elementor-element-114b0c5 elementor-widget elementor-widget-heading\" data-id=\"114b0c5\" data-element_type=\"widget\" data-e-type=\"widget\" data-widget_type=\"heading.default\">\n\t\t\t\t<div class=\"elementor-widget-container\">\n\t\t\t\t\t<h2 class=\"elementor-heading-title elementor-size-default\">Les 38\u00e8mes Assises Nationales de la F\u00e9d\u00e9ration des Retrait\u00e9s Caisse d\u2019Epargne<br><br> se d\u00e9rouleront\ndu 17 au 19 septembre 2026<br><br>\nen r\u00e9gion Centre-Val de Loire, \u00e0 Orl\u00e9ans.<\/h2>\t\t\t\t<\/div>\n\t\t\t\t<\/div>\n\t\t\t\t\t<\/div>\n\t\t<\/div>\n\t\t\t\t\t<\/div>\n\t\t<\/section>\n\t\t\t\t<section class=\"elementor-section elementor-top-section elementor-element elementor-element-8461c45 elementor-section-boxed elementor-section-height-default elementor-section-height-default\" data-id=\"8461c45\" data-element_type=\"section\" data-e-type=\"section\">\n\t\t\t\t\t\t<div class=\"elementor-container elementor-column-gap-default\">\n\t\t\t\t\t<div class=\"elementor-column elementor-col-100 elementor-top-column elementor-element elementor-element-47d1f39\" data-id=\"47d1f39\" data-element_type=\"column\" data-e-type=\"column\">\n\t\t\t<div class=\"elementor-widget-wrap elementor-element-populated\">\n\t\t\t\t\t\t<div class=\"elementor-element elementor-element-48a8997 elementor-widget elementor-widget-text-editor\" data-id=\"48a8997\" data-element_type=\"widget\" data-e-type=\"widget\" data-widget_type=\"text-editor.default\">\n\t\t\t\t<div class=\"elementor-widget-container\">\n\t\t\t\t\t\t\t\t\t<p style=\"text-align: center;\"><span style=\"color: #003366;\"><strong>PROGRAMME ORLEANS \u2013 VAL DE LOIRE<\/strong><\/span><\/p><p style=\"text-align: center;\"><span style=\"color: #003366;\"><strong>H\u00c9BERGEMENT en c\u0153ur de ville<\/strong><\/span><\/p><p style=\"text-align: center;\"><span style=\"color: #003366;\"><strong>BULLETIN D\u2019INSCRIPTION<\/strong><\/span><\/p><p style=\"text-align: center;\"><a href=\"https:\/\/fnrce.fr\/assises-2025\"><strong>Inscriptions ouvertes jusqu\u2019au 28 MARS<\/strong><\/a><a href=\"https:\/\/fnrce.fr\/wp-content\/uploads\/2026\/02\/FNRCE_Assises_2026_Bulletin_Inscription.pdf\"><img fetchpriority=\"high\" decoding=\"async\" class=\"aligncenter wp-image-2872 size-full\" src=\"https:\/\/fnrce.fr\/wp-content\/uploads\/2021\/05\/ICIClic.jpg\" alt=\"\" width=\"251\" height=\"201\" data-wp-editing=\"1\" \/><\/a><\/p>\t\t\t\t\t\t\t\t<\/div>\n\t\t\t\t<\/div>\n\t\t\t\t\t<\/div>\n\t\t<\/div>\n\t\t\t\t\t<\/div>\n\t\t<\/section>\n\t\t\t\t<section class=\"elementor-section elementor-top-section elementor-element elementor-element-80b37ef elementor-section-boxed elementor-section-height-default elementor-section-height-default\" data-id=\"80b37ef\" data-element_type=\"section\" data-e-type=\"section\">\n\t\t\t\t\t\t<div class=\"elementor-container elementor-column-gap-default\">\n\t\t\t\t\t<div class=\"elementor-column elementor-col-100 elementor-top-column elementor-element elementor-element-8f3c6a4\" data-id=\"8f3c6a4\" data-element_type=\"column\" data-e-type=\"column\">\n\t\t\t<div class=\"elementor-widget-wrap elementor-element-populated\">\n\t\t\t\t\t\t<div class=\"elementor-element elementor-element-309fcc9 elementor-widget elementor-widget-text-editor\" data-id=\"309fcc9\" data-element_type=\"widget\" data-e-type=\"widget\" data-widget_type=\"text-editor.default\">\n\t\t\t\t<div class=\"elementor-widget-container\">\n\t\t\t\t\t\t\t\t\t<p style=\"text-align: center;\"><strong><span style=\"color: #003366;\">La date de l\u2019Assembl\u00e9e G\u00e9n\u00e9rale est fix\u00e9e au vendredi 18 septembre<\/span><\/strong><\/p><p style=\"text-align: center;\"><strong><span style=\"color: #003366;\">Elle se tiendra \u00e0\u00a0l\u2019espace St Euverte \u00e0 Orl\u00e9ans<\/span><\/strong><\/p><p><strong><span style=\"color: #003366;\">L\u2019ensemble du Conseil F\u00e9d\u00e9ral R\u00e9gional Centre Val de Loire et moi m\u00eame sommes\u00a0impatients de pouvoir vous accueillir, de vous int\u00e9resser et de vous surprendre tout\u00a0au long de votre s\u00e9jour.\u00a0Notre r\u00e9gion du Centre Val de Loire rec\u00e8le de nombreux tr\u00e9sors et nous allons tenter\u00a0de vous en faire partager certains.<\/span><\/strong><\/p><p><strong><span style=\"color: #003366;\">Nous souhaitons que nous puissions passer d\u2019agr\u00e9ables moments ensemble et comptons vous faire profiter des multiples surprises que nous vous r\u00e9servons tout au long de ces journ\u00e9es. <\/span><\/strong><strong><span style=\"color: #003366;\">Nous faisons le maximum pour nous, l\u2019esp\u00e9rons rendre ces assises 2026 inoubliables pour les participants que vous allez \u00eatre.<\/span><\/strong><\/p><p><strong><span style=\"color: #003366;\">Jean-Max L\u00c9GER<\/span><\/strong><\/p><p><strong><span style=\"color: #003366;\">Pr\u00e9sident de la section r\u00e9gionale Centre-Val de Loire<\/span><\/strong><\/p>\t\t\t\t\t\t\t\t<\/div>\n\t\t\t\t<\/div>\n\t\t\t\t\t<\/div>\n\t\t<\/div>\n\t\t\t\t\t<\/div>\n\t\t<\/section>\n\t\t\t\t<section class=\"elementor-section elementor-top-section elementor-element elementor-element-0aa74a7 elementor-section-boxed elementor-section-height-default elementor-section-height-default\" data-id=\"0aa74a7\" data-element_type=\"section\" data-e-type=\"section\">\n\t\t\t\t\t\t<div class=\"elementor-container elementor-column-gap-default\">\n\t\t\t\t\t<div class=\"elementor-column elementor-col-100 elementor-top-column elementor-element elementor-element-b784d5c\" data-id=\"b784d5c\" data-element_type=\"column\" data-e-type=\"column\">\n\t\t\t<div class=\"elementor-widget-wrap elementor-element-populated\">\n\t\t\t\t\t\t<div class=\"elementor-element elementor-element-86d69dd elementor-widget elementor-widget-video\" data-id=\"86d69dd\" data-element_type=\"widget\" data-e-type=\"widget\" data-settings=\"{&quot;youtube_url&quot;:&quot;https:\\\/\\\/youtu.be\\\/_YPSlY025nU?si=r8H3d0-lUlzzW9uL&quot;,&quot;video_type&quot;:&quot;youtube&quot;,&quot;controls&quot;:&quot;yes&quot;}\" data-widget_type=\"video.default\">\n\t\t\t\t<div class=\"elementor-widget-container\">\n\t\t\t\t\t\t\t<div class=\"elementor-wrapper elementor-open-inline\">\n\t\t\t<div class=\"elementor-video\"><\/div>\t\t<\/div>\n\t\t\t\t\t\t<\/div>\n\t\t\t\t<\/div>\n\t\t\t\t\t<\/div>\n\t\t<\/div>\n\t\t\t\t\t<\/div>\n\t\t<\/section>\n\t\t\t\t<\/div>\n\t\t","protected":false},"excerpt":{"rendered":"<p>Les 38\u00e8mes Assises Nationales de la F\u00e9d\u00e9ration des Retrait\u00e9s Caisse d\u2019Epargne se d\u00e9rouleront du 17 au 19 septembre 2026 en&hellip;<\/p>\n","protected":false},"author":9,"featured_media":0,"parent":0,"menu_order":0,"comment_status":"closed","ping_status":"closed","template":"","meta":{"footnotes":""},"class_list":["post-163","page","type-page","status-publish","hentry"],"_links":{"self":[{"href":"https:\/\/fnrce.fr\/idf\/wp-json\/wp\/v2\/pages\/163","targetHints":{"allow":["GET"]}}],"collection":[{"href":"https:\/\/fnrce.fr\/idf\/wp-json\/wp\/v2\/pages"}],"about":[{"href":"https:\/\/fnrce.fr\/idf\/wp-json\/wp\/v2\/types\/page"}],"author":[{"embeddable":true,"href":"https:\/\/fnrce.fr\/idf\/wp-json\/wp\/v2\/users\/9"}],"replies":[{"embeddable":true,"href":"https:\/\/fnrce.fr\/idf\/wp-json\/wp\/v2\/comments?post=163"}],"version-history":[{"count":0,"href":"https:\/\/fnrce.fr\/idf\/wp-json\/wp\/v2\/pages\/163\/revisions"}],"wp:attachment":[{"href":"https:\/\/fnrce.fr\/idf\/wp-json\/wp\/v2\/media?parent=163"}],"curies":[{"name":"wp","href":"https:\/\/api.w.org\/{rel}","templated":true}]}}