{"id":550,"date":"2022-04-01T18:41:20","date_gmt":"2022-04-01T16:41:20","guid":{"rendered":"https:\/\/fnrce.fr\/hdf\/?page_id=550"},"modified":"2026-03-25T18:23:23","modified_gmt":"2026-03-25T17:23:23","slug":"ag-2022-compiegne","status":"publish","type":"page","link":"https:\/\/fnrce.fr\/hdf\/ag-2022-compiegne\/","title":{"rendered":"AG 2022 Compi\u00e8gne"},"content":{"rendered":"\t\t<div data-elementor-type=\"wp-page\" data-elementor-id=\"550\" class=\"elementor elementor-550\">\n\t\t\t\t\t\t<section class=\"elementor-section elementor-top-section elementor-element elementor-element-51f6b95 elementor-section-boxed elementor-section-height-default elementor-section-height-default\" data-id=\"51f6b95\" data-element_type=\"section\" data-e-type=\"section\">\n\t\t\t\t\t\t<div class=\"elementor-container elementor-column-gap-default\">\n\t\t\t\t\t<div class=\"elementor-column elementor-col-100 elementor-top-column elementor-element elementor-element-c2d2de9\" data-id=\"c2d2de9\" data-element_type=\"column\" data-e-type=\"column\">\n\t\t\t<div class=\"elementor-widget-wrap elementor-element-populated\">\n\t\t\t\t\t\t<div class=\"elementor-element elementor-element-2ee1ff7 elementor-widget elementor-widget-image\" data-id=\"2ee1ff7\" data-element_type=\"widget\" data-e-type=\"widget\" data-widget_type=\"image.default\">\n\t\t\t\t<div class=\"elementor-widget-container\">\n\t\t\t\t\t\t\t\t\t\t\t\t\t\t\t<img decoding=\"async\" src=\"https:\/\/fnrce.fr\/hdf\/wp-content\/uploads\/sites\/5\/2022\/03\/IMG_20220324_111049-scaled.jpg\" title=\"\" alt=\"\" loading=\"lazy\" \/>\t\t\t\t\t\t\t\t\t\t\t\t\t\t\t<\/div>\n\t\t\t\t<\/div>\n\t\t\t\t\t<\/div>\n\t\t<\/div>\n\t\t\t\t\t<\/div>\n\t\t<\/section>\n\t\t\t\t<section class=\"elementor-section elementor-top-section elementor-element elementor-element-0040c7a elementor-section-boxed elementor-section-height-default elementor-section-height-default\" data-id=\"0040c7a\" data-element_type=\"section\" data-e-type=\"section\">\n\t\t\t\t\t\t<div class=\"elementor-container elementor-column-gap-default\">\n\t\t\t\t\t<div class=\"elementor-column elementor-col-100 elementor-top-column elementor-element elementor-element-9f8ead3\" data-id=\"9f8ead3\" data-element_type=\"column\" data-e-type=\"column\">\n\t\t\t<div class=\"elementor-widget-wrap elementor-element-populated\">\n\t\t\t\t\t\t<div class=\"elementor-element elementor-element-9bb0f09 elementor-widget elementor-widget-heading\" data-id=\"9bb0f09\" data-element_type=\"widget\" data-e-type=\"widget\" data-widget_type=\"heading.default\">\n\t\t\t\t<div class=\"elementor-widget-container\">\n\t\t\t\t\t<h2 class=\"elementor-heading-title elementor-size-default\">ASSEMBL\u00c9E G\u00c9N\u00c9RALE DU 24 MARS 2022<\/h2>\t\t\t\t<\/div>\n\t\t\t\t<\/div>\n\t\t\t\t<div class=\"elementor-element elementor-element-454a1bb elementor-widget elementor-widget-text-editor\" data-id=\"454a1bb\" data-element_type=\"widget\" data-e-type=\"widget\" data-widget_type=\"text-editor.default\">\n\t\t\t\t<div class=\"elementor-widget-container\">\n\t\t\t\t\t\t\t\t\t<p style=\"text-align: center;\"><span style=\"color: #000080;\">Le plaisir de se retrouver en pr\u00e9sentiel apr\u00e8s une nouvelle phase pand\u00e9mique n\u00e9cessitant des semaines d&rsquo;isolement.<\/span><\/p>\t\t\t\t\t\t\t\t<\/div>\n\t\t\t\t<\/div>\n\t\t\t\t\t<\/div>\n\t\t<\/div>\n\t\t\t\t\t<\/div>\n\t\t<\/section>\n\t\t\t\t<section class=\"elementor-section elementor-top-section elementor-element elementor-element-4779979 elementor-section-boxed elementor-section-height-default elementor-section-height-default\" data-id=\"4779979\" data-element_type=\"section\" data-e-type=\"section\">\n\t\t\t\t\t\t<div class=\"elementor-container elementor-column-gap-default\">\n\t\t\t\t\t<div class=\"elementor-column elementor-col-100 elementor-top-column elementor-element elementor-element-86e6cbb\" data-id=\"86e6cbb\" data-element_type=\"column\" data-e-type=\"column\">\n\t\t\t<div class=\"elementor-widget-wrap elementor-element-populated\">\n\t\t\t\t\t\t<div class=\"elementor-element elementor-element-1b21ec6 elementor-widget elementor-widget-image-gallery\" data-id=\"1b21ec6\" data-element_type=\"widget\" data-e-type=\"widget\" data-widget_type=\"image-gallery.default\">\n\t\t\t\t<div class=\"elementor-widget-container\">\n\t\t\t\t\t\t\t<div class=\"elementor-image-gallery\">\n\t\t\t<div id='gallery-1' class='gallery galleryid-550 gallery-columns-4 gallery-size-thumbnail'><figure class='gallery-item'>\n\t\t\t<div class='gallery-icon landscape'>\n\t\t\t\t<a data-elementor-open-lightbox=\"yes\" data-elementor-lightbox-slideshow=\"1b21ec6\" data-elementor-lightbox-title=\"IMG_20220324_121618\" data-e-action-hash=\"#elementor-action%3Aaction%3Dlightbox%26settings%3DeyJpZCI6NTA4LCJ1cmwiOiJodHRwczpcL1wvZm5yY2UuZnJcL2hkZlwvd3AtY29udGVudFwvdXBsb2Fkc1wvc2l0ZXNcLzVcLzIwMjJcLzAzXC9JTUdfMjAyMjAzMjRfMTIxNjE4LXNjYWxlZC5qcGciLCJzbGlkZXNob3ciOiIxYjIxZWM2In0%3D\" href='https:\/\/fnrce.fr\/hdf\/wp-content\/uploads\/sites\/5\/2022\/03\/IMG_20220324_121618-scaled.jpg'><img decoding=\"async\" width=\"150\" height=\"150\" src=\"https:\/\/fnrce.fr\/hdf\/wp-content\/uploads\/sites\/5\/2022\/03\/IMG_20220324_121618-150x150.jpg\" class=\"attachment-thumbnail size-thumbnail\" alt=\"\" \/><\/a>\n\t\t\t<\/div><\/figure><figure class='gallery-item'>\n\t\t\t<div class='gallery-icon landscape'>\n\t\t\t\t<a data-elementor-open-lightbox=\"yes\" data-elementor-lightbox-slideshow=\"1b21ec6\" data-elementor-lightbox-title=\"IMG_20220324_120235\" data-e-action-hash=\"#elementor-action%3Aaction%3Dlightbox%26settings%3DeyJpZCI6NTA3LCJ1cmwiOiJodHRwczpcL1wvZm5yY2UuZnJcL2hkZlwvd3AtY29udGVudFwvdXBsb2Fkc1wvc2l0ZXNcLzVcLzIwMjJcLzAzXC9JTUdfMjAyMjAzMjRfMTIwMjM1LXNjYWxlZC5qcGciLCJzbGlkZXNob3ciOiIxYjIxZWM2In0%3D\" href='https:\/\/fnrce.fr\/hdf\/wp-content\/uploads\/sites\/5\/2022\/03\/IMG_20220324_120235-scaled.jpg'><img decoding=\"async\" width=\"150\" height=\"150\" src=\"https:\/\/fnrce.fr\/hdf\/wp-content\/uploads\/sites\/5\/2022\/03\/IMG_20220324_120235-150x150.jpg\" class=\"attachment-thumbnail size-thumbnail\" alt=\"\" \/><\/a>\n\t\t\t<\/div><\/figure><figure class='gallery-item'>\n\t\t\t<div class='gallery-icon landscape'>\n\t\t\t\t<a data-elementor-open-lightbox=\"yes\" data-elementor-lightbox-slideshow=\"1b21ec6\" data-elementor-lightbox-title=\"IMG_20220324_113352\" data-e-action-hash=\"#elementor-action%3Aaction%3Dlightbox%26settings%3DeyJpZCI6NTA2LCJ1cmwiOiJodHRwczpcL1wvZm5yY2UuZnJcL2hkZlwvd3AtY29udGVudFwvdXBsb2Fkc1wvc2l0ZXNcLzVcLzIwMjJcLzAzXC9JTUdfMjAyMjAzMjRfMTEzMzUyLXNjYWxlZC5qcGciLCJzbGlkZXNob3ciOiIxYjIxZWM2In0%3D\" href='https:\/\/fnrce.fr\/hdf\/wp-content\/uploads\/sites\/5\/2022\/03\/IMG_20220324_113352-scaled.jpg'><img decoding=\"async\" width=\"150\" height=\"150\" src=\"https:\/\/fnrce.fr\/hdf\/wp-content\/uploads\/sites\/5\/2022\/03\/IMG_20220324_113352-150x150.jpg\" class=\"attachment-thumbnail size-thumbnail\" alt=\"\" \/><\/a>\n\t\t\t<\/div><\/figure><figure class='gallery-item'>\n\t\t\t<div class='gallery-icon landscape'>\n\t\t\t\t<a data-elementor-open-lightbox=\"yes\" data-elementor-lightbox-slideshow=\"1b21ec6\" data-elementor-lightbox-title=\"AG 2022 Compi\u00e8gne (7)\" data-e-action-hash=\"#elementor-action%3Aaction%3Dlightbox%26settings%3DeyJpZCI6MzAyMzQxLCJ1cmwiOiJodHRwczpcL1wvZm5yY2UuZnJcL2hkZlwvd3AtY29udGVudFwvdXBsb2Fkc1wvc2l0ZXNcLzVcLzIwMjZcLzAzXC9BRy0yMDIyLUNvbXBpZWduZS03LTEuanBnIiwic2xpZGVzaG93IjoiMWIyMWVjNiJ9\" href='https:\/\/fnrce.fr\/hdf\/wp-content\/uploads\/sites\/5\/2026\/03\/AG-2022-Compiegne-7-1.jpg'><img loading=\"lazy\" decoding=\"async\" width=\"150\" height=\"150\" src=\"https:\/\/fnrce.fr\/hdf\/wp-content\/uploads\/sites\/5\/2026\/03\/AG-2022-Compiegne-7-1-150x150.jpg\" class=\"attachment-thumbnail size-thumbnail\" alt=\"\" \/><\/a>\n\t\t\t<\/div><\/figure>\n\t\t<\/div>\n\t\t<\/div>\n\t\t\t\t\t\t<\/div>\n\t\t\t\t<\/div>\n\t\t\t\t\t<\/div>\n\t\t<\/div>\n\t\t\t\t\t<\/div>\n\t\t<\/section>\n\t\t\t\t<section class=\"elementor-section elementor-top-section elementor-element elementor-element-7718fcf elementor-section-boxed elementor-section-height-default elementor-section-height-default\" data-id=\"7718fcf\" data-element_type=\"section\" data-e-type=\"section\">\n\t\t\t\t\t\t<div class=\"elementor-container elementor-column-gap-default\">\n\t\t\t\t\t<div class=\"elementor-column elementor-col-100 elementor-top-column elementor-element elementor-element-0000324\" data-id=\"0000324\" data-element_type=\"column\" data-e-type=\"column\">\n\t\t\t<div class=\"elementor-widget-wrap elementor-element-populated\">\n\t\t\t\t\t\t<div class=\"elementor-element elementor-element-b0e458a elementor-button-info elementor-align-center elementor-widget elementor-widget-button\" data-id=\"b0e458a\" data-element_type=\"widget\" data-e-type=\"widget\" data-widget_type=\"button.default\">\n\t\t\t\t<div class=\"elementor-widget-container\">\n\t\t\t\t\t\t\t\t\t<div class=\"elementor-button-wrapper\">\n\t\t\t\t\t<a class=\"elementor-button elementor-button-link elementor-size-sm\" href=\"https:\/\/photos.app.goo.gl\/NyzPEHxwT5JhD6ki7\" target=\"_blank\">\n\t\t\t\t\t\t<span class=\"elementor-button-content-wrapper\">\n\t\t\t\t\t\t\t\t\t<span class=\"elementor-button-text\">GALERIE PHOTOS COMPL\u00c8TE, CLIQUEZ ICI<\/span>\n\t\t\t\t\t<\/span>\n\t\t\t\t\t<\/a>\n\t\t\t\t<\/div>\n\t\t\t\t\t\t\t\t<\/div>\n\t\t\t\t<\/div>\n\t\t\t\t\t<\/div>\n\t\t<\/div>\n\t\t\t\t\t<\/div>\n\t\t<\/section>\n\t\t\t\t<section class=\"elementor-section elementor-top-section elementor-element elementor-element-cd4a691 elementor-section-boxed elementor-section-height-default elementor-section-height-default\" data-id=\"cd4a691\" data-element_type=\"section\" data-e-type=\"section\">\n\t\t\t\t\t\t<div class=\"elementor-container elementor-column-gap-default\">\n\t\t\t\t\t<div class=\"elementor-column elementor-col-25 elementor-top-column elementor-element elementor-element-b43cf20\" data-id=\"b43cf20\" data-element_type=\"column\" data-e-type=\"column\">\n\t\t\t<div class=\"elementor-widget-wrap elementor-element-populated\">\n\t\t\t\t\t\t<div class=\"elementor-element elementor-element-54f09f2 elementor-widget elementor-widget-image\" data-id=\"54f09f2\" data-element_type=\"widget\" data-e-type=\"widget\" data-widget_type=\"image.default\">\n\t\t\t\t<div class=\"elementor-widget-container\">\n\t\t\t\t\t\t\t\t\t\t\t\t<figure class=\"wp-caption\">\n\t\t\t\t\t\t\t\t\t\t\t<a href=\"https:\/\/fnrce.fr\/hdf\/wp-content\/uploads\/sites\/5\/2022\/04\/compte-rendu-AG-du-24-Mars-2022-Copie.pdf\">\n\t\t\t\t\t\t\t<img loading=\"lazy\" decoding=\"async\" width=\"239\" height=\"346\" src=\"https:\/\/fnrce.fr\/hdf\/wp-content\/uploads\/sites\/5\/2022\/10\/HDF-2022-10-04_12h57_58.png\" class=\"attachment-large size-large wp-image-299205\" alt=\"\" srcset=\"https:\/\/fnrce.fr\/hdf\/wp-content\/uploads\/sites\/5\/2022\/10\/HDF-2022-10-04_12h57_58.png 239w, https:\/\/fnrce.fr\/hdf\/wp-content\/uploads\/sites\/5\/2022\/10\/HDF-2022-10-04_12h57_58-207x300.png 207w\" sizes=\"(max-width: 239px) 100vw, 239px\" \/>\t\t\t\t\t\t\t\t<\/a>\n\t\t\t\t\t\t\t\t\t\t\t<figcaption class=\"widget-image-caption wp-caption-text\">compte rendu AG du 24 Mars 2022 <\/figcaption>\n\t\t\t\t\t\t\t\t\t\t<\/figure>\n\t\t\t\t\t\t\t\t\t<\/div>\n\t\t\t\t<\/div>\n\t\t\t\t\t<\/div>\n\t\t<\/div>\n\t\t\t\t<div class=\"elementor-column elementor-col-25 elementor-top-column elementor-element elementor-element-e04ccf7\" data-id=\"e04ccf7\" data-element_type=\"column\" data-e-type=\"column\">\n\t\t\t<div class=\"elementor-widget-wrap elementor-element-populated\">\n\t\t\t\t\t\t<div class=\"elementor-element elementor-element-7643aa6 elementor-widget elementor-widget-image\" data-id=\"7643aa6\" data-element_type=\"widget\" data-e-type=\"widget\" data-widget_type=\"image.default\">\n\t\t\t\t<div class=\"elementor-widget-container\">\n\t\t\t\t\t\t\t\t\t\t\t\t<figure class=\"wp-caption\">\n\t\t\t\t\t\t\t\t\t\t\t<a href=\"https:\/\/fnrce.fr\/hdf\/wp-content\/uploads\/sites\/5\/2022\/04\/RAPPORT-MORAL-ET-DACTIVITE.pdf\">\n\t\t\t\t\t\t\t<img loading=\"lazy\" decoding=\"async\" width=\"195\" height=\"274\" src=\"https:\/\/fnrce.fr\/hdf\/wp-content\/uploads\/sites\/5\/2021\/12\/Hdf-Rapport-moral-AG-2021.png\" class=\"attachment-large size-large wp-image-269\" alt=\"\" \/>\t\t\t\t\t\t\t\t<\/a>\n\t\t\t\t\t\t\t\t\t\t\t<figcaption class=\"widget-image-caption wp-caption-text\">Rapport moral et d'activit\u00e9<\/figcaption>\n\t\t\t\t\t\t\t\t\t\t<\/figure>\n\t\t\t\t\t\t\t\t\t<\/div>\n\t\t\t\t<\/div>\n\t\t\t\t\t<\/div>\n\t\t<\/div>\n\t\t\t\t<div class=\"elementor-column elementor-col-25 elementor-top-column elementor-element elementor-element-d1d9095\" data-id=\"d1d9095\" data-element_type=\"column\" data-e-type=\"column\">\n\t\t\t<div class=\"elementor-widget-wrap elementor-element-populated\">\n\t\t\t\t\t\t<div class=\"elementor-element elementor-element-d7d1a75 elementor-widget elementor-widget-image\" data-id=\"d7d1a75\" data-element_type=\"widget\" data-e-type=\"widget\" data-widget_type=\"image.default\">\n\t\t\t\t<div class=\"elementor-widget-container\">\n\t\t\t\t\t\t\t\t\t\t\t\t<figure class=\"wp-caption\">\n\t\t\t\t\t\t\t\t\t\t\t<a href=\"https:\/\/fnrce.fr\/hdf\/wp-content\/uploads\/sites\/5\/2022\/04\/BILAN-ET-CPTE-DE-RESULTAT-2021.pdf\">\n\t\t\t\t\t\t\t<img loading=\"lazy\" decoding=\"async\" width=\"262\" height=\"368\" src=\"https:\/\/fnrce.fr\/hdf\/wp-content\/uploads\/sites\/5\/2026\/03\/bilan-financier.png\" class=\"attachment-large size-large wp-image-302355\" alt=\"\" srcset=\"https:\/\/fnrce.fr\/hdf\/wp-content\/uploads\/sites\/5\/2026\/03\/bilan-financier.png 262w, https:\/\/fnrce.fr\/hdf\/wp-content\/uploads\/sites\/5\/2026\/03\/bilan-financier-214x300.png 214w\" sizes=\"(max-width: 262px) 100vw, 262px\" \/>\t\t\t\t\t\t\t\t<\/a>\n\t\t\t\t\t\t\t\t\t\t\t<figcaption class=\"widget-image-caption wp-caption-text\">BILAN ET CPTE DE RESULTAT 2021<\/figcaption>\n\t\t\t\t\t\t\t\t\t\t<\/figure>\n\t\t\t\t\t\t\t\t\t<\/div>\n\t\t\t\t<\/div>\n\t\t\t\t\t<\/div>\n\t\t<\/div>\n\t\t\t\t<div class=\"elementor-column elementor-col-25 elementor-top-column elementor-element elementor-element-8a8981b\" data-id=\"8a8981b\" data-element_type=\"column\" data-e-type=\"column\">\n\t\t\t<div class=\"elementor-widget-wrap elementor-element-populated\">\n\t\t\t\t\t\t<div class=\"elementor-element elementor-element-a142ad6 elementor-widget elementor-widget-image\" data-id=\"a142ad6\" data-element_type=\"widget\" data-e-type=\"widget\" data-widget_type=\"image.default\">\n\t\t\t\t<div class=\"elementor-widget-container\">\n\t\t\t\t\t\t\t\t\t\t\t\t<figure class=\"wp-caption\">\n\t\t\t\t\t\t\t\t\t\t\t<a href=\"https:\/\/fnrce.fr\/hdf\/wp-content\/uploads\/sites\/5\/2026\/03\/A.G.-du-24-Mars-2022-a-COMPIEGNE-1.pdf\">\n\t\t\t\t\t\t\t<img loading=\"lazy\" decoding=\"async\" width=\"911\" height=\"693\" src=\"https:\/\/fnrce.fr\/hdf\/wp-content\/uploads\/sites\/5\/2026\/03\/PPT2022.png\" class=\"attachment-large size-large wp-image-302360\" alt=\"\" srcset=\"https:\/\/fnrce.fr\/hdf\/wp-content\/uploads\/sites\/5\/2026\/03\/PPT2022.png 911w, https:\/\/fnrce.fr\/hdf\/wp-content\/uploads\/sites\/5\/2026\/03\/PPT2022-300x228.png 300w, https:\/\/fnrce.fr\/hdf\/wp-content\/uploads\/sites\/5\/2026\/03\/PPT2022-768x584.png 768w\" sizes=\"(max-width: 911px) 100vw, 911px\" \/>\t\t\t\t\t\t\t\t<\/a>\n\t\t\t\t\t\t\t\t\t\t\t<figcaption class=\"widget-image-caption wp-caption-text\">Pr\u00e9sentation projet\u00e9e en Assembl\u00e9e g\u00e9n\u00e9rale 2022 \u00e0 Compi\u00e8gne<\/figcaption>\n\t\t\t\t\t\t\t\t\t\t<\/figure>\n\t\t\t\t\t\t\t\t\t<\/div>\n\t\t\t\t<\/div>\n\t\t\t\t\t<\/div>\n\t\t<\/div>\n\t\t\t\t\t<\/div>\n\t\t<\/section>\n\t\t\t\t<\/div>\n\t\t","protected":false},"excerpt":{"rendered":"<p>ASSEMBL\u00c9E G\u00c9N\u00c9RALE DU 24 MARS 2022 Le plaisir de se retrouver en pr\u00e9sentiel apr\u00e8s une nouvelle phase pand\u00e9mique n\u00e9cessitant des&hellip;<\/p>\n","protected":false},"author":11,"featured_media":0,"parent":0,"menu_order":0,"comment_status":"closed","ping_status":"closed","template":"","meta":{"footnotes":""},"class_list":["post-550","page","type-page","status-publish","hentry"],"_links":{"self":[{"href":"https:\/\/fnrce.fr\/hdf\/wp-json\/wp\/v2\/pages\/550","targetHints":{"allow":["GET"]}}],"collection":[{"href":"https:\/\/fnrce.fr\/hdf\/wp-json\/wp\/v2\/pages"}],"about":[{"href":"https:\/\/fnrce.fr\/hdf\/wp-json\/wp\/v2\/types\/page"}],"author":[{"embeddable":true,"href":"https:\/\/fnrce.fr\/hdf\/wp-json\/wp\/v2\/users\/11"}],"replies":[{"embeddable":true,"href":"https:\/\/fnrce.fr\/hdf\/wp-json\/wp\/v2\/comments?post=550"}],"version-history":[{"count":0,"href":"https:\/\/fnrce.fr\/hdf\/wp-json\/wp\/v2\/pages\/550\/revisions"}],"wp:attachment":[{"href":"https:\/\/fnrce.fr\/hdf\/wp-json\/wp\/v2\/media?parent=550"}],"curies":[{"name":"wp","href":"https:\/\/api.w.org\/{rel}","templated":true}]}}