{"id":544,"date":"2022-04-01T18:32:39","date_gmt":"2022-04-01T16:32:39","guid":{"rendered":"https:\/\/fnrce.fr\/hdf\/?page_id=544"},"modified":"2022-04-01T18:33:33","modified_gmt":"2022-04-01T16:33:33","slug":"nos-assemblees-generales","status":"publish","type":"page","link":"https:\/\/fnrce.fr\/hdf\/nos-assemblees-generales\/","title":{"rendered":"NOS Assembl\u00e9es g\u00e9n\u00e9rales"},"content":{"rendered":"","protected":false},"excerpt":{"rendered":"","protected":false},"author":11,"featured_media":0,"parent":0,"menu_order":0,"comment_status":"closed","ping_status":"closed","template":"","meta":{"footnotes":""},"class_list":["post-544","page","type-page","status-publish","hentry"],"_links":{"self":[{"href":"https:\/\/fnrce.fr\/hdf\/wp-json\/wp\/v2\/pages\/544","targetHints":{"allow":["GET"]}}],"collection":[{"href":"https:\/\/fnrce.fr\/hdf\/wp-json\/wp\/v2\/pages"}],"about":[{"href":"https:\/\/fnrce.fr\/hdf\/wp-json\/wp\/v2\/types\/page"}],"author":[{"embeddable":true,"href":"https:\/\/fnrce.fr\/hdf\/wp-json\/wp\/v2\/users\/11"}],"replies":[{"embeddable":true,"href":"https:\/\/fnrce.fr\/hdf\/wp-json\/wp\/v2\/comments?post=544"}],"version-history":[{"count":0,"href":"https:\/\/fnrce.fr\/hdf\/wp-json\/wp\/v2\/pages\/544\/revisions"}],"wp:attachment":[{"href":"https:\/\/fnrce.fr\/hdf\/wp-json\/wp\/v2\/media?parent=544"}],"curies":[{"name":"wp","href":"https:\/\/api.w.org\/{rel}","templated":true}]}}