{"id":306,"date":"2021-12-12T17:05:30","date_gmt":"2021-12-12T16:05:30","guid":{"rendered":"https:\/\/fnrce.fr\/hdf\/?page_id=306"},"modified":"2026-03-25T17:01:36","modified_gmt":"2026-03-25T16:01:36","slug":"ag-2021-ste-catherine-les-arras","status":"publish","type":"page","link":"https:\/\/fnrce.fr\/hdf\/ag-2021-ste-catherine-les-arras\/","title":{"rendered":"AG 2021 Ste Catherine-les-Arras"},"content":{"rendered":"\t\t<div data-elementor-type=\"wp-page\" data-elementor-id=\"306\" class=\"elementor elementor-306\">\n\t\t\t\t\t\t<section class=\"elementor-section elementor-top-section elementor-element elementor-element-0e04e60 elementor-section-boxed elementor-section-height-default elementor-section-height-default\" data-id=\"0e04e60\" data-element_type=\"section\" data-e-type=\"section\">\n\t\t\t\t\t\t<div class=\"elementor-container elementor-column-gap-default\">\n\t\t\t\t\t<div class=\"elementor-column elementor-col-100 elementor-top-column elementor-element elementor-element-d02f34c\" data-id=\"d02f34c\" data-element_type=\"column\" data-e-type=\"column\">\n\t\t\t<div class=\"elementor-widget-wrap elementor-element-populated\">\n\t\t\t\t\t\t<div class=\"elementor-element elementor-element-2f23984 elementor-widget elementor-widget-image\" data-id=\"2f23984\" data-element_type=\"widget\" data-e-type=\"widget\" data-widget_type=\"image.default\">\n\t\t\t\t<div class=\"elementor-widget-container\">\n\t\t\t\t\t\t\t\t\t\t\t\t\t\t\t<img fetchpriority=\"high\" decoding=\"async\" width=\"1024\" height=\"768\" src=\"https:\/\/fnrce.fr\/hdf\/wp-content\/uploads\/sites\/5\/2026\/03\/Ste-Catherine-les-Arras-AG-2021-4-1024x768.jpg\" class=\"attachment-large size-large wp-image-302324\" alt=\"\" srcset=\"https:\/\/fnrce.fr\/hdf\/wp-content\/uploads\/sites\/5\/2026\/03\/Ste-Catherine-les-Arras-AG-2021-4-1024x768.jpg 1024w, https:\/\/fnrce.fr\/hdf\/wp-content\/uploads\/sites\/5\/2026\/03\/Ste-Catherine-les-Arras-AG-2021-4-300x225.jpg 300w, https:\/\/fnrce.fr\/hdf\/wp-content\/uploads\/sites\/5\/2026\/03\/Ste-Catherine-les-Arras-AG-2021-4-768x576.jpg 768w, https:\/\/fnrce.fr\/hdf\/wp-content\/uploads\/sites\/5\/2026\/03\/Ste-Catherine-les-Arras-AG-2021-4-1536x1152.jpg 1536w, https:\/\/fnrce.fr\/hdf\/wp-content\/uploads\/sites\/5\/2026\/03\/Ste-Catherine-les-Arras-AG-2021-4-2048x1536.jpg 2048w\" sizes=\"(max-width: 1024px) 100vw, 1024px\" \/>\t\t\t\t\t\t\t\t\t\t\t\t\t\t\t<\/div>\n\t\t\t\t<\/div>\n\t\t\t\t\t<\/div>\n\t\t<\/div>\n\t\t\t\t\t<\/div>\n\t\t<\/section>\n\t\t\t\t<section class=\"elementor-section elementor-top-section elementor-element elementor-element-a8a18f0 elementor-section-boxed elementor-section-height-default elementor-section-height-default\" data-id=\"a8a18f0\" data-element_type=\"section\" data-e-type=\"section\">\n\t\t\t\t\t\t<div class=\"elementor-container elementor-column-gap-default\">\n\t\t\t\t\t<div class=\"elementor-column elementor-col-100 elementor-top-column elementor-element elementor-element-518f22e\" data-id=\"518f22e\" data-element_type=\"column\" data-e-type=\"column\">\n\t\t\t<div class=\"elementor-widget-wrap elementor-element-populated\">\n\t\t\t\t\t\t<div class=\"elementor-element elementor-element-d8b14c4 elementor-position-top elementor-widget elementor-widget-image-box\" data-id=\"d8b14c4\" data-element_type=\"widget\" data-e-type=\"widget\" data-widget_type=\"image-box.default\">\n\t\t\t\t<div class=\"elementor-widget-container\">\n\t\t\t\t\t<div class=\"elementor-image-box-wrapper\"><figure class=\"elementor-image-box-img\"><img decoding=\"async\" src=\"https:\/\/fnrce.fr\/hdf\/wp-content\/uploads\/sites\/5\/2021\/11\/DSC03709-scaled.jpg\" title=\"\" alt=\"\" loading=\"lazy\" \/><\/figure><div class=\"elementor-image-box-content\"><h3 class=\"elementor-image-box-title\">Assembl\u00e9e g\u00e9n\u00e9rale du 15 octobre 2021<\/h3><p class=\"elementor-image-box-description\">Le plaisir de se retrouver en pr\u00e9sentiel apr\u00e8s bien des mois d'isolement.<\/p><\/div><\/div>\t\t\t\t<\/div>\n\t\t\t\t<\/div>\n\t\t\t\t\t<\/div>\n\t\t<\/div>\n\t\t\t\t\t<\/div>\n\t\t<\/section>\n\t\t\t\t<section class=\"elementor-section elementor-top-section elementor-element elementor-element-4494875 elementor-section-boxed elementor-section-height-default elementor-section-height-default\" data-id=\"4494875\" data-element_type=\"section\" data-e-type=\"section\">\n\t\t\t\t\t\t<div class=\"elementor-container elementor-column-gap-default\">\n\t\t\t\t\t<div class=\"elementor-column elementor-col-100 elementor-top-column elementor-element elementor-element-2c788cb\" data-id=\"2c788cb\" data-element_type=\"column\" data-e-type=\"column\">\n\t\t\t<div class=\"elementor-widget-wrap elementor-element-populated\">\n\t\t\t\t\t\t<div class=\"elementor-element elementor-element-66234d6 elementor-widget elementor-widget-image-gallery\" data-id=\"66234d6\" data-element_type=\"widget\" data-e-type=\"widget\" data-widget_type=\"image-gallery.default\">\n\t\t\t\t<div class=\"elementor-widget-container\">\n\t\t\t\t\t\t\t<div class=\"elementor-image-gallery\">\n\t\t\t<div id='gallery-1' class='gallery galleryid-306 gallery-columns-4 gallery-size-thumbnail'><figure class='gallery-item'>\n\t\t\t<div class='gallery-icon landscape'>\n\t\t\t\t<a data-elementor-open-lightbox=\"yes\" data-elementor-lightbox-slideshow=\"66234d6\" data-elementor-lightbox-title=\"Ste Catherine-les-Arras AG 2021 (4)\" data-elementor-lightbox-description=\"2021\" data-e-action-hash=\"#elementor-action%3Aaction%3Dlightbox%26settings%3DeyJpZCI6MzAyMzI0LCJ1cmwiOiJodHRwczpcL1wvZm5yY2UuZnJcL2hkZlwvd3AtY29udGVudFwvdXBsb2Fkc1wvc2l0ZXNcLzVcLzIwMjZcLzAzXC9TdGUtQ2F0aGVyaW5lLWxlcy1BcnJhcy1BRy0yMDIxLTQtc2NhbGVkLmpwZyIsInNsaWRlc2hvdyI6IjY2MjM0ZDYifQ%3D%3D\" href='https:\/\/fnrce.fr\/hdf\/wp-content\/uploads\/sites\/5\/2026\/03\/Ste-Catherine-les-Arras-AG-2021-4-scaled.jpg'><img decoding=\"async\" width=\"150\" height=\"150\" src=\"https:\/\/fnrce.fr\/hdf\/wp-content\/uploads\/sites\/5\/2026\/03\/Ste-Catherine-les-Arras-AG-2021-4-150x150.jpg\" class=\"attachment-thumbnail size-thumbnail\" alt=\"\" \/><\/a>\n\t\t\t<\/div><\/figure><figure class='gallery-item'>\n\t\t\t<div class='gallery-icon landscape'>\n\t\t\t\t<a data-elementor-open-lightbox=\"yes\" data-elementor-lightbox-slideshow=\"66234d6\" data-elementor-lightbox-title=\"Ste Catherine-les-Arras AG 2021 (3)\" data-elementor-lightbox-description=\"2021\" data-e-action-hash=\"#elementor-action%3Aaction%3Dlightbox%26settings%3DeyJpZCI6MzAyMzIzLCJ1cmwiOiJodHRwczpcL1wvZm5yY2UuZnJcL2hkZlwvd3AtY29udGVudFwvdXBsb2Fkc1wvc2l0ZXNcLzVcLzIwMjZcLzAzXC9TdGUtQ2F0aGVyaW5lLWxlcy1BcnJhcy1BRy0yMDIxLTMtc2NhbGVkLmpwZyIsInNsaWRlc2hvdyI6IjY2MjM0ZDYifQ%3D%3D\" href='https:\/\/fnrce.fr\/hdf\/wp-content\/uploads\/sites\/5\/2026\/03\/Ste-Catherine-les-Arras-AG-2021-3-scaled.jpg'><img decoding=\"async\" width=\"150\" height=\"150\" src=\"https:\/\/fnrce.fr\/hdf\/wp-content\/uploads\/sites\/5\/2026\/03\/Ste-Catherine-les-Arras-AG-2021-3-150x150.jpg\" class=\"attachment-thumbnail size-thumbnail\" alt=\"\" \/><\/a>\n\t\t\t<\/div><\/figure><figure class='gallery-item'>\n\t\t\t<div class='gallery-icon landscape'>\n\t\t\t\t<a data-elementor-open-lightbox=\"yes\" data-elementor-lightbox-slideshow=\"66234d6\" data-elementor-lightbox-title=\"Ste Catherine-les-Arras AG 2021 (2)\" data-elementor-lightbox-description=\"2021\" data-e-action-hash=\"#elementor-action%3Aaction%3Dlightbox%26settings%3DeyJpZCI6MzAyMzIyLCJ1cmwiOiJodHRwczpcL1wvZm5yY2UuZnJcL2hkZlwvd3AtY29udGVudFwvdXBsb2Fkc1wvc2l0ZXNcLzVcLzIwMjZcLzAzXC9TdGUtQ2F0aGVyaW5lLWxlcy1BcnJhcy1BRy0yMDIxLTItc2NhbGVkLmpwZyIsInNsaWRlc2hvdyI6IjY2MjM0ZDYifQ%3D%3D\" href='https:\/\/fnrce.fr\/hdf\/wp-content\/uploads\/sites\/5\/2026\/03\/Ste-Catherine-les-Arras-AG-2021-2-scaled.jpg'><img loading=\"lazy\" decoding=\"async\" width=\"150\" height=\"150\" src=\"https:\/\/fnrce.fr\/hdf\/wp-content\/uploads\/sites\/5\/2026\/03\/Ste-Catherine-les-Arras-AG-2021-2-150x150.jpg\" class=\"attachment-thumbnail size-thumbnail\" alt=\"\" \/><\/a>\n\t\t\t<\/div><\/figure><figure class='gallery-item'>\n\t\t\t<div class='gallery-icon landscape'>\n\t\t\t\t<a data-elementor-open-lightbox=\"yes\" data-elementor-lightbox-slideshow=\"66234d6\" data-elementor-lightbox-title=\"Ste Catherine-les-Arras AG 2021 (1)\" data-elementor-lightbox-description=\"2021\" data-e-action-hash=\"#elementor-action%3Aaction%3Dlightbox%26settings%3DeyJpZCI6MzAyMzIxLCJ1cmwiOiJodHRwczpcL1wvZm5yY2UuZnJcL2hkZlwvd3AtY29udGVudFwvdXBsb2Fkc1wvc2l0ZXNcLzVcLzIwMjZcLzAzXC9TdGUtQ2F0aGVyaW5lLWxlcy1BcnJhcy1BRy0yMDIxLTEtc2NhbGVkLmpwZyIsInNsaWRlc2hvdyI6IjY2MjM0ZDYifQ%3D%3D\" href='https:\/\/fnrce.fr\/hdf\/wp-content\/uploads\/sites\/5\/2026\/03\/Ste-Catherine-les-Arras-AG-2021-1-scaled.jpg'><img loading=\"lazy\" decoding=\"async\" width=\"150\" height=\"150\" src=\"https:\/\/fnrce.fr\/hdf\/wp-content\/uploads\/sites\/5\/2026\/03\/Ste-Catherine-les-Arras-AG-2021-1-150x150.jpg\" class=\"attachment-thumbnail size-thumbnail\" alt=\"\" \/><\/a>\n\t\t\t<\/div><\/figure>\n\t\t<\/div>\n\t\t<\/div>\n\t\t\t\t\t\t<\/div>\n\t\t\t\t<\/div>\n\t\t\t\t\t<\/div>\n\t\t<\/div>\n\t\t\t\t\t<\/div>\n\t\t<\/section>\n\t\t\t\t<section class=\"elementor-section elementor-top-section elementor-element elementor-element-f98c371 elementor-section-boxed elementor-section-height-default elementor-section-height-default\" data-id=\"f98c371\" data-element_type=\"section\" data-e-type=\"section\">\n\t\t\t\t\t\t<div class=\"elementor-container elementor-column-gap-default\">\n\t\t\t\t\t<div class=\"elementor-column elementor-col-100 elementor-top-column elementor-element elementor-element-798c36a\" data-id=\"798c36a\" data-element_type=\"column\" data-e-type=\"column\">\n\t\t\t<div class=\"elementor-widget-wrap elementor-element-populated\">\n\t\t\t\t\t\t<div class=\"elementor-element elementor-element-eec8d52 elementor-button-info elementor-align-center elementor-widget elementor-widget-button\" data-id=\"eec8d52\" data-element_type=\"widget\" data-e-type=\"widget\" data-widget_type=\"button.default\">\n\t\t\t\t<div class=\"elementor-widget-container\">\n\t\t\t\t\t\t\t\t\t<div class=\"elementor-button-wrapper\">\n\t\t\t\t\t<a class=\"elementor-button elementor-button-link elementor-size-sm\" href=\"https:\/\/photos.app.goo.gl\/FVc2yCAjYBSem7eB6\" target=\"_blank\">\n\t\t\t\t\t\t<span class=\"elementor-button-content-wrapper\">\n\t\t\t\t\t\t\t\t\t<span class=\"elementor-button-text\">GALERIE PHOTOS COMPL\u00c8TE, CLIQUEZ ICI<\/span>\n\t\t\t\t\t<\/span>\n\t\t\t\t\t<\/a>\n\t\t\t\t<\/div>\n\t\t\t\t\t\t\t\t<\/div>\n\t\t\t\t<\/div>\n\t\t\t\t\t<\/div>\n\t\t<\/div>\n\t\t\t\t\t<\/div>\n\t\t<\/section>\n\t\t\t\t<section class=\"elementor-section elementor-top-section elementor-element elementor-element-c873410 elementor-section-boxed elementor-section-height-default elementor-section-height-default\" data-id=\"c873410\" data-element_type=\"section\" data-e-type=\"section\">\n\t\t\t\t\t\t<div class=\"elementor-container elementor-column-gap-default\">\n\t\t\t\t\t<div class=\"elementor-column elementor-col-33 elementor-top-column elementor-element elementor-element-fecd91f\" data-id=\"fecd91f\" data-element_type=\"column\" data-e-type=\"column\">\n\t\t\t<div class=\"elementor-widget-wrap elementor-element-populated\">\n\t\t\t\t\t\t<div class=\"elementor-element elementor-element-75926db elementor-widget elementor-widget-image\" data-id=\"75926db\" data-element_type=\"widget\" data-e-type=\"widget\" data-widget_type=\"image.default\">\n\t\t\t\t<div class=\"elementor-widget-container\">\n\t\t\t\t\t\t\t\t\t\t\t\t<figure class=\"wp-caption\">\n\t\t\t\t\t\t\t\t\t\t\t<a href=\"https:\/\/fnrce.fr\/hdf\/wp-content\/uploads\/sites\/5\/2021\/12\/HdF-2021-RAPPORT-MORAL-ET-DACTIVITE.pdf\">\n\t\t\t\t\t\t\t<img loading=\"lazy\" decoding=\"async\" width=\"195\" height=\"274\" src=\"https:\/\/fnrce.fr\/hdf\/wp-content\/uploads\/sites\/5\/2021\/12\/Hdf-Rapport-moral-AG-2021.png\" class=\"attachment-large size-large wp-image-269\" alt=\"\" \/>\t\t\t\t\t\t\t\t<\/a>\n\t\t\t\t\t\t\t\t\t\t\t<figcaption class=\"widget-image-caption wp-caption-text\">Rapport moral AG 2021<\/figcaption>\n\t\t\t\t\t\t\t\t\t\t<\/figure>\n\t\t\t\t\t\t\t\t\t<\/div>\n\t\t\t\t<\/div>\n\t\t\t\t\t<\/div>\n\t\t<\/div>\n\t\t\t\t<div class=\"elementor-column elementor-col-33 elementor-top-column elementor-element elementor-element-1209a80\" data-id=\"1209a80\" data-element_type=\"column\" data-e-type=\"column\">\n\t\t\t<div class=\"elementor-widget-wrap elementor-element-populated\">\n\t\t\t\t\t\t<div class=\"elementor-element elementor-element-ba9096b elementor-widget elementor-widget-image\" data-id=\"ba9096b\" data-element_type=\"widget\" data-e-type=\"widget\" data-widget_type=\"image.default\">\n\t\t\t\t<div class=\"elementor-widget-container\">\n\t\t\t\t\t\t\t\t\t\t\t\t<figure class=\"wp-caption\">\n\t\t\t\t\t\t\t\t\t\t\t<a href=\"https:\/\/fnrce.fr\/hdf\/wp-content\/uploads\/sites\/5\/2021\/12\/Compte-rendu-AG-Arras-15-Octobre-2021.pdf\">\n\t\t\t\t\t\t\t<img loading=\"lazy\" decoding=\"async\" width=\"197\" height=\"278\" src=\"https:\/\/fnrce.fr\/hdf\/wp-content\/uploads\/sites\/5\/2021\/12\/HDF-CR-Ag-2021.png\" class=\"attachment-large size-large wp-image-253\" alt=\"\" \/>\t\t\t\t\t\t\t\t<\/a>\n\t\t\t\t\t\t\t\t\t\t\t<figcaption class=\"widget-image-caption wp-caption-text\">Compte rendu AG Arras 15 Octobre 2021<\/figcaption>\n\t\t\t\t\t\t\t\t\t\t<\/figure>\n\t\t\t\t\t\t\t\t\t<\/div>\n\t\t\t\t<\/div>\n\t\t\t\t\t<\/div>\n\t\t<\/div>\n\t\t\t\t<div class=\"elementor-column elementor-col-33 elementor-top-column elementor-element elementor-element-e81dd4f\" data-id=\"e81dd4f\" data-element_type=\"column\" data-e-type=\"column\">\n\t\t\t<div class=\"elementor-widget-wrap elementor-element-populated\">\n\t\t\t\t\t\t<div class=\"elementor-element elementor-element-53ae7c3 elementor-widget elementor-widget-image\" data-id=\"53ae7c3\" data-element_type=\"widget\" data-e-type=\"widget\" data-widget_type=\"image.default\">\n\t\t\t\t<div class=\"elementor-widget-container\">\n\t\t\t\t\t\t\t\t\t\t\t\t<figure class=\"wp-caption\">\n\t\t\t\t\t\t\t\t\t\t\t<a href=\"https:\/\/fnrce.fr\/hdf\/wp-content\/uploads\/sites\/5\/2021\/12\/Compte-rendu-AG-Arras-15-Octobre-2021.pdf\">\n\t\t\t\t\t\t\t<img loading=\"lazy\" decoding=\"async\" width=\"195\" height=\"281\" src=\"https:\/\/fnrce.fr\/hdf\/wp-content\/uploads\/sites\/5\/2021\/12\/HDF-Comptes-Ag-2021.png\" class=\"attachment-large size-large wp-image-271\" alt=\"\" \/>\t\t\t\t\t\t\t\t<\/a>\n\t\t\t\t\t\t\t\t\t\t\t<figcaption class=\"widget-image-caption wp-caption-text\">2021 Comptes de r\u00e9sultats 2020<\/figcaption>\n\t\t\t\t\t\t\t\t\t\t<\/figure>\n\t\t\t\t\t\t\t\t\t<\/div>\n\t\t\t\t<\/div>\n\t\t\t\t\t<\/div>\n\t\t<\/div>\n\t\t\t\t\t<\/div>\n\t\t<\/section>\n\t\t\t\t<\/div>\n\t\t","protected":false},"excerpt":{"rendered":"<p>Assembl\u00e9e g\u00e9n\u00e9rale du 15 octobre 2021 Le plaisir de se retrouver en pr\u00e9sentiel apr\u00e8s bien des mois d&rsquo;isolement. GALERIE PHOTOS&hellip;<\/p>\n","protected":false},"author":11,"featured_media":287,"parent":0,"menu_order":0,"comment_status":"closed","ping_status":"closed","template":"","meta":{"footnotes":""},"class_list":["post-306","page","type-page","status-publish","has-post-thumbnail","hentry"],"_links":{"self":[{"href":"https:\/\/fnrce.fr\/hdf\/wp-json\/wp\/v2\/pages\/306","targetHints":{"allow":["GET"]}}],"collection":[{"href":"https:\/\/fnrce.fr\/hdf\/wp-json\/wp\/v2\/pages"}],"about":[{"href":"https:\/\/fnrce.fr\/hdf\/wp-json\/wp\/v2\/types\/page"}],"author":[{"embeddable":true,"href":"https:\/\/fnrce.fr\/hdf\/wp-json\/wp\/v2\/users\/11"}],"replies":[{"embeddable":true,"href":"https:\/\/fnrce.fr\/hdf\/wp-json\/wp\/v2\/comments?post=306"}],"version-history":[{"count":0,"href":"https:\/\/fnrce.fr\/hdf\/wp-json\/wp\/v2\/pages\/306\/revisions"}],"wp:featuredmedia":[{"embeddable":true,"href":"https:\/\/fnrce.fr\/hdf\/wp-json\/wp\/v2\/media\/287"}],"wp:attachment":[{"href":"https:\/\/fnrce.fr\/hdf\/wp-json\/wp\/v2\/media?parent=306"}],"curies":[{"name":"wp","href":"https:\/\/api.w.org\/{rel}","templated":true}]}}