{"id":299337,"date":"2023-03-15T13:43:38","date_gmt":"2023-03-15T12:43:38","guid":{"rendered":"https:\/\/fnrce.fr\/hdf\/?page_id=299337"},"modified":"2026-03-25T19:26:51","modified_gmt":"2026-03-25T18:26:51","slug":"ag-2023-coquelles","status":"publish","type":"page","link":"https:\/\/fnrce.fr\/hdf\/ag-2023-coquelles\/","title":{"rendered":"AG 2023 COQUELLES-CALAIS"},"content":{"rendered":"\t\t<div data-elementor-type=\"wp-page\" data-elementor-id=\"299337\" class=\"elementor elementor-299337\">\n\t\t\t\t\t\t<section class=\"elementor-section elementor-top-section elementor-element elementor-element-e2c6dbf elementor-section-boxed elementor-section-height-default elementor-section-height-default\" data-id=\"e2c6dbf\" data-element_type=\"section\" data-e-type=\"section\">\n\t\t\t\t\t\t<div class=\"elementor-container elementor-column-gap-default\">\n\t\t\t\t\t<div class=\"elementor-column elementor-col-100 elementor-top-column elementor-element elementor-element-5848a19\" data-id=\"5848a19\" data-element_type=\"column\" data-e-type=\"column\">\n\t\t\t<div class=\"elementor-widget-wrap elementor-element-populated\">\n\t\t\t\t\t\t<div class=\"elementor-element elementor-element-f50bd64 elementor-widget elementor-widget-image\" data-id=\"f50bd64\" data-element_type=\"widget\" data-e-type=\"widget\" data-widget_type=\"image.default\">\n\t\t\t\t<div class=\"elementor-widget-container\">\n\t\t\t\t\t\t\t\t\t\t\t\t\t\t\t<img decoding=\"async\" src=\"https:\/\/fnrce.fr\/hdf\/wp-content\/uploads\/sites\/5\/2023\/03\/AG-2023-COQUELLES-42-scaled.jpg\" title=\"\" alt=\"\" loading=\"lazy\" \/>\t\t\t\t\t\t\t\t\t\t\t\t\t\t\t<\/div>\n\t\t\t\t<\/div>\n\t\t\t\t\t<\/div>\n\t\t<\/div>\n\t\t\t\t\t<\/div>\n\t\t<\/section>\n\t\t\t\t<section class=\"elementor-section elementor-top-section elementor-element elementor-element-2c803b2 elementor-section-boxed elementor-section-height-default elementor-section-height-default\" data-id=\"2c803b2\" data-element_type=\"section\" data-e-type=\"section\">\n\t\t\t\t\t\t<div class=\"elementor-container elementor-column-gap-default\">\n\t\t\t\t\t<div class=\"elementor-column elementor-col-100 elementor-top-column elementor-element elementor-element-d117cb1\" data-id=\"d117cb1\" data-element_type=\"column\" data-e-type=\"column\">\n\t\t\t<div class=\"elementor-widget-wrap elementor-element-populated\">\n\t\t\t\t\t\t<div class=\"elementor-element elementor-element-093a814 elementor-widget elementor-widget-heading\" data-id=\"093a814\" data-element_type=\"widget\" data-e-type=\"widget\" data-widget_type=\"heading.default\">\n\t\t\t\t<div class=\"elementor-widget-container\">\n\t\t\t\t\t<h2 class=\"elementor-heading-title elementor-size-default\">ASSEMBL\u00c9E G\u00c9N\u00c9RALE DU 2 MARS 2023<\/h2>\t\t\t\t<\/div>\n\t\t\t\t<\/div>\n\t\t\t\t\t<\/div>\n\t\t<\/div>\n\t\t\t\t\t<\/div>\n\t\t<\/section>\n\t\t\t\t<section class=\"elementor-section elementor-top-section elementor-element elementor-element-3cf8ae2 elementor-section-boxed elementor-section-height-default elementor-section-height-default\" data-id=\"3cf8ae2\" data-element_type=\"section\" data-e-type=\"section\">\n\t\t\t\t\t\t<div class=\"elementor-container elementor-column-gap-default\">\n\t\t\t\t\t<div class=\"elementor-column elementor-col-100 elementor-top-column elementor-element elementor-element-e3c1757\" data-id=\"e3c1757\" data-element_type=\"column\" data-e-type=\"column\">\n\t\t\t<div class=\"elementor-widget-wrap elementor-element-populated\">\n\t\t\t\t\t\t<div class=\"elementor-element elementor-element-e5c954d elementor-widget elementor-widget-text-editor\" data-id=\"e5c954d\" data-element_type=\"widget\" data-e-type=\"widget\" data-widget_type=\"text-editor.default\">\n\t\t\t\t<div class=\"elementor-widget-container\">\n\t\t\t\t\t\t\t\t\t<p align=\"justify\">Rendez-vous annuel de notre f\u00e9d\u00e9ration r\u00e9gionale, en introduction \u00e0 cette Assembl\u00e9e, la pr\u00e9sentation de la ville de CALAIS nous est faite par Bruno DAMBRUNE.<\/p><p align=\"justify\">CALAIS est la ville la plus peupl\u00e9e du d\u00e9partement avec 72500 habitants, bien qu\u2019ARRAS en soit le chef-lieu, elle est situ\u00e9e \u00e0 38 kms des c\u00f4tes Anglaises, son port et le tunnel sous la manche en font la principale ville fran\u00e7aise de liaison avec la Grande-Bretagne.<\/p><p align=\"justify\">Voici le reportage photographique de cette manifestation :<\/p>\t\t\t\t\t\t\t\t<\/div>\n\t\t\t\t<\/div>\n\t\t\t\t<div class=\"elementor-element elementor-element-19baf68 elementor-widget elementor-widget-image-gallery\" data-id=\"19baf68\" data-element_type=\"widget\" data-e-type=\"widget\" data-widget_type=\"image-gallery.default\">\n\t\t\t\t<div class=\"elementor-widget-container\">\n\t\t\t\t\t\t\t<div class=\"elementor-image-gallery\">\n\t\t\t<div id='gallery-1' class='gallery galleryid-299337 gallery-columns-4 gallery-size-thumbnail'><figure class='gallery-item'>\n\t\t\t<div class='gallery-icon landscape'>\n\t\t\t\t<a data-elementor-open-lightbox=\"yes\" data-elementor-lightbox-slideshow=\"19baf68\" data-elementor-lightbox-title=\"AG 2023 COQUELLES (52)\" data-e-action-hash=\"#elementor-action%3Aaction%3Dlightbox%26settings%3DeyJpZCI6Mjk5MzIxLCJ1cmwiOiJodHRwczpcL1wvZm5yY2UuZnJcL2hkZlwvd3AtY29udGVudFwvdXBsb2Fkc1wvc2l0ZXNcLzVcLzIwMjNcLzAzXC9BRy0yMDIzLUNPUVVFTExFUy01Mi1zY2FsZWQuanBnIiwic2xpZGVzaG93IjoiMTliYWY2OCJ9\" href='https:\/\/fnrce.fr\/hdf\/wp-content\/uploads\/sites\/5\/2023\/03\/AG-2023-COQUELLES-52-scaled.jpg'><img decoding=\"async\" width=\"150\" height=\"150\" src=\"https:\/\/fnrce.fr\/hdf\/wp-content\/uploads\/sites\/5\/2023\/03\/AG-2023-COQUELLES-52-150x150.jpg\" class=\"attachment-thumbnail size-thumbnail\" alt=\"\" \/><\/a>\n\t\t\t<\/div><\/figure><figure class='gallery-item'>\n\t\t\t<div class='gallery-icon landscape'>\n\t\t\t\t<a data-elementor-open-lightbox=\"yes\" data-elementor-lightbox-slideshow=\"19baf68\" data-elementor-lightbox-title=\"AG 2023 COQUELLES (51)\" data-e-action-hash=\"#elementor-action%3Aaction%3Dlightbox%26settings%3DeyJpZCI6Mjk5MzIwLCJ1cmwiOiJodHRwczpcL1wvZm5yY2UuZnJcL2hkZlwvd3AtY29udGVudFwvdXBsb2Fkc1wvc2l0ZXNcLzVcLzIwMjNcLzAzXC9BRy0yMDIzLUNPUVVFTExFUy01MS1zY2FsZWQuanBnIiwic2xpZGVzaG93IjoiMTliYWY2OCJ9\" href='https:\/\/fnrce.fr\/hdf\/wp-content\/uploads\/sites\/5\/2023\/03\/AG-2023-COQUELLES-51-scaled.jpg'><img decoding=\"async\" width=\"150\" height=\"150\" src=\"https:\/\/fnrce.fr\/hdf\/wp-content\/uploads\/sites\/5\/2023\/03\/AG-2023-COQUELLES-51-150x150.jpg\" class=\"attachment-thumbnail size-thumbnail\" alt=\"\" \/><\/a>\n\t\t\t<\/div><\/figure><figure class='gallery-item'>\n\t\t\t<div class='gallery-icon landscape'>\n\t\t\t\t<a data-elementor-open-lightbox=\"yes\" data-elementor-lightbox-slideshow=\"19baf68\" data-elementor-lightbox-title=\"AG 2023 COQUELLES (49)\" data-e-action-hash=\"#elementor-action%3Aaction%3Dlightbox%26settings%3DeyJpZCI6Mjk5MzE4LCJ1cmwiOiJodHRwczpcL1wvZm5yY2UuZnJcL2hkZlwvd3AtY29udGVudFwvdXBsb2Fkc1wvc2l0ZXNcLzVcLzIwMjNcLzAzXC9BRy0yMDIzLUNPUVVFTExFUy00OS1zY2FsZWQuanBnIiwic2xpZGVzaG93IjoiMTliYWY2OCJ9\" href='https:\/\/fnrce.fr\/hdf\/wp-content\/uploads\/sites\/5\/2023\/03\/AG-2023-COQUELLES-49-scaled.jpg'><img decoding=\"async\" width=\"150\" height=\"150\" src=\"https:\/\/fnrce.fr\/hdf\/wp-content\/uploads\/sites\/5\/2023\/03\/AG-2023-COQUELLES-49-150x150.jpg\" class=\"attachment-thumbnail size-thumbnail\" alt=\"\" \/><\/a>\n\t\t\t<\/div><\/figure><figure class='gallery-item'>\n\t\t\t<div class='gallery-icon landscape'>\n\t\t\t\t<a data-elementor-open-lightbox=\"yes\" data-elementor-lightbox-slideshow=\"19baf68\" data-elementor-lightbox-title=\"AG 2023 COQUELLES (43)\" data-e-action-hash=\"#elementor-action%3Aaction%3Dlightbox%26settings%3DeyJpZCI6Mjk5MzEyLCJ1cmwiOiJodHRwczpcL1wvZm5yY2UuZnJcL2hkZlwvd3AtY29udGVudFwvdXBsb2Fkc1wvc2l0ZXNcLzVcLzIwMjNcLzAzXC9BRy0yMDIzLUNPUVVFTExFUy00My1zY2FsZWQuanBnIiwic2xpZGVzaG93IjoiMTliYWY2OCJ9\" href='https:\/\/fnrce.fr\/hdf\/wp-content\/uploads\/sites\/5\/2023\/03\/AG-2023-COQUELLES-43-scaled.jpg'><img loading=\"lazy\" decoding=\"async\" width=\"150\" height=\"150\" src=\"https:\/\/fnrce.fr\/hdf\/wp-content\/uploads\/sites\/5\/2023\/03\/AG-2023-COQUELLES-43-150x150.jpg\" class=\"attachment-thumbnail size-thumbnail\" alt=\"\" \/><\/a>\n\t\t\t<\/div><\/figure>\n\t\t<\/div>\n\t\t<\/div>\n\t\t\t\t\t\t<\/div>\n\t\t\t\t<\/div>\n\t\t\t\t<div class=\"elementor-element elementor-element-76e33f6 elementor-button-info elementor-align-center elementor-widget elementor-widget-button\" data-id=\"76e33f6\" data-element_type=\"widget\" data-e-type=\"widget\" data-widget_type=\"button.default\">\n\t\t\t\t<div class=\"elementor-widget-container\">\n\t\t\t\t\t\t\t\t\t<div class=\"elementor-button-wrapper\">\n\t\t\t\t\t<a class=\"elementor-button elementor-button-link elementor-size-sm\" href=\"https:\/\/photos.app.goo.gl\/g1GC4vPdQjPzUS9P9\" target=\"_blank\">\n\t\t\t\t\t\t<span class=\"elementor-button-content-wrapper\">\n\t\t\t\t\t\t\t\t\t<span class=\"elementor-button-text\">GALERIE PHOTOS COMPL\u00c8TE, CLIQUEZ ICI<\/span>\n\t\t\t\t\t<\/span>\n\t\t\t\t\t<\/a>\n\t\t\t\t<\/div>\n\t\t\t\t\t\t\t\t<\/div>\n\t\t\t\t<\/div>\n\t\t\t\t\t<\/div>\n\t\t<\/div>\n\t\t\t\t\t<\/div>\n\t\t<\/section>\n\t\t\t\t<section class=\"elementor-section elementor-top-section elementor-element elementor-element-b71ad11 elementor-section-boxed elementor-section-height-default elementor-section-height-default\" data-id=\"b71ad11\" data-element_type=\"section\" data-e-type=\"section\">\n\t\t\t\t\t\t<div class=\"elementor-container elementor-column-gap-default\">\n\t\t\t\t\t<div class=\"elementor-column elementor-col-100 elementor-top-column elementor-element elementor-element-034c656\" data-id=\"034c656\" data-element_type=\"column\" data-e-type=\"column\">\n\t\t\t<div class=\"elementor-widget-wrap\">\n\t\t\t\t\t\t\t<\/div>\n\t\t<\/div>\n\t\t\t\t\t<\/div>\n\t\t<\/section>\n\t\t\t\t<section class=\"elementor-section elementor-top-section elementor-element elementor-element-840a85b elementor-section-boxed elementor-section-height-default elementor-section-height-default\" data-id=\"840a85b\" data-element_type=\"section\" data-e-type=\"section\">\n\t\t\t\t\t\t<div class=\"elementor-container elementor-column-gap-default\">\n\t\t\t\t\t<div class=\"elementor-column elementor-col-20 elementor-top-column elementor-element elementor-element-f6b42b3\" data-id=\"f6b42b3\" data-element_type=\"column\" data-e-type=\"column\">\n\t\t\t<div class=\"elementor-widget-wrap elementor-element-populated\">\n\t\t\t\t\t\t<div class=\"elementor-element elementor-element-bd18cd9 elementor-widget elementor-widget-image\" data-id=\"bd18cd9\" data-element_type=\"widget\" data-e-type=\"widget\" data-widget_type=\"image.default\">\n\t\t\t\t<div class=\"elementor-widget-container\">\n\t\t\t\t\t\t\t\t\t\t\t\t<figure class=\"wp-caption\">\n\t\t\t\t\t\t\t\t\t\t\t<a href=\"https:\/\/fnrce.fr\/hdf\/wp-content\/uploads\/sites\/5\/2023\/03\/BILAN-ET-CPTE-DE-RESULTAT-20221.pdf\">\n\t\t\t\t\t\t\t<img loading=\"lazy\" decoding=\"async\" width=\"619\" height=\"803\" src=\"https:\/\/fnrce.fr\/hdf\/wp-content\/uploads\/sites\/5\/2023\/04\/2023-04-19_15h21_42.png\" class=\"attachment-large size-large wp-image-299428\" alt=\"\" srcset=\"https:\/\/fnrce.fr\/hdf\/wp-content\/uploads\/sites\/5\/2023\/04\/2023-04-19_15h21_42.png 619w, https:\/\/fnrce.fr\/hdf\/wp-content\/uploads\/sites\/5\/2023\/04\/2023-04-19_15h21_42-231x300.png 231w\" sizes=\"(max-width: 619px) 100vw, 619px\" \/>\t\t\t\t\t\t\t\t<\/a>\n\t\t\t\t\t\t\t\t\t\t\t<figcaption class=\"widget-image-caption wp-caption-text\">BILAN ET CPTE DE RESULTAT 2022<\/figcaption>\n\t\t\t\t\t\t\t\t\t\t<\/figure>\n\t\t\t\t\t\t\t\t\t<\/div>\n\t\t\t\t<\/div>\n\t\t\t\t\t<\/div>\n\t\t<\/div>\n\t\t\t\t<div class=\"elementor-column elementor-col-20 elementor-top-column elementor-element elementor-element-09525f8\" data-id=\"09525f8\" data-element_type=\"column\" data-e-type=\"column\">\n\t\t\t<div class=\"elementor-widget-wrap elementor-element-populated\">\n\t\t\t\t\t\t<div class=\"elementor-element elementor-element-d700e92 elementor-widget elementor-widget-image\" data-id=\"d700e92\" data-element_type=\"widget\" data-e-type=\"widget\" data-widget_type=\"image.default\">\n\t\t\t\t<div class=\"elementor-widget-container\">\n\t\t\t\t\t\t\t\t\t\t\t\t<figure class=\"wp-caption\">\n\t\t\t\t\t\t\t\t\t\t\t<a href=\"https:\/\/fnrce.fr\/hdf\/wp-content\/uploads\/sites\/5\/2023\/03\/RAPPORT-MORAL-ET-DACTIVITE.pdf\">\n\t\t\t\t\t\t\t<img loading=\"lazy\" decoding=\"async\" width=\"195\" height=\"274\" src=\"https:\/\/fnrce.fr\/hdf\/wp-content\/uploads\/sites\/5\/2021\/12\/Hdf-Rapport-moral-AG-2021.png\" class=\"attachment-large size-large wp-image-269\" alt=\"\" \/>\t\t\t\t\t\t\t\t<\/a>\n\t\t\t\t\t\t\t\t\t\t\t<figcaption class=\"widget-image-caption wp-caption-text\">RAPPORT MORAL ET D'ACTIVITE<\/figcaption>\n\t\t\t\t\t\t\t\t\t\t<\/figure>\n\t\t\t\t\t\t\t\t\t<\/div>\n\t\t\t\t<\/div>\n\t\t\t\t\t<\/div>\n\t\t<\/div>\n\t\t\t\t<div class=\"elementor-column elementor-col-20 elementor-top-column elementor-element elementor-element-8f8c5f8\" data-id=\"8f8c5f8\" data-element_type=\"column\" data-e-type=\"column\">\n\t\t\t<div class=\"elementor-widget-wrap elementor-element-populated\">\n\t\t\t\t\t\t<div class=\"elementor-element elementor-element-26b5661 elementor-widget elementor-widget-image\" data-id=\"26b5661\" data-element_type=\"widget\" data-e-type=\"widget\" data-widget_type=\"image.default\">\n\t\t\t\t<div class=\"elementor-widget-container\">\n\t\t\t\t\t\t\t\t\t\t\t\t<figure class=\"wp-caption\">\n\t\t\t\t\t\t\t\t\t\t\t<a href=\"https:\/\/fnrce.fr\/hdf\/wp-content\/uploads\/sites\/5\/2023\/03\/BPCE-Mutuelle-Presentation-AG-FNRCE-2023-1.pdf\">\n\t\t\t\t\t\t\t<img loading=\"lazy\" decoding=\"async\" width=\"942\" height=\"704\" src=\"https:\/\/fnrce.fr\/hdf\/wp-content\/uploads\/sites\/5\/2026\/03\/bpce2023.png\" class=\"attachment-large size-large wp-image-302380\" alt=\"\" srcset=\"https:\/\/fnrce.fr\/hdf\/wp-content\/uploads\/sites\/5\/2026\/03\/bpce2023.png 942w, https:\/\/fnrce.fr\/hdf\/wp-content\/uploads\/sites\/5\/2026\/03\/bpce2023-300x224.png 300w, https:\/\/fnrce.fr\/hdf\/wp-content\/uploads\/sites\/5\/2026\/03\/bpce2023-768x574.png 768w\" sizes=\"(max-width: 942px) 100vw, 942px\" \/>\t\t\t\t\t\t\t\t<\/a>\n\t\t\t\t\t\t\t\t\t\t\t<figcaption class=\"widget-image-caption wp-caption-text\">EPS - Pr\u00e9sentation des \u00e9volutions mutuelle et CGP<\/figcaption>\n\t\t\t\t\t\t\t\t\t\t<\/figure>\n\t\t\t\t\t\t\t\t\t<\/div>\n\t\t\t\t<\/div>\n\t\t\t\t\t<\/div>\n\t\t<\/div>\n\t\t\t\t<div class=\"elementor-column elementor-col-20 elementor-top-column elementor-element elementor-element-9c7fe24\" data-id=\"9c7fe24\" data-element_type=\"column\" data-e-type=\"column\">\n\t\t\t<div class=\"elementor-widget-wrap elementor-element-populated\">\n\t\t\t\t\t\t<div class=\"elementor-element elementor-element-b2b6587 elementor-widget elementor-widget-image\" data-id=\"b2b6587\" data-element_type=\"widget\" data-e-type=\"widget\" data-widget_type=\"image.default\">\n\t\t\t\t<div class=\"elementor-widget-container\">\n\t\t\t\t\t\t\t\t\t\t\t\t<figure class=\"wp-caption\">\n\t\t\t\t\t\t\t\t\t\t\t<a href=\"https:\/\/fnrce.fr\/hdf\/wp-content\/uploads\/sites\/5\/2023\/03\/Compte-rendu-AG-Coquelles-2-Mars-2023.pdf\">\n\t\t\t\t\t\t\t<img loading=\"lazy\" decoding=\"async\" width=\"258\" height=\"372\" src=\"https:\/\/fnrce.fr\/hdf\/wp-content\/uploads\/sites\/5\/2026\/03\/crag-1.png\" class=\"attachment-large size-large wp-image-302386\" alt=\"\" srcset=\"https:\/\/fnrce.fr\/hdf\/wp-content\/uploads\/sites\/5\/2026\/03\/crag-1.png 258w, https:\/\/fnrce.fr\/hdf\/wp-content\/uploads\/sites\/5\/2026\/03\/crag-1-208x300.png 208w\" sizes=\"(max-width: 258px) 100vw, 258px\" \/>\t\t\t\t\t\t\t\t<\/a>\n\t\t\t\t\t\t\t\t\t\t\t<figcaption class=\"widget-image-caption wp-caption-text\">COMPTE RENDU DE L\u2019ASSEMBLEE GENERALE<\/figcaption>\n\t\t\t\t\t\t\t\t\t\t<\/figure>\n\t\t\t\t\t\t\t\t\t<\/div>\n\t\t\t\t<\/div>\n\t\t\t\t\t<\/div>\n\t\t<\/div>\n\t\t\t\t<div class=\"elementor-column elementor-col-20 elementor-top-column elementor-element elementor-element-61f48dd\" data-id=\"61f48dd\" data-element_type=\"column\" data-e-type=\"column\">\n\t\t\t<div class=\"elementor-widget-wrap elementor-element-populated\">\n\t\t\t\t\t\t<div class=\"elementor-element elementor-element-3c68b80 elementor-widget elementor-widget-image\" data-id=\"3c68b80\" data-element_type=\"widget\" data-e-type=\"widget\" data-widget_type=\"image.default\">\n\t\t\t\t<div class=\"elementor-widget-container\">\n\t\t\t\t\t\t\t\t\t\t\t\t<figure class=\"wp-caption\">\n\t\t\t\t\t\t\t\t\t\t\t<a href=\"https:\/\/fnrce.fr\/hdf\/wp-content\/uploads\/sites\/5\/2023\/03\/Rapport-annuel-CE-HDF-2022-Performante-pour-etre-utile-1.pdf\">\n\t\t\t\t\t\t\t<img loading=\"lazy\" decoding=\"async\" width=\"1024\" height=\"646\" src=\"https:\/\/fnrce.fr\/hdf\/wp-content\/uploads\/sites\/5\/2026\/03\/cehdf2022-1024x646.png\" class=\"attachment-large size-large wp-image-302379\" alt=\"\" srcset=\"https:\/\/fnrce.fr\/hdf\/wp-content\/uploads\/sites\/5\/2026\/03\/cehdf2022-1024x646.png 1024w, https:\/\/fnrce.fr\/hdf\/wp-content\/uploads\/sites\/5\/2026\/03\/cehdf2022-300x189.png 300w, https:\/\/fnrce.fr\/hdf\/wp-content\/uploads\/sites\/5\/2026\/03\/cehdf2022-768x484.png 768w, https:\/\/fnrce.fr\/hdf\/wp-content\/uploads\/sites\/5\/2026\/03\/cehdf2022.png 1307w\" sizes=\"(max-width: 1024px) 100vw, 1024px\" \/>\t\t\t\t\t\t\t\t<\/a>\n\t\t\t\t\t\t\t\t\t\t\t<figcaption class=\"widget-image-caption wp-caption-text\">Rapport annuel CE-HDF 2022 Performante pour \u00eatre utile<\/figcaption>\n\t\t\t\t\t\t\t\t\t\t<\/figure>\n\t\t\t\t\t\t\t\t\t<\/div>\n\t\t\t\t<\/div>\n\t\t\t\t\t<\/div>\n\t\t<\/div>\n\t\t\t\t\t<\/div>\n\t\t<\/section>\n\t\t\t\t<\/div>\n\t\t","protected":false},"excerpt":{"rendered":"<p>ASSEMBL\u00c9E G\u00c9N\u00c9RALE DU 2 MARS 2023 Rendez-vous annuel de notre f\u00e9d\u00e9ration r\u00e9gionale, en introduction \u00e0 cette Assembl\u00e9e, la pr\u00e9sentation de&hellip;<\/p>\n","protected":false},"author":11,"featured_media":0,"parent":0,"menu_order":0,"comment_status":"closed","ping_status":"closed","template":"","meta":{"footnotes":""},"class_list":["post-299337","page","type-page","status-publish","hentry"],"_links":{"self":[{"href":"https:\/\/fnrce.fr\/hdf\/wp-json\/wp\/v2\/pages\/299337","targetHints":{"allow":["GET"]}}],"collection":[{"href":"https:\/\/fnrce.fr\/hdf\/wp-json\/wp\/v2\/pages"}],"about":[{"href":"https:\/\/fnrce.fr\/hdf\/wp-json\/wp\/v2\/types\/page"}],"author":[{"embeddable":true,"href":"https:\/\/fnrce.fr\/hdf\/wp-json\/wp\/v2\/users\/11"}],"replies":[{"embeddable":true,"href":"https:\/\/fnrce.fr\/hdf\/wp-json\/wp\/v2\/comments?post=299337"}],"version-history":[{"count":0,"href":"https:\/\/fnrce.fr\/hdf\/wp-json\/wp\/v2\/pages\/299337\/revisions"}],"wp:attachment":[{"href":"https:\/\/fnrce.fr\/hdf\/wp-json\/wp\/v2\/media?parent=299337"}],"curies":[{"name":"wp","href":"https:\/\/api.w.org\/{rel}","templated":true}]}}