{"id":2,"date":"2023-02-24T19:21:04","date_gmt":"2023-02-24T18:21:04","guid":{"rendered":"https:\/\/fnrce.fr\/cvl\/?page_id=2"},"modified":"2023-04-25T22:30:33","modified_gmt":"2023-04-25T20:30:33","slug":"presentation","status":"publish","type":"page","link":"https:\/\/fnrce.fr\/cvl\/presentation","title":{"rendered":"Pr\u00e9sentation"},"content":{"rendered":"\t\t<div data-elementor-type=\"wp-page\" data-elementor-id=\"2\" class=\"elementor elementor-2\">\n\t\t\t\t\t\t<section class=\"elementor-section elementor-top-section elementor-element elementor-element-537c61f2 elementor-section-boxed elementor-section-height-default elementor-section-height-default\" data-id=\"537c61f2\" data-element_type=\"section\" data-e-type=\"section\">\n\t\t\t\t\t\t<div class=\"elementor-container elementor-column-gap-default\">\n\t\t\t\t\t<div class=\"elementor-column elementor-col-100 elementor-top-column elementor-element elementor-element-55e8271\" data-id=\"55e8271\" data-element_type=\"column\" data-e-type=\"column\">\n\t\t\t<div class=\"elementor-widget-wrap elementor-element-populated\">\n\t\t\t\t\t\t<div class=\"elementor-element elementor-element-15fd7cc9 elementor-widget elementor-widget-text-editor\" data-id=\"15fd7cc9\" data-element_type=\"widget\" data-e-type=\"widget\" data-widget_type=\"text-editor.default\">\n\t\t\t\t<div class=\"elementor-widget-container\">\n\t\t\t\t\t\t\t\t\t\n<p>OBJET et MISSIONS<\/p>\n\n<ul class=\"wp-block-list\">\n<li>Regrouper tous les retrait\u00e9s, pr\u00e9retrait\u00e9s et leurs conjoints survivants des Caisses d\u2019Epargne ou d\u2019entit\u00e9s affili\u00e9es du Groupe BPCE.<\/li>\n\n<li>D\u00e9fendre les droits et les int\u00e9r\u00eats de ses adh\u00e9rents.<\/li>\n\n<li>Assurer l&rsquo;information de ses adh\u00e9rents.<\/li>\n\n<li>Assurer leur repr\u00e9sentation aupr\u00e8s :<\/li>\n<\/ul>\n\n<p>\u00a0\u00a0\u00a0\u00a0\u00a0\u00a0\u00a0\u00a0\u00a0\u00a0 Des organismes de retraite: CGP\u2026<\/p>\n\n<p>\u00a0\u00a0\u00a0\u00a0\u00a0\u00a0\u00a0\u00a0\u00a0\u00a0 Des Instances des CE: Mutuelle, F\u00e9d\u00e9ration des CE<\/p>\n\n<p>\u00a0\u00a0\u00a0\u00a0\u00a0\u00a0\u00a0\u00a0\u00a0\u00a0 Des entit\u00e9s affili\u00e9es du Groupe BPCE.<\/p>\n\n<p>\u00a0\u00a0\u00a0\u00a0\u00a0\u00a0\u00a0\u00a0\u00a0\u00a0 Des organismes r\u00e9gionaux, nationaux et internationaux de \u00a0\u00a0\u00a0\u00a0\u00a0\u00a0 retrait\u00e9s et de personnes \u00e2g\u00e9es.<\/p>\n\n<ul class=\"wp-block-list\">\n<li>Participer \u00e0 la formation des adh\u00e9rents appel\u00e9s \u00e0 assumer des responsabilit\u00e9s ayant trait aux missions de la F\u00e9d\u00e9ration.<\/li>\n\n<li>Favoriser les liens entre ses adh\u00e9rents, dans le cadre de l\u2019objet social.<\/li>\n<\/ul>\n\n<h2 class=\"wp-block-heading\">Organisation<\/h2>\n\n<ul class=\"wp-block-list\">\n<li>Une repr\u00e9sentation juridique nationale<\/li>\n<\/ul>\n\n<p>La FNRCE si\u00e8ge de fa\u00e7on conjointe, sous l\u2019\u00e9tiquette : BPCE, avec les repr\u00e9sentants des retrait\u00e9s de la Banque Populaire , \u00e0 l\u2019Union F\u00e9d\u00e9rale des Retrait\u00e9s de la Banque: L\u2019UFRB, instance forte de plus de 50 000 adh\u00e9rents,<\/p>\n\n<p>Notre adh\u00e9sion \u00e0 l\u2019UFRB , nous permet en outre de si\u00e9ger \u00e0 la Conf\u00e9d\u00e9ration Fran\u00e7aise des Retrait\u00e9s : la C.F.R. qui regroupe , \u00e0 ce jour, 1.5 millions de retrait\u00e9s .<\/p>\n\n<ul class=\"wp-block-list\">\n<li>Des sections locales pour faciliter la concertation de ses adh\u00e9rents et la juste repr\u00e9sentation r\u00e9gionale au niveau national.<\/li>\n<\/ul>\n\n<p>Un conseil f\u00e9d\u00e9ral r\u00e9gional qui organise annuellement une assembl\u00e9e g\u00e9n\u00e9rale (moment d\u2019information et de rencontre privil\u00e9gi\u00e9 avec un membre ou Pr\u00e9sident de Directoire et tous les anciens coll\u00e8gues adh\u00e9rents)<\/p>\n\n<p>L\u2019Assembl\u00e9e G\u00e9n\u00e9rale est suivie d\u2019un repas et d\u2019une visite culturelle locale (les conjoints accompagnateurs b\u00e9n\u00e9ficient d\u2019une autre visite sur le temps de l\u2019assembl\u00e9e g\u00e9n\u00e9rale<\/p>\n\n<p>Une communication g\u00e9n\u00e9rale mensuelle sur l\u2019ensemble du p\u00e9rim\u00e8tre des retrait\u00e9s\u00a0et en particulier dans les domaines Actualit\u00e9, Sant\u00e9, Soci\u00e9t\u00e9, Culture Retraite et m\u00eame insolite.<\/p>\n\n<h2 class=\"wp-block-heading\">ADHESIONS ET CONTACTS<\/h2>\n\n<p>Pour adh\u00e9rer et b\u00e9n\u00e9ficier d\u00e8s \u00e0 pr\u00e9sent des avantages de la FNRCE, compl\u00e9ter le formulaire joint et transmettez le, accompagn\u00e9 de votre cotisation annuelle \u00e0 notre tr\u00e9sorier.<\/p>\n\n<p>Pour nous contacter\u00a0:<\/p>\n\n<p><img decoding=\"async\" class=\"alignnone size-full wp-image-216\" src=\"https:\/\/fnrce.fr\/cvl\/wp-content\/uploads\/sites\/11\/2023\/04\/mail.jpg\" alt=\"\" width=\"121\" height=\"91\" \/> \u00a0 E-Mail :\u00a0\u00a0 <a href=\"mailto:federation.retraites.ce@gmail.com\">federation.retraites.ce@gmail.com<\/a><\/p>\n\n<p><img decoding=\"async\" class=\"alignnone size-full wp-image-217\" src=\"https:\/\/fnrce.fr\/cvl\/wp-content\/uploads\/sites\/11\/2023\/04\/Unphone-e1682454613656.gif\" alt=\"\" width=\"100\" height=\"99\" \/> \u00a0 T\u00e9l\u00e9phone :\u00a0\u00a0 \u00a0\u00a0\u00a0\u00a0+33 663639909 (Jean-Max L\u00e9ger)<\/p>\n\t\t\t\t\t\t\t\t<\/div>\n\t\t\t\t<\/div>\n\t\t\t\t\t<\/div>\n\t\t<\/div>\n\t\t\t\t\t<\/div>\n\t\t<\/section>\n\t\t\t\t<\/div>\n\t\t","protected":false},"excerpt":{"rendered":"<p>OBJET et MISSIONS \u00a0\u00a0\u00a0\u00a0\u00a0\u00a0\u00a0\u00a0\u00a0\u00a0 Des organismes de retraite: CGP\u2026 \u00a0\u00a0\u00a0\u00a0\u00a0\u00a0\u00a0\u00a0\u00a0\u00a0 Des Instances des CE: Mutuelle, F\u00e9d\u00e9ration des CE \u00a0\u00a0\u00a0\u00a0\u00a0\u00a0\u00a0\u00a0\u00a0\u00a0 Des entit\u00e9s affili\u00e9es du Groupe BPCE. \u00a0\u00a0\u00a0\u00a0\u00a0\u00a0\u00a0\u00a0\u00a0\u00a0 Des organismes r\u00e9gionaux, nationaux et internationaux de \u00a0\u00a0\u00a0\u00a0\u00a0\u00a0 retrait\u00e9s et de personnes \u00e2g\u00e9es. Organisation La FNRCE si\u00e8ge de fa\u00e7on conjointe, sous l\u2019\u00e9tiquette : BPCE, avec les repr\u00e9sentants des retrait\u00e9s [&hellip;]<\/p>\n","protected":false},"author":550,"featured_media":16,"parent":0,"menu_order":0,"comment_status":"closed","ping_status":"closed","template":"","meta":{"footnotes":""},"class_list":["post-2","page","type-page","status-publish","has-post-thumbnail","hentry"],"_links":{"self":[{"href":"https:\/\/fnrce.fr\/cvl\/wp-json\/wp\/v2\/pages\/2","targetHints":{"allow":["GET"]}}],"collection":[{"href":"https:\/\/fnrce.fr\/cvl\/wp-json\/wp\/v2\/pages"}],"about":[{"href":"https:\/\/fnrce.fr\/cvl\/wp-json\/wp\/v2\/types\/page"}],"author":[{"embeddable":true,"href":"https:\/\/fnrce.fr\/cvl\/wp-json\/wp\/v2\/users\/550"}],"replies":[{"embeddable":true,"href":"https:\/\/fnrce.fr\/cvl\/wp-json\/wp\/v2\/comments?post=2"}],"version-history":[{"count":0,"href":"https:\/\/fnrce.fr\/cvl\/wp-json\/wp\/v2\/pages\/2\/revisions"}],"wp:featuredmedia":[{"embeddable":true,"href":"https:\/\/fnrce.fr\/cvl\/wp-json\/wp\/v2\/media\/16"}],"wp:attachment":[{"href":"https:\/\/fnrce.fr\/cvl\/wp-json\/wp\/v2\/media?parent=2"}],"curies":[{"name":"wp","href":"https:\/\/api.w.org\/{rel}","templated":true}]}}