{"id":300841,"date":"2026-05-10T10:27:50","date_gmt":"2026-05-10T08:27:50","guid":{"rendered":"https:\/\/fnrce.fr\/aquitaine\/?page_id=300841"},"modified":"2026-05-10T10:27:52","modified_gmt":"2026-05-10T08:27:52","slug":"lamicale","status":"publish","type":"page","link":"https:\/\/fnrce.fr\/aquitaine\/lamicale","title":{"rendered":"L&rsquo;Amicale"},"content":{"rendered":"\t\t<div data-elementor-type=\"wp-page\" data-elementor-id=\"300841\" class=\"elementor elementor-300841\">\n\t\t\t\t\t\t<section class=\"elementor-section elementor-top-section elementor-element elementor-element-c9c0e75 elementor-section-boxed elementor-section-height-default elementor-section-height-default\" data-id=\"c9c0e75\" data-element_type=\"section\" data-e-type=\"section\">\n\t\t\t\t\t\t<div class=\"elementor-container elementor-column-gap-default\">\n\t\t\t\t\t<div class=\"elementor-column elementor-col-100 elementor-top-column elementor-element elementor-element-30ebbbe\" data-id=\"30ebbbe\" data-element_type=\"column\" data-e-type=\"column\">\n\t\t\t<div class=\"elementor-widget-wrap elementor-element-populated\">\n\t\t\t\t\t\t<div class=\"elementor-element elementor-element-c3e3cf3 elementor-widget elementor-widget-text-editor\" data-id=\"c3e3cf3\" data-element_type=\"widget\" data-e-type=\"widget\" data-widget_type=\"text-editor.default\">\n\t\t\t\t<div class=\"elementor-widget-container\">\n\t\t\t\t\t\t\t\t\t<p><span style=\"color: #003366;\"><strong>Pour rappel, l&rsquo;amicale (ARCESL) propose \u00e0 ses adh\u00e9rents uniquement des activit\u00e9s de type \u00a0festifs et ludiques. <\/strong><\/span><\/p><p><span style=\"color: #003366;\"><strong>L&rsquo;Amicale propose un Blog\u00a0 dans lequel vous trouverez dans la rubrique \u00ab\u00a0Les activit\u00e9s\u00a0\u00bb l&rsquo;ensemble des propositions de voyages et autres activit\u00e9s ludiques. Sont disponibles, les programmes pour chaque activit\u00e9, les bulletins d&rsquo;inscription associ\u00e9s.<\/strong><\/span><\/p><p><span style=\"color: #003366;\"><strong>Un regard sur les activit\u00e9s pass\u00e9es et leur reportage, les journ\u00e9es amicales annuelles sont \u00e9galement \u00e0 disposition.<\/strong><\/span><\/p><p><span style=\"color: #003366;\"><strong> Ce Blog vous pr\u00e9sentera au fil des pages l\u2019actualit\u00e9 de notre association.\u00a0<\/strong><\/span><\/p><p><span style=\"color: #003366;\"><strong>Rencontres et convivialit\u00e9 sont les ma\u00eetres mots de notre amicale.<\/strong><\/span><\/p><p><span style=\"color: #003366;\">ARCESL : <span style=\"color: #800000;\">A<\/span>micale des <span style=\"color: #800000;\">R<\/span>etrait\u00e9s des <span style=\"color: #800000;\">C<\/span>aisses d&rsquo;<span style=\"color: #800000;\">\u00c9<\/span>pargne <span style=\"color: #800000;\">S<\/span>ud-<span style=\"color: #800000;\">L<\/span>oire<\/span><\/p>\t\t\t\t\t\t\t\t<\/div>\n\t\t\t\t<\/div>\n\t\t\t\t<section class=\"elementor-section elementor-inner-section elementor-element elementor-element-241565e elementor-section-content-middle elementor-section-boxed elementor-section-height-default elementor-section-height-default\" data-id=\"241565e\" data-element_type=\"section\" data-e-type=\"section\">\n\t\t\t\t\t\t<div class=\"elementor-container elementor-column-gap-default\">\n\t\t\t\t\t<div class=\"elementor-column elementor-col-50 elementor-inner-column elementor-element elementor-element-92c0a9f\" data-id=\"92c0a9f\" data-element_type=\"column\" data-e-type=\"column\">\n\t\t\t<div class=\"elementor-widget-wrap elementor-element-populated\">\n\t\t\t\t\t\t<div class=\"elementor-element elementor-element-9ea1fcf elementor-widget__width-initial elementor-widget elementor-widget-text-editor\" data-id=\"9ea1fcf\" data-element_type=\"widget\" data-e-type=\"widget\" data-widget_type=\"text-editor.default\">\n\t\t\t\t<div class=\"elementor-widget-container\">\n\t\t\t\t\t\t\t\t\t<p><img decoding=\"async\" class=\"alignnone size-full wp-image-85\" src=\"https:\/\/fnrce.fr\/aquitaine\/wp-content\/uploads\/sites\/2\/2021\/08\/doigt.gif\" alt=\"\" width=\"96\" height=\"32\" \/><\/p>\t\t\t\t\t\t\t\t<\/div>\n\t\t\t\t<\/div>\n\t\t\t\t\t<\/div>\n\t\t<\/div>\n\t\t\t\t<div class=\"elementor-column elementor-col-50 elementor-inner-column elementor-element elementor-element-0b8d246\" data-id=\"0b8d246\" data-element_type=\"column\" data-e-type=\"column\">\n\t\t\t<div class=\"elementor-widget-wrap elementor-element-populated\">\n\t\t\t\t\t\t<div class=\"elementor-element elementor-element-9b6c72a elementor-widget__width-initial elementor-widget elementor-widget-button\" data-id=\"9b6c72a\" data-element_type=\"widget\" data-e-type=\"widget\" data-widget_type=\"button.default\">\n\t\t\t\t<div class=\"elementor-widget-container\">\n\t\t\t\t\t\t\t\t\t<div class=\"elementor-button-wrapper\">\n\t\t\t\t\t<a class=\"elementor-button elementor-button-link elementor-size-sm\" href=\"https:\/\/amicalegso.fnrce.fr\/\">\n\t\t\t\t\t\t<span class=\"elementor-button-content-wrapper\">\n\t\t\t\t\t\t\t\t\t<span class=\"elementor-button-text\">Acc\u00e8s au Blog de l'Amicale, cliquez ICI<\/span>\n\t\t\t\t\t<\/span>\n\t\t\t\t\t<\/a>\n\t\t\t\t<\/div>\n\t\t\t\t\t\t\t\t<\/div>\n\t\t\t\t<\/div>\n\t\t\t\t\t<\/div>\n\t\t<\/div>\n\t\t\t\t\t<\/div>\n\t\t<\/section>\n\t\t\t\t\t<\/div>\n\t\t<\/div>\n\t\t\t\t\t<\/div>\n\t\t<\/section>\n\t\t\t\t<\/div>\n\t\t","protected":false},"excerpt":{"rendered":"<p>Pour rappel, l&rsquo;amicale (ARCESL) propose \u00e0 ses adh\u00e9rents uniquement des activit\u00e9s de type \u00a0festifs et ludiques. L&rsquo;Amicale propose un Blog\u00a0&hellip;<\/p>\n","protected":false},"author":1,"featured_media":300846,"parent":0,"menu_order":0,"comment_status":"closed","ping_status":"closed","template":"","meta":{"footnotes":""},"class_list":["post-300841","page","type-page","status-publish","has-post-thumbnail","hentry"],"_links":{"self":[{"href":"https:\/\/fnrce.fr\/aquitaine\/wp-json\/wp\/v2\/pages\/300841","targetHints":{"allow":["GET"]}}],"collection":[{"href":"https:\/\/fnrce.fr\/aquitaine\/wp-json\/wp\/v2\/pages"}],"about":[{"href":"https:\/\/fnrce.fr\/aquitaine\/wp-json\/wp\/v2\/types\/page"}],"author":[{"embeddable":true,"href":"https:\/\/fnrce.fr\/aquitaine\/wp-json\/wp\/v2\/users\/1"}],"replies":[{"embeddable":true,"href":"https:\/\/fnrce.fr\/aquitaine\/wp-json\/wp\/v2\/comments?post=300841"}],"version-history":[{"count":3,"href":"https:\/\/fnrce.fr\/aquitaine\/wp-json\/wp\/v2\/pages\/300841\/revisions"}],"predecessor-version":[{"id":301054,"href":"https:\/\/fnrce.fr\/aquitaine\/wp-json\/wp\/v2\/pages\/300841\/revisions\/301054"}],"wp:featuredmedia":[{"embeddable":true,"href":"https:\/\/fnrce.fr\/aquitaine\/wp-json\/wp\/v2\/media\/300846"}],"wp:attachment":[{"href":"https:\/\/fnrce.fr\/aquitaine\/wp-json\/wp\/v2\/media?parent=300841"}],"curies":[{"name":"wp","href":"https:\/\/api.w.org\/{rel}","templated":true}]}}