{"id":3686,"date":"2022-03-21T10:05:34","date_gmt":"2022-03-21T09:05:34","guid":{"rendered":"https:\/\/fnrce.fr\/alsa\/?page_id=3686"},"modified":"2026-02-28T17:16:14","modified_gmt":"2026-02-28T16:16:14","slug":"cotisation-adhesion","status":"publish","type":"page","link":"https:\/\/fnrce.fr\/alsa\/cotisation-adhesion","title":{"rendered":"Cotisation adh\u00e9rent"},"content":{"rendered":"\n<div style=\"height:50px\" aria-hidden=\"true\" class=\"wp-block-spacer\"><\/div>\n\n\n\n<p>Vous trouverez ci-dessous, notre \u00ab\u00a0Appel de la COTISATION 2026\u00a0\u00bb qui vous a \u00e9t\u00e9 envoy\u00e9 (par courrier postal) en d\u00e9but d&rsquo;ann\u00e9e, avec votre \u00ab\u00a0re\u00e7u fiscal\u00a0\u00bb relatif \u00e0 votre cotisation vers\u00e9e en 2025.<\/p>\n\n\n\n<div style=\"height:40px\" aria-hidden=\"true\" class=\"wp-block-spacer\"><\/div>\n\n\n\n<div class=\"wp-block-columns is-layout-flex wp-container-core-columns-is-layout-9d6595d7 wp-block-columns-is-layout-flex\">\n<div class=\"wp-block-column is-layout-flow wp-block-column-is-layout-flow\" style=\"flex-basis:12%\"><\/div>\n\n\n\n<div class=\"wp-block-column is-layout-flow wp-block-column-is-layout-flow\" style=\"flex-basis:70%\">\n<div data-wp-interactive=\"core\/file\" class=\"wp-block-file\"><object data-wp-bind--hidden=\"!state.hasPdfPreview\" hidden class=\"wp-block-file__embed\" data=\"https:\/\/fnrce.fr\/alsa\/wp-content\/uploads\/sites\/6\/2026\/02\/Appel-cotisation-2026-2.pdf\" type=\"application\/pdf\" style=\"width:100%;height:600px\" aria-label=\"Contenu embarqu\u00e9 Appel cotisation 2026.\"><\/object><a id=\"wp-block-file--media-5ee4c666-b598-4e1c-8784-562aa25f6ae4\" href=\"https:\/\/fnrce.fr\/alsa\/wp-content\/uploads\/sites\/6\/2026\/02\/Appel-cotisation-2026-2.pdf\">Appel cotisation 2026<\/a><a href=\"https:\/\/fnrce.fr\/alsa\/wp-content\/uploads\/sites\/6\/2026\/02\/Appel-cotisation-2026-2.pdf\" class=\"wp-block-file__button wp-element-button\" download aria-describedby=\"wp-block-file--media-5ee4c666-b598-4e1c-8784-562aa25f6ae4\">T\u00e9l\u00e9charger<\/a><\/div>\n<\/div>\n\n\n\n<div class=\"wp-block-column is-layout-flow wp-block-column-is-layout-flow\" style=\"flex-basis:12%\"><\/div>\n<\/div>\n\n\n\n<div style=\"height:40px\" aria-hidden=\"true\" class=\"wp-block-spacer\"><\/div>\n\n\n\n<p class=\"has-text-align-right has-small-font-size\"><em>m\u00e0j : 28\/02\/2026<\/em><\/p>\n\n\n\n<p><\/p>\n","protected":false},"excerpt":{"rendered":"<p>Vous trouverez ci-dessous, notre \u00ab\u00a0Appel de la COTISATION 2026\u00a0\u00bb qui vous a \u00e9t\u00e9 envoy\u00e9 (par courrier postal) en d\u00e9but d&rsquo;ann\u00e9e, avec votre \u00ab\u00a0re\u00e7u fiscal\u00a0\u00bb relatif \u00e0 votre cotisation vers\u00e9e en 2025. m\u00e0j : 28\/02\/2026<\/p>\n","protected":false},"author":377,"featured_media":0,"parent":0,"menu_order":0,"comment_status":"closed","ping_status":"closed","template":"","meta":{"footnotes":""},"class_list":["post-3686","page","type-page","status-publish","hentry"],"_links":{"self":[{"href":"https:\/\/fnrce.fr\/alsa\/wp-json\/wp\/v2\/pages\/3686","targetHints":{"allow":["GET"]}}],"collection":[{"href":"https:\/\/fnrce.fr\/alsa\/wp-json\/wp\/v2\/pages"}],"about":[{"href":"https:\/\/fnrce.fr\/alsa\/wp-json\/wp\/v2\/types\/page"}],"author":[{"embeddable":true,"href":"https:\/\/fnrce.fr\/alsa\/wp-json\/wp\/v2\/users\/377"}],"replies":[{"embeddable":true,"href":"https:\/\/fnrce.fr\/alsa\/wp-json\/wp\/v2\/comments?post=3686"}],"version-history":[{"count":0,"href":"https:\/\/fnrce.fr\/alsa\/wp-json\/wp\/v2\/pages\/3686\/revisions"}],"wp:attachment":[{"href":"https:\/\/fnrce.fr\/alsa\/wp-json\/wp\/v2\/media?parent=3686"}],"curies":[{"name":"wp","href":"https:\/\/api.w.org\/{rel}","templated":true}]}}