{"id":301047,"date":"2024-09-05T19:35:56","date_gmt":"2024-09-05T17:35:56","guid":{"rendered":"https:\/\/fnrce.fr\/alsa\/?page_id=300851"},"modified":"2026-02-22T22:33:24","modified_gmt":"2026-02-22T21:33:24","slug":"proteger-et-aider-mes-proches","status":"publish","type":"page","link":"https:\/\/fnrce.fr\/alsa\/proteger-et-aider-mes-proches","title":{"rendered":"Prot\u00e9ger et aider mes proches&#8230;"},"content":{"rendered":"\n<div style=\"height:20px\" aria-hidden=\"true\" class=\"wp-block-spacer\"><\/div>\n\n\n\n<div style=\"height:20px\" aria-hidden=\"true\" class=\"wp-block-spacer\"><\/div>\n\n\n\n<p class=\"has-pale-ocean-gradient-background has-background\">D\u00e8s les ann\u00e9es 2018\/2019, la F\u00e9d\u00e9ration Nationale des Retrait\u00e9s des Caisses d\u2019\u00c9pargne a constitu\u00e9 une Commission pour mettre en place des outils d\u2019aide \u00e0 destination de nos adh\u00e9rents frapp\u00e9s par un deuil familial. La Commission a repris ses activit\u00e9s en 2023\/2024 pour aboutir \u00e0 la mise en place d\u2019un r\u00e9seau national de correspondant(e)s form\u00e9(e)s \u00e0 l\u2019accueil des personnes en deuil et aux conseils \u00e0 leur d\u00e9livrer dans cette difficile situation.<br>Ces conseils tournent principalement autour des questions relatives aux diff\u00e9rentes caisses de retraite qui sont amen\u00e9es \u00e0 intervenir, notamment au titre des pensions de r\u00e9version ; il en va de m\u00eame pour notre mutuelle, BPCE Mutuelle.<br><em>Nous en profitons pour remercier les responsables d\u2019EPS (Ensemble Protection Sociale) et de BPCE Mutuelle qui ont bien voulu faciliter l\u2019organisation de cette formation des correspondants(es) \u00e0 Paris le 19 juin 2024 et transmettre leur savoir \u00e0 nos coll\u00e8gues de l\u2019ensemble des r\u00e9gions fran\u00e7aises.<\/em><\/p>\n\n\n\n<p class=\"has-text-align-center has-vivid-purple-color has-text-color has-link-color wp-elements-0d853e3a6ae6dce27515363eb67c61d9\"><br><strong>Vous noterez que ce dossier a \u00e9t\u00e9 trait\u00e9 en d\u00e9tail dans notre revue \u00ab Infos retrait\u00e9s \u00bb num\u00e9ro 115 paru en septembre 2024,<br>en t\u00e9l\u00e9chargement <a href=\"https:\/\/fnrce-alsace.alwaysdata.net\/ADMIN\/INFOS_RETRAITES\/115.pdf\" target=\"_blank\" rel=\"noreferrer noopener\">ICI<\/a>. <\/strong><\/p>\n\n\n\n<div style=\"height:30px\" aria-hidden=\"true\" class=\"wp-block-spacer\"><\/div>\n\n\n\n<h2 class=\"wp-block-heading has-text-align-center has-vivid-red-color has-light-green-cyan-background-color has-text-color has-background has-link-color has-medium-font-size wp-elements-1859014bf65001fd20bc997dbb223b5e\">UNE AMBITION : ACCOMPAGNER NOS ADHERENTS ET LEURS PROCHES<\/h2>\n\n\n\n<div style=\"height:30px\" aria-hidden=\"true\" class=\"wp-block-spacer\"><\/div>\n\n\n\n<div class=\"wp-block-columns is-layout-flex wp-container-core-columns-is-layout-9d6595d7 wp-block-columns-is-layout-flex\">\n<div class=\"wp-block-column is-layout-flow wp-block-column-is-layout-flow\">\n<p class=\"has-luminous-vivid-orange-color has-text-color has-link-color has-medium-font-size wp-elements-289ed49711199a49fecbd059f3f4c537\"><strong>&gt; LE R\u00d4LE DU CORRESPONDANT<\/strong><\/p>\n<\/div>\n\n\n\n<div class=\"wp-block-column is-layout-flow wp-block-column-is-layout-flow\">\n<p class=\"has-text-align-center has-luminous-vivid-orange-color has-text-color has-link-color has-medium-font-size wp-elements-0504222d9be50babdb42b0b809015de0\"><strong>&gt; CORRESPONDANTS<\/strong>(ES) <strong>POUR LA SECTION ALSACE<\/strong><\/p>\n<\/div>\n<\/div>\n\n\n\n<div class=\"wp-block-columns is-layout-flex wp-container-core-columns-is-layout-9d6595d7 wp-block-columns-is-layout-flex\">\n<div class=\"wp-block-column is-vertically-aligned-top is-layout-flow wp-block-column-is-layout-flow\">\n<p>Le (la) correspondant(e) PAP (Protection et Aide des Proches) est l\u00e0 pour \u00e9couter, identifier et orienter les personnes qui le sollicite. Notre coll\u00e8gue n&rsquo;est pas le \u00ab\u00a0couteau suisse\u00a0\u00bb capable de r\u00e9pondre \u00e0 toutes les questions. Il (elle) ne se substituera pas \u00e0 vos d\u00e9marches n\u00e9cessaires, ni aux professionnels du domaine. Il (elle) est un(e) coll\u00e8gue retrait\u00e9(e) comme vous, b\u00e9n\u00e9vole&#8230; qui par ses renseignements, facilitera vos d\u00e9marches.<\/p>\n<\/div>\n\n\n\n<div class=\"wp-block-column is-layout-flow wp-block-column-is-layout-flow\">\n<div class=\"wp-block-columns is-layout-flex wp-container-core-columns-is-layout-9d6595d7 wp-block-columns-is-layout-flex\">\n<div class=\"wp-block-column is-layout-flow wp-block-column-is-layout-flow\" style=\"flex-basis:30%\">\n<p class=\"has-text-align-right\"><strong>KOPP Agn\u00e8s<\/strong> <br><br><strong>FISCH Andr\u00e9<\/strong><br><br><strong> <\/strong><\/p>\n<\/div>\n\n\n\n<div class=\"wp-block-column is-layout-flow wp-block-column-is-layout-flow\" style=\"flex-basis:40%\">\n<p class=\"has-text-align-center\">agneskp67@gmail.com<br><br> andre.fisch@wanadoo.fr<br><br><\/p>\n<\/div>\n\n\n\n<div class=\"wp-block-column is-layout-flow wp-block-column-is-layout-flow\" style=\"flex-basis:30%\">\n<p class=\"has-text-align-center\">06 83 44 87 34<br><br>06 33 90 99 71<br><br> <\/p>\n<\/div>\n<\/div>\n<\/div>\n<\/div>\n\n\n\n<div style=\"height:40px\" aria-hidden=\"true\" class=\"wp-block-spacer\"><\/div>\n\n\n\n<p class=\"has-luminous-vivid-orange-color has-text-color has-link-color has-medium-font-size wp-elements-fc4f95a426f14c3261c006fe4d63f4e0\"><strong>&gt; UN DOCUMENT INNOVANT ET PERSONNEL<\/strong><\/p>\n\n\n\n<div class=\"wp-block-columns is-layout-flex wp-container-core-columns-is-layout-9d6595d7 wp-block-columns-is-layout-flex\">\n<div class=\"wp-block-column is-layout-flow wp-block-column-is-layout-flow\" style=\"flex-basis:60%\">\n<p>Lors de ses travaux notre Commission Nationale s&rsquo;est rendue compte que pour \u00e9viter de se retrouver en difficult\u00e9 lorsque survient le \u00ab\u00a0coup dur\u00a0\u00bb, il valait beaucoup mieux anticiper d\u00e8s \u00e0 pr\u00e9sent en partageant soit avec le conjoint, soit avec une personne de confiance du cercle familial (ou en dehors, pourquoi pas ?) tout un ensemble de renseignements relatif \u00e0 la vie de la famille pour : <\/p>\n\n\n\n<p class=\"has-text-align-center has-vivid-purple-color has-text-color has-link-color wp-elements-302d273588690522e5b794215cc9eda4\"><strong>\u00ab PR\u00c9PARER\u2026 ANTICIPER\u2026 PR\u00c9VENIR \u00bb.<\/strong><br><\/p>\n\n\n\n<p class=\"has-text-align-left\" style=\"font-size:18px\">Nous avons class\u00e9 ces diff\u00e9rents points \u00e0 aborder selon 4 domaines&#8230;<\/p>\n\n\n\n<ul class=\"wp-block-list\">\n<li style=\"font-size:18px\"><strong>la sph\u00e8re \u00ab familiale \u00bb<\/strong><\/li>\n\n\n\n<li style=\"font-size:18px\"><strong>la sph\u00e8re \u00ab financi\u00e8re \u00bb<\/strong><\/li>\n\n\n\n<li style=\"font-size:18px\"><strong>la sph\u00e8re \u00ab retraite<\/strong> \u00bb<\/li>\n\n\n\n<li style=\"font-size:18px\"><strong>la sph\u00e8re \u00ab sant\u00e9<\/strong> \u00bb<\/li>\n<\/ul>\n\n\n\n<p>Et nous avons trait\u00e9 un autre point important : \u00ab les bonnes questions \u00e0 se poser d\u00e8s maintenant \u00bb.<\/p>\n\n\n\n<p>Vous trouverez le d\u00e9tail de toutes ces questions \u00e0 aborder avec vos proches dans un document de 6 pages disponible au t\u00e9l\u00e9chargement !<\/p>\n\n\n\n<p class=\"has-text-align-center has-vivid-red-color has-text-color has-link-color has-medium-font-size wp-elements-4d8051214461272e08d3360fc8916768\"><strong>(<em>Cliquer sur l&rsquo;image ci-contre pour t\u00e9l\u00e9charger la version pdf \u00e0 imprimer et compl\u00e9ter<\/em>)<\/strong><\/p>\n\n\n\n<p>Il s&rsquo;agit :<br> &gt; d&rsquo;un support pour alimenter un travail de r\u00e9flexion<br> &gt; d&rsquo;un document qui peut \u00eatre utile \u00e0 toutes et tous<br> &gt; d&rsquo;un document strictement personnel, simple d&rsquo;utilisation<br> &gt; d&rsquo;un document qui facilite votre vie quotidienne gr\u00e2ce \u00e0 une r\u00e9flexion partag\u00e9e.<\/p>\n\n\n\n<p>A terme, il pourra aider le conjoint, les enfants, la personne de confiance, \u00e0 r\u00e9aliser un certain nombre de d\u00e9marches dans un cadre pr\u00e9par\u00e9.<br><\/p>\n<\/div>\n\n\n\n<div class=\"wp-block-column is-layout-flow wp-block-column-is-layout-flow\">\n<figure class=\"wp-block-image size-full\"><a href=\"https:\/\/fnrce-alsace.alwaysdata.net\/ADMIN\/ASSISTANCE\/PAP.pdf\" target=\"_blank\" rel=\"noreferrer noopener\"><img fetchpriority=\"high\" decoding=\"async\" width=\"527\" height=\"721\" src=\"https:\/\/www.fnrce.fr\/alsa\/wp-content\/uploads\/sites\/6\/2024\/09\/PAP-1.jpg\" alt=\"\" class=\"wp-image-301200\" srcset=\"https:\/\/fnrce.fr\/alsa\/wp-content\/uploads\/sites\/6\/2024\/09\/PAP-1.jpg 527w, https:\/\/fnrce.fr\/alsa\/wp-content\/uploads\/sites\/6\/2024\/09\/PAP-1-219x300.jpg 219w\" sizes=\"(max-width: 527px) 100vw, 527px\" \/><\/a><\/figure>\n\n\n\n<p class=\"has-text-align-center has-vivid-red-color has-text-color has-link-color has-medium-font-size wp-elements-4832e78ea614f01713c48d7f926c8f5d\">S<em>i vous souhaitez la version au format Word de ce document&#8230;<\/em><br><em><strong> <a href=\"https:\/\/fnrce-alsace.alwaysdata.net\/ADMIN\/ASSISTANCE\/PAP.doc\" data-type=\"link\" data-id=\"https:\/\/fnrce-alsace.alwaysdata.net\/ADMIN\/ASSISTANCE\/PAP.docx\" target=\"_blank\" rel=\"noreferrer noopener\">cliquez ICI<\/a><\/strong><\/em><\/p>\n\n\n\n<p class=\"has-text-align-center has-vivid-red-color has-text-color has-link-color wp-elements-ea4fcc9eb9c87c98ad4be583710f7f05\"><\/p>\n<\/div>\n<\/div>\n\n\n\n<p>Nous mettons ce document \u00e0 votre disposition pour alimenter votre r\u00e9flexion au sein de votre famille, vous pouvez l&rsquo;utiliser comme bon vous semble. Il ne sortira pas de votre environnement familial.<br>Conservez le ! Viendra certainement le moment o\u00f9 il vous sera utile.<br><br>Soyez bien convaincus que cette approche est unique \u00e0 ce jour. A vous d&rsquo;en faire le meilleur usage. Si vous avez des questions compl\u00e9mentaires, vous pouvez vous adresser aux correspondants(es) de notre Section R\u00e9gionale de la F\u00e9d\u00e9ration Nationale des retrait\u00e9s.<br><\/p>\n\n\n\n<p class=\"has-text-align-center has-vivid-purple-color has-text-color has-link-color has-medium-font-size wp-elements-6f206173ab080d24749d7cb813741312\">\u00ab <strong><em>Organiser sa retraite, c\u2019est prot\u00e9ger ses proches \u00bb<\/em><\/strong><\/p>\n\n\n\n<div style=\"height:60px\" aria-hidden=\"true\" class=\"wp-block-spacer\"><\/div>\n\n\n\n<p class=\"has-pale-ocean-gradient-background has-background\"><br><strong>Notre Section ALSACE a apport\u00e9 une contribution active<\/strong> <strong>d\u00e8s 2020<\/strong> <strong>et a d\u00e9velopp\u00e9, sur ce site, <a href=\"https:\/\/www.fnrce.fr\/alsa\/retraite-de-reversion\" target=\"_blank\" rel=\"noreferrer noopener\">une page sp\u00e9cialement d\u00e9di\u00e9e<\/a> aux demandes des diff\u00e9rentes retraites de r\u00e9version.<\/strong><\/p>\n\n\n\n<div style=\"height:50px\" aria-hidden=\"true\" class=\"wp-block-spacer\"><\/div>\n\n\n\n<p class=\"has-luminous-vivid-orange-color has-text-color has-link-color has-medium-font-size wp-elements-ce20e55166d4470b289bf27ff2d124d4\"><strong>&gt; UN \u00c9CH\u00c9ANCIER DES CHOSES \u00c0 FAIRE DANS LES 6 PREMIERS MOIS APRES UN D\u00c9C\u00c8S<\/strong><\/p>\n\n\n\n<p>Le Groupe de travail a \u00e9galement \u00e9tabli le calendrier des actes \u00e0 accomplir pendant les 6 premiers mois, \u00e0 la suite d\u2019un d\u00e9c\u00e8s. Ce document peut vous \u00eatre fort utile. Vous le trouverez <em>au t\u00e9l\u00e9chargement ci-apr\u00e8s<\/em> . <\/p>\n\n\n\n<div class=\"wp-block-buttons has-custom-font-size has-small-font-size is-content-justification-center is-layout-flex wp-container-core-buttons-is-layout-16018d1d wp-block-buttons-is-layout-flex\">\n<div class=\"wp-block-button has-custom-width wp-block-button__width-50 is-style-fill\"><a class=\"wp-block-button__link has-black-color has-luminous-vivid-amber-background-color has-text-color has-background has-link-color has-medium-font-size has-text-align-center has-custom-font-size wp-element-button\" href=\"https:\/\/fnrce-alsace.alwaysdata.net\/ADMIN\/ASSISTANCE\/CALENDRIER.pdf\" style=\"border-radius:50px\" target=\"_blank\" rel=\"noreferrer noopener\">Cliquez ICI pour t\u00e9l\u00e9charger le document<br>\u00a0\u00bb <strong>\u00e9ch\u00e9ancier des choses \u00e0 faire..<\/strong>. \u00ab\u00a0<\/a><\/div>\n<\/div>\n\n\n\n<div style=\"height:50px\" aria-hidden=\"true\" class=\"wp-block-spacer\"><\/div>\n\n\n\n<p class=\"has-text-align-center\">Nous vous proposons \u00e9galement au t\u00e9l\u00e9chargement le guide des principales d\u00e9marches \u00e0 r\u00e9aliser<br>et des personnes \u00e0 contacter pour \u00eatre aid\u00e9.<br>(<em>cliquez sur l&rsquo;image ci-dessous<\/em>)<\/p>\n\n\n<div class=\"wp-block-image\">\n<figure class=\"aligncenter size-medium\"><a href=\"https:\/\/fnrce-alsace.alwaysdata.net\/ADMIN\/ASSISTANCE\/GuideDeces2024.pdf\" target=\"_blank\" rel=\"noreferrer noopener\"><img decoding=\"async\" width=\"224\" height=\"300\" src=\"https:\/\/www.fnrce.fr\/alsa\/wp-content\/uploads\/sites\/6\/2024\/09\/GuideDeces2024-224x300.jpg\" alt=\"\" class=\"wp-image-301222\" srcset=\"https:\/\/fnrce.fr\/alsa\/wp-content\/uploads\/sites\/6\/2024\/09\/GuideDeces2024-224x300.jpg 224w, https:\/\/fnrce.fr\/alsa\/wp-content\/uploads\/sites\/6\/2024\/09\/GuideDeces2024.jpg 471w\" sizes=\"(max-width: 224px) 100vw, 224px\" \/><\/a><\/figure>\n<\/div>\n\n\n<div style=\"height:50px\" aria-hidden=\"true\" class=\"wp-block-spacer\"><\/div>\n\n\n\n<p class=\"has-text-align-center\">Ce dossier sera bien \u00e9videmment \u00e9volutif et pourra \u00eatre enrichi au fil de l\u2019eau.<br><strong><em>Merci \u00e0 tous les coll\u00e8gues qui se sont investis<\/em><\/strong> pour sa mise en place et pour qu\u2019il puisse vous apporter tout le r\u00e9confort attendu.<\/p>\n\n\n\n<div style=\"height:20px\" aria-hidden=\"true\" class=\"wp-block-spacer\"><\/div>\n\n\n\n<p class=\"has-text-align-right has-small-font-size\"><em><strong>m\u00e0j : 22\/02\/2026<\/strong><\/em><\/p>\n\n\n\n<p><\/p>\n","protected":false},"excerpt":{"rendered":"<p>D\u00e8s les ann\u00e9es 2018\/2019, la F\u00e9d\u00e9ration Nationale des Retrait\u00e9s des Caisses d\u2019\u00c9pargne a constitu\u00e9 une Commission pour mettre en place des outils d\u2019aide \u00e0 destination de nos adh\u00e9rents frapp\u00e9s par un deuil familial. La Commission a repris ses activit\u00e9s en 2023\/2024 pour aboutir \u00e0 la mise en place d\u2019un r\u00e9seau national de correspondant(e)s form\u00e9(e)s \u00e0 [&hellip;]<\/p>\n","protected":false},"author":377,"featured_media":0,"parent":0,"menu_order":0,"comment_status":"closed","ping_status":"closed","template":"","meta":{"footnotes":""},"class_list":["post-301047","page","type-page","status-publish","hentry"],"_links":{"self":[{"href":"https:\/\/fnrce.fr\/alsa\/wp-json\/wp\/v2\/pages\/301047","targetHints":{"allow":["GET"]}}],"collection":[{"href":"https:\/\/fnrce.fr\/alsa\/wp-json\/wp\/v2\/pages"}],"about":[{"href":"https:\/\/fnrce.fr\/alsa\/wp-json\/wp\/v2\/types\/page"}],"author":[{"embeddable":true,"href":"https:\/\/fnrce.fr\/alsa\/wp-json\/wp\/v2\/users\/377"}],"replies":[{"embeddable":true,"href":"https:\/\/fnrce.fr\/alsa\/wp-json\/wp\/v2\/comments?post=301047"}],"version-history":[{"count":0,"href":"https:\/\/fnrce.fr\/alsa\/wp-json\/wp\/v2\/pages\/301047\/revisions"}],"wp:attachment":[{"href":"https:\/\/fnrce.fr\/alsa\/wp-json\/wp\/v2\/media?parent=301047"}],"curies":[{"name":"wp","href":"https:\/\/api.w.org\/{rel}","templated":true}]}}