{"id":300109,"date":"2023-11-25T11:30:09","date_gmt":"2023-11-25T10:30:09","guid":{"rendered":"https:\/\/fnrce.fr\/alsa\/?page_id=300109"},"modified":"2026-02-24T17:07:13","modified_gmt":"2026-02-24T16:07:13","slug":"bulletin-dadhesion","status":"publish","type":"page","link":"https:\/\/fnrce.fr\/alsa\/bulletin-dadhesion","title":{"rendered":"Bulletin d&rsquo;adh\u00e9sion"},"content":{"rendered":"\n<div style=\"height:50px\" aria-hidden=\"true\" class=\"wp-block-spacer\"><\/div>\n\n\n\n<p>Si vous souhaitez nous rejoindre vous trouverez ci-dessous notre \u00ab\u00a0<strong>Bulletin d&rsquo;adh\u00e9sion<\/strong>\u00a0\u00bb \u00e0 \u00e9diter, compl\u00e9ter et nous retourner \u00e0 l&rsquo;adresse indiqu\u00e9e.<\/p>\n\n\n\n<div style=\"height:40px\" aria-hidden=\"true\" class=\"wp-block-spacer\"><\/div>\n\n\n\n<div class=\"wp-block-columns is-layout-flex wp-container-core-columns-is-layout-9d6595d7 wp-block-columns-is-layout-flex\">\n<div class=\"wp-block-column is-layout-flow wp-block-column-is-layout-flow\" style=\"flex-basis:15%\"><\/div>\n\n\n\n<div class=\"wp-block-column is-layout-flow wp-block-column-is-layout-flow\" style=\"flex-basis:70%\">\n<div data-wp-interactive=\"core\/file\" class=\"wp-block-file\"><object data-wp-bind--hidden=\"!state.hasPdfPreview\" hidden class=\"wp-block-file__embed\" data=\"https:\/\/fnrce.fr\/alsa\/wp-content\/uploads\/sites\/6\/2026\/02\/Bulletin-adhesion.pdf\" type=\"application\/pdf\" style=\"width:100%;height:600px\" aria-label=\"Contenu embarqu\u00e9 Bulletin adh\u00e9sion.\"><\/object><a id=\"wp-block-file--media-4d869612-6e5d-4665-ade1-f90d0535f875\" href=\"https:\/\/fnrce.fr\/alsa\/wp-content\/uploads\/sites\/6\/2026\/02\/Bulletin-adhesion.pdf\" target=\"_blank\" rel=\"noreferrer noopener\">Bulletin adh\u00e9sion<\/a><\/div>\n<\/div>\n\n\n\n<div class=\"wp-block-column is-layout-flow wp-block-column-is-layout-flow\" style=\"flex-basis:15%\"><\/div>\n<\/div>\n\n\n\n<p class=\"has-text-align-right has-small-font-size\"><em>m\u00e0j : 22\/02\/2026<\/em><\/p>\n\n\n\n<p><\/p>\n","protected":false},"excerpt":{"rendered":"<p>Si vous souhaitez nous rejoindre vous trouverez ci-dessous notre \u00ab\u00a0Bulletin d&rsquo;adh\u00e9sion\u00a0\u00bb \u00e0 \u00e9diter, compl\u00e9ter et nous retourner \u00e0 l&rsquo;adresse indiqu\u00e9e. m\u00e0j : 22\/02\/2026<\/p>\n","protected":false},"author":377,"featured_media":0,"parent":0,"menu_order":0,"comment_status":"closed","ping_status":"closed","template":"","meta":{"footnotes":""},"class_list":["post-300109","page","type-page","status-publish","hentry"],"_links":{"self":[{"href":"https:\/\/fnrce.fr\/alsa\/wp-json\/wp\/v2\/pages\/300109","targetHints":{"allow":["GET"]}}],"collection":[{"href":"https:\/\/fnrce.fr\/alsa\/wp-json\/wp\/v2\/pages"}],"about":[{"href":"https:\/\/fnrce.fr\/alsa\/wp-json\/wp\/v2\/types\/page"}],"author":[{"embeddable":true,"href":"https:\/\/fnrce.fr\/alsa\/wp-json\/wp\/v2\/users\/377"}],"replies":[{"embeddable":true,"href":"https:\/\/fnrce.fr\/alsa\/wp-json\/wp\/v2\/comments?post=300109"}],"version-history":[{"count":0,"href":"https:\/\/fnrce.fr\/alsa\/wp-json\/wp\/v2\/pages\/300109\/revisions"}],"wp:attachment":[{"href":"https:\/\/fnrce.fr\/alsa\/wp-json\/wp\/v2\/media?parent=300109"}],"curies":[{"name":"wp","href":"https:\/\/api.w.org\/{rel}","templated":true}]}}