{"id":299458,"date":"2022-12-30T18:38:20","date_gmt":"2022-12-30T17:38:20","guid":{"rendered":"https:\/\/fnrce.fr\/alsa\/?page_id=299458"},"modified":"2026-05-13T15:44:22","modified_gmt":"2026-05-13T13:44:22","slug":"lettre-de-lufrb","status":"publish","type":"page","link":"https:\/\/fnrce.fr\/alsa\/lettre-de-lufrb","title":{"rendered":"Lettre de l&rsquo;UFRB"},"content":{"rendered":"\n<div style=\"height:50px\" aria-hidden=\"true\" class=\"wp-block-spacer\"><\/div>\n\n\n<div class=\"wp-block-image is-style-default\">\n<figure class=\"aligncenter size-full\"><img fetchpriority=\"high\" decoding=\"async\" width=\"578\" height=\"142\" src=\"https:\/\/www.fnrce.fr\/alsa\/wp-content\/uploads\/sites\/6\/2022\/12\/Logo-UFRB.jpg\" alt=\"\" class=\"wp-image-299459\" srcset=\"https:\/\/fnrce.fr\/alsa\/wp-content\/uploads\/sites\/6\/2022\/12\/Logo-UFRB.jpg 578w, https:\/\/fnrce.fr\/alsa\/wp-content\/uploads\/sites\/6\/2022\/12\/Logo-UFRB-300x74.jpg 300w\" sizes=\"(max-width: 578px) 100vw, 578px\" \/><\/figure>\n<\/div>\n\n\n<div style=\"height:30px\" aria-hidden=\"true\" class=\"wp-block-spacer\"><\/div>\n\n\n\n<p class=\"has-text-align-center\" style=\"font-size:18px\"><strong>Vous trouverez ci-apr\u00e8s les communications de l&rsquo;UFRB&#8230;<\/strong><\/p>\n\n\n\n<div style=\"height:30px\" aria-hidden=\"true\" class=\"wp-block-spacer\"><\/div>\n\n\n\n<div style=\"height:20px\" aria-hidden=\"true\" class=\"wp-block-spacer\"><\/div>\n\n\n\n<p><\/p>\n\n\n\n<figure class=\"wp-block-table is-style-stripes\" style=\"font-size:17px;font-style:normal;font-weight:400\"><table class=\"has-black-color has-text-color has-background\" style=\"background-color:#faf8ea\"><thead><tr><th class=\"has-text-align-center\" data-align=\"center\"><em>date de publication<\/em><\/th><th class=\"has-text-align-center\" data-align=\"center\"><em>type de communication<\/em><\/th><th class=\"has-text-align-center\" data-align=\"center\"><em>lire <\/em><\/th><\/tr><\/thead><tbody><tr><td class=\"has-text-align-center\" data-align=\"center\">2026 mai<\/td><td class=\"has-text-align-center\" data-align=\"center\">La lettre du 15 mai 2026<\/td><td class=\"has-text-align-center\" data-align=\"center\"><a href=\"https:\/\/www.ufrb.fr\/Lettre_UFRB\/277\/CE\/content.html\" target=\"_blank\" rel=\"noreferrer noopener\">t\u00e9l\u00e9charger<\/a><\/td><\/tr><tr><td class=\"has-text-align-center\" data-align=\"center\">2026 avril<\/td><td class=\"has-text-align-center\" data-align=\"center\">La lettre du 15 avril 2026<\/td><td class=\"has-text-align-center\" data-align=\"center\"><a href=\"https:\/\/www.ufrb.fr\/Lettre_UFRB\/276\/CE\/content.html\" target=\"_blank\" rel=\"noreferrer noopener\">t\u00e9l\u00e9charger<\/a><\/td><\/tr><tr><td class=\"has-text-align-center\" data-align=\"center\">2026 mars<\/td><td class=\"has-text-align-center\" data-align=\"center\">La lettre du 15 mars 2026<\/td><td class=\"has-text-align-center\" data-align=\"center\"><a href=\"https:\/\/www.ufrb.fr\/Lettre_UFRB\/275\/CE\/content.html\" target=\"_blank\" rel=\"noreferrer noopener\">t\u00e9l\u00e9charger<\/a><\/td><\/tr><tr><td class=\"has-text-align-center\" data-align=\"center\">2026 f\u00e9vrier<\/td><td class=\"has-text-align-center\" data-align=\"center\">La lettre du 15 f\u00e9vrier 2026<\/td><td class=\"has-text-align-center\" data-align=\"center\"><a href=\"https:\/\/www.ufrb.fr\/Lettre_UFRB\/274\/CE\/content.html\" target=\"_blank\" rel=\"noreferrer noopener\">t\u00e9l\u00e9charger<\/a><\/td><\/tr><tr><td class=\"has-text-align-center\" data-align=\"center\">2026 janvier<\/td><td class=\"has-text-align-center\" data-align=\"center\">La lettre du 15 janvier 2026<\/td><td class=\"has-text-align-center\" data-align=\"center\"><a href=\"https:\/\/www.ufrb.fr\/Lettre_UFRB\/273\/CE\/content.html\" target=\"_blank\" rel=\"noreferrer noopener\">t\u00e9l\u00e9charger<\/a><\/td><\/tr><tr><td class=\"has-text-align-center\" data-align=\"center\">2025 d\u00e9cembre<\/td><td class=\"has-text-align-center\" data-align=\"center\">La lettre du 15 d\u00e9cembre 2025<\/td><td class=\"has-text-align-center\" data-align=\"center\"><a href=\"https:\/\/www.ufrb.fr\/Lettre_UFRB\/272\/CE\/content.html\" target=\"_blank\" rel=\"noreferrer noopener\">t\u00e9l\u00e9charger<\/a><\/td><\/tr><tr><td class=\"has-text-align-center\" data-align=\"center\">2025 novembre<\/td><td class=\"has-text-align-center\" data-align=\"center\">La lettre du 15 novembre 2025<\/td><td class=\"has-text-align-center\" data-align=\"center\"><a href=\"https:\/\/www.ufrb.fr\/Lettre_UFRB\/271\/CE\/content.html\" target=\"_blank\" rel=\"noreferrer noopener\">t\u00e9l\u00e9charger<\/a><\/td><\/tr><tr><td class=\"has-text-align-center\" data-align=\"center\">2025 octobre<\/td><td class=\"has-text-align-center\" data-align=\"center\">La lettre du 15 octobre 2025<\/td><td class=\"has-text-align-center\" data-align=\"center\"><a href=\"https:\/\/www.ufrb.fr\/Lettre_UFRB\/270\/CE\/content.html\" target=\"_blank\" rel=\"noreferrer noopener\">t\u00e9l\u00e9charger<\/a><\/td><\/tr><tr><td class=\"has-text-align-center\" data-align=\"center\">2025 septembre<\/td><td class=\"has-text-align-center\" data-align=\"center\">La lettre du 15 septembre 2025<\/td><td class=\"has-text-align-center\" data-align=\"center\"><a href=\"https:\/\/www.ufrb.fr\/Lettre_UFRB\/269\/CE\/content.html\" target=\"_blank\" rel=\"noreferrer noopener\">t\u00e9l\u00e9charger<\/a><\/td><\/tr><tr><td class=\"has-text-align-center\" data-align=\"center\">2025 juillet<\/td><td class=\"has-text-align-center\" data-align=\"center\">La lettre du 15 juillet 2025<\/td><td class=\"has-text-align-center\" data-align=\"center\"><a href=\"https:\/\/www.ufrb.fr\/Lettre_UFRB\/268\/CE\/content.html\" target=\"_blank\" rel=\"noreferrer noopener\">t\u00e9l\u00e9charger<\/a><\/td><\/tr><tr><td class=\"has-text-align-center\" data-align=\"center\">2025 juin<\/td><td class=\"has-text-align-center\" data-align=\"center\">La lettre du 15 juin 2025<\/td><td class=\"has-text-align-center\" data-align=\"center\"><a href=\"https:\/\/www.ufrb.fr\/Lettre_UFRB\/267\/CE\/content.html\" target=\"_blank\" rel=\"noreferrer noopener\">t\u00e9l\u00e9charger<\/a><\/td><\/tr><tr><td class=\"has-text-align-center\" data-align=\"center\">2025 mai<\/td><td class=\"has-text-align-center\" data-align=\"center\">La lettre du 15 mai 2025<\/td><td class=\"has-text-align-center\" data-align=\"center\"><a href=\"https:\/\/www.ufrb.fr\/Lettre_UFRB\/266\/CE\/content.html\" target=\"_blank\" rel=\"noreferrer noopener\">t\u00e9l\u00e9charger<\/a><\/td><\/tr><tr><td class=\"has-text-align-center\" data-align=\"center\">2025 avril<\/td><td class=\"has-text-align-center\" data-align=\"center\">La lettre du 15 avril 2025<\/td><td class=\"has-text-align-center\" data-align=\"center\"><a href=\"https:\/\/www.ufrb.fr\/Lettre_UFRB\/265\/CE\/content.html\" target=\"_blank\" rel=\"noreferrer noopener\">t\u00e9l\u00e9charger<\/a><\/td><\/tr><tr><td class=\"has-text-align-center\" data-align=\"center\">2025 mars<\/td><td class=\"has-text-align-center\" data-align=\"center\">La lettre du 15 mars 2025<\/td><td class=\"has-text-align-center\" data-align=\"center\"><a href=\"https:\/\/www.ufrb.fr\/Lettre_UFRB\/264\/CE\/content.html\" target=\"_blank\" rel=\"noreferrer noopener\">t\u00e9l\u00e9charger<\/a><\/td><\/tr><tr><td class=\"has-text-align-center\" data-align=\"center\">2025 f\u00e9vrier<\/td><td class=\"has-text-align-center\" data-align=\"center\">La lettre du 15 f\u00e9vrier 2025<\/td><td class=\"has-text-align-center\" data-align=\"center\"><a href=\"https:\/\/www.ufrb.fr\/Lettre_UFRB\/263\/CE\/content.html\" target=\"_blank\" rel=\"noreferrer noopener\">t\u00e9l\u00e9charger<\/a><\/td><\/tr><tr><td class=\"has-text-align-center\" data-align=\"center\">2025 janvier<\/td><td class=\"has-text-align-center\" data-align=\"center\">La lettre du 15 janvier 2025<\/td><td class=\"has-text-align-center\" data-align=\"center\"><a href=\"https:\/\/www.ufrb.fr\/Lettre_UFRB\/262\/CE\/content.html\" target=\"_blank\" rel=\"noreferrer noopener\">t\u00e9l\u00e9charger<\/a><\/td><\/tr><tr><td class=\"has-text-align-center\" data-align=\"center\">2024 d\u00e9cembre<\/td><td class=\"has-text-align-center\" data-align=\"center\">La lettre du 15 d\u00e9cembre 2024<\/td><td class=\"has-text-align-center\" data-align=\"center\"><a href=\"https:\/\/www.ufrb.fr\/Lettre_UFRB\/261\/CE\/content.html\" target=\"_blank\" rel=\"noreferrer noopener\">t\u00e9l\u00e9charger<\/a><\/td><\/tr><tr><td class=\"has-text-align-center\" data-align=\"center\">2024 novembre<\/td><td class=\"has-text-align-center\" data-align=\"center\">La lettre du 15 novembre 2024<\/td><td class=\"has-text-align-center\" data-align=\"center\"><a href=\"https:\/\/www.ufrb.fr\/Lettre_UFRB\/260\/CE\/content.html\" target=\"_blank\" rel=\"noreferrer noopener\">t\u00e9l\u00e9charger<\/a><\/td><\/tr><tr><td class=\"has-text-align-center\" data-align=\"center\">2024 octobre<\/td><td class=\"has-text-align-center\" data-align=\"center\">La lettre du 15 octobre 2024<\/td><td class=\"has-text-align-center\" data-align=\"center\"><a href=\"https:\/\/www.ufrb.fr\/Lettre_UFRB\/259\/CE\/content.html\" target=\"_blank\" rel=\"noreferrer noopener\">t\u00e9l\u00e9charger<\/a><\/td><\/tr><tr><td class=\"has-text-align-center\" data-align=\"center\">2024 septembre<\/td><td class=\"has-text-align-center\" data-align=\"center\">La lettre du 15 septembre 2024<\/td><td class=\"has-text-align-center\" data-align=\"center\"><a href=\"https:\/\/www.ufrb.fr\/Lettre_UFRB\/258\/CE\/content.html\" target=\"_blank\" rel=\"noreferrer noopener\">t\u00e9l\u00e9charger<\/a><\/td><\/tr><tr><td class=\"has-text-align-center\" data-align=\"center\">2024 juillet<\/td><td class=\"has-text-align-center\" data-align=\"center\">La lettre du 15 juillet 2024<\/td><td class=\"has-text-align-center\" data-align=\"center\"><a href=\"https:\/\/www.ufrb.fr\/Lettre_UFRB\/257\/CE\/content.html\" target=\"_blank\" rel=\"noreferrer noopener\">t\u00e9l\u00e9charger<\/a><\/td><\/tr><tr><td class=\"has-text-align-center\" data-align=\"center\">2024 juin<\/td><td class=\"has-text-align-center\" data-align=\"center\">La lettre du 15 juin 2024<\/td><td class=\"has-text-align-center\" data-align=\"center\"><a href=\"https:\/\/www.ufrb.fr\/Lettre_UFRB\/256\/CE\/content.html\" target=\"_blank\" rel=\"noreferrer noopener\">t\u00e9l\u00e9charger<\/a><\/td><\/tr><tr><td class=\"has-text-align-center\" data-align=\"center\">2024 mai<\/td><td class=\"has-text-align-center\" data-align=\"center\">La lettre du 15 mai 2024<\/td><td class=\"has-text-align-center\" data-align=\"center\"><a href=\"https:\/\/www.ufrb.fr\/Lettre_UFRB\/255\/CE\/content.html\" target=\"_blank\" rel=\"noreferrer noopener\">t\u00e9l\u00e9charger<\/a><\/td><\/tr><tr><td class=\"has-text-align-center\" data-align=\"center\">2024 avril<\/td><td class=\"has-text-align-center\" data-align=\"center\">La lettre du 15 avril 2024<\/td><td class=\"has-text-align-center\" data-align=\"center\"><a href=\"https:\/\/www.ufrb.fr\/Lettre_UFRB\/254\/CE\/content.html\" target=\"_blank\" rel=\"noreferrer noopener\">t\u00e9l\u00e9charger<\/a><\/td><\/tr><tr><td class=\"has-text-align-center\" data-align=\"center\">2024 mars<\/td><td class=\"has-text-align-center\" data-align=\"center\">La lettre du 15 mars 2024<\/td><td class=\"has-text-align-center\" data-align=\"center\"><a href=\"https:\/\/www.ufrb.fr\/Lettre_UFRB\/253\/CE\/content.html\" target=\"_blank\" rel=\"noreferrer noopener\">t\u00e9l\u00e9charger<\/a><\/td><\/tr><tr><td class=\"has-text-align-center\" data-align=\"center\">2024 f\u00e9vrier<\/td><td class=\"has-text-align-center\" data-align=\"center\">La lettre du 15 f\u00e9vrier 2024<\/td><td class=\"has-text-align-center\" data-align=\"center\"><a href=\"https:\/\/www.ufrb.fr\/Lettre_UFRB\/252\/CE\/content.html\" target=\"_blank\" rel=\"noreferrer noopener\">t\u00e9l\u00e9charger<\/a><\/td><\/tr><tr><td class=\"has-text-align-center\" data-align=\"center\">2024 janvier<\/td><td class=\"has-text-align-center\" data-align=\"center\">La lettre du 15 janvier 2024<\/td><td class=\"has-text-align-center\" data-align=\"center\"><a href=\"https:\/\/www.ufrb.fr\/Lettre_UFRB\/251\/CE\/content.html\" target=\"_blank\" rel=\"noreferrer noopener\">t\u00e9l\u00e9charger<\/a><\/td><\/tr><tr><td class=\"has-text-align-center\" data-align=\"center\">2023 d\u00e9cembre<\/td><td class=\"has-text-align-center\" data-align=\"center\">La lettre du 15 d\u00e9cembre 2023<\/td><td class=\"has-text-align-center\" data-align=\"center\"><a href=\"https:\/\/www.ufrb.fr\/Lettre_UFRB\/250\/CE\/content.html\" target=\"_blank\" rel=\"noreferrer noopener\">t\u00e9l\u00e9charger<\/a><\/td><\/tr><tr><td class=\"has-text-align-center\" data-align=\"center\">2023 novembre<\/td><td class=\"has-text-align-center\" data-align=\"center\">La lettre du 15 novembre 2023<\/td><td class=\"has-text-align-center\" data-align=\"center\"><a href=\"https:\/\/2x453.r.a.d.sendibm1.com\/mk\/mr\/sh\/7nVTPdZCTJDXOqqM3ReO7P8eC7q0UM5\/eCG9i0T8I6gH\" target=\"_blank\" rel=\"noreferrer noopener\">t\u00e9l\u00e9charger<\/a><\/td><\/tr><tr><td class=\"has-text-align-center\" data-align=\"center\">2023 octobre<\/td><td class=\"has-text-align-center\" data-align=\"center\">La lettre du 15 octobre 2023<\/td><td class=\"has-text-align-center\" data-align=\"center\"><a href=\"https:\/\/2x453.r.a.d.sendibm1.com\/mk\/mr\/sh\/7nVTPdZCTJDXOqqM3ReO7P8eC7q0UM5\/uWiMcVpyc4Jd\" data-type=\"link\" data-id=\"https:\/\/2x453.r.a.d.sendibm1.com\/mk\/mr\/sh\/7nVTPdZCTJDXOqqM3ReO7P8eC7q0UM5\/uWiMcVpyc4Jd\" target=\"_blank\" rel=\"noreferrer noopener\">t\u00e9l\u00e9charger<\/a><\/td><\/tr><tr><td class=\"has-text-align-center\" data-align=\"center\">2023 septembre<\/td><td class=\"has-text-align-center\" data-align=\"center\">La lettre du 15 septembre 2023<\/td><td class=\"has-text-align-center\" data-align=\"center\"><a href=\"https:\/\/2x453.r.a.d.sendibm1.com\/mk\/mr\/sh\/7nVTPdZCTJDXOqqM3ReO7P8eC7q0UM5\/gDTigX8JclE2\" data-type=\"link\" data-id=\"https:\/\/2x453.r.a.d.sendibm1.com\/mk\/mr\/sh\/7nVTPdZCTJDXOqqM3ReO7P8eC7q0UM5\/gDTigX8JclE2\" target=\"_blank\" rel=\"noreferrer noopener\">t\u00e9l\u00e9charger<\/a><\/td><\/tr><tr><td class=\"has-text-align-center\" data-align=\"center\">2023 juillet<\/td><td class=\"has-text-align-center\" data-align=\"center\">La lettre du 15 juillet 2023<\/td><td class=\"has-text-align-center\" data-align=\"center\"><a href=\"https:\/\/2x453.r.a.d.sendibm1.com\/mk\/mr\/sh\/7nVTPdZCTJDXOxrlEQu6Pa8C2FJmy81\/R1TM3mLlfjMP\" target=\"_blank\" rel=\"noreferrer noopener\">t\u00e9l\u00e9charger<\/a><\/td><\/tr><tr><td class=\"has-text-align-center\" data-align=\"center\">2023 juin<\/td><td class=\"has-text-align-center\" data-align=\"center\">La lettre du 15 juin 2023<\/td><td class=\"has-text-align-center\" data-align=\"center\"><a href=\"https:\/\/2x453.r.a.d.sendibm1.com\/mk\/mr\/s8c5VuUm6a-Z3jnypvyeatmtDZQPpd42bfjsruSnXUmQzflGabEOJCFfkxc8iFChgdWBdrzsg7sJ-5ebLM6Xz4yvHA6gAp1a9j60Srm7iJafBiSvbWE7wc2ckGwksyxlvwycRjjT_aUo\" target=\"_blank\" rel=\"noreferrer noopener\">t\u00e9l\u00e9charger<\/a><\/td><\/tr><tr><td class=\"has-text-align-center\" data-align=\"center\">2023 mai<\/td><td class=\"has-text-align-center\" data-align=\"center\">La lettre du 15 mai 2023<\/td><td class=\"has-text-align-center\" data-align=\"center\"><a href=\"https:\/\/2x453.r.a.d.sendibm1.com\/mk\/mr\/1RtJsjzzpfb_z4Mc6Kawr65e4bUaTU7s_J1HDNLgZDoxyLv4DVn21IXzdJajQAdrwqM9pa6NSKQdJNtEGMTOsP_PRmB2cnbj-twoUdyXeFiRxBXnrV1qaeesMdvdGpKmUS2g65S1Ea4a\" target=\"_blank\" rel=\"noreferrer noopener\">t\u00e9l\u00e9charger<\/a><\/td><\/tr><tr><td class=\"has-text-align-center\" data-align=\"center\">2023 avril<\/td><td class=\"has-text-align-center\" data-align=\"center\">La lettre du 15 avril 2023<\/td><td class=\"has-text-align-center\" data-align=\"center\"><a href=\"https:\/\/2x453.r.a.d.sendibm1.com\/mk\/mr\/F1Ks1EOPxPQFTiTMhf6Wy9Gkg4q2o6txWDuMk-hdzTtjNK9piPhsRSZRiUWkvHgjyuyglMa8fPDg8slrGCSUQUEIsCjnKIpaKWcth34S3EKGGiLcPyVS6aJgY7vE-vqLb5w8USrnP5rC\" target=\"_blank\" rel=\"noreferrer noopener\">t\u00e9l\u00e9charger<\/a><\/td><\/tr><tr><td class=\"has-text-align-center\" data-align=\"center\">2023 mars<\/td><td class=\"has-text-align-center\" data-align=\"center\">La lettre du 15 mars 2023<\/td><td class=\"has-text-align-center\" data-align=\"center\"><a href=\"https:\/\/2x453.r.ag.d.sendibm3.com\/mk\/mr\/-ElnngWZJjmUkfy_bDvFVRoAno0R2whukmt0DiRRygk9-0L03ZK-Ks_8nofIDLWXsF-5VOseNzDnyRSPteSGIffE7wav08IKnK6Cqrm0UUTitZ7OqkSrIZJtwdaCqnmnMmZReq7dcVAPJA\" target=\"_blank\" rel=\"noreferrer noopener\">t\u00e9l\u00e9charger<\/a><\/td><\/tr><tr><td class=\"has-text-align-center\" data-align=\"center\">2023 f\u00e9vrier<\/td><td class=\"has-text-align-center\" data-align=\"center\">La lettre du 15 f\u00e9vrier 2023<\/td><td class=\"has-text-align-center\" data-align=\"center\"><a href=\"https:\/\/2x453.r.ag.d.sendibm3.com\/mk\/mr\/irtq1nHroLVG5UIJOiRs4jlEpZ9y2xBwOfQmcH98SV-bKubuZu-CYXcNXjaDctlDthr7AybLqumPXwaPRrsI416EF4s402akFyaNHWJJE8qA4D8309e3B9h-3vMnXunoSbPX0THH99mjrQ\" target=\"_blank\" rel=\"noreferrer noopener\">t\u00e9l\u00e9charger<\/a><\/td><\/tr><tr><td class=\"has-text-align-center\" data-align=\"center\">2023 janvier<\/td><td class=\"has-text-align-center\" data-align=\"center\">La lettre du 15 janvier 2023<\/td><td class=\"has-text-align-center\" data-align=\"center\"><a rel=\"noreferrer noopener\" href=\"https:\/\/2x453.r.ag.d.sendibm3.com\/mk\/mr\/XvrzLAbraz6CqgZhsNN_zu2j0Lz3456QMqXcVcPC3HdYsx321Dj8I-NHCWCRA8VSzCLOCFiQGCAX1DxtmOtzDs8y4Hw_4i0WmRZIZGZsDG5k7N3k1mbpFcO65RfAOwhMTNsLLTeBLzTPEg\" target=\"_blank\">t\u00e9l\u00e9charger<\/a><\/td><\/tr><tr><td class=\"has-text-align-center\" data-align=\"center\">2022 d\u00e9cembre<\/td><td class=\"has-text-align-center\" data-align=\"center\">La lettre du 15 d\u00e9cembre 2022<\/td><td class=\"has-text-align-center\" data-align=\"center\"><a href=\"https:\/\/2x453.r.ag.d.sendibm3.com\/mk\/mr\/HW7w2BBJBk6ythP78JiQdD3hfdbblklJPV8PmDbkko6YTTuQLW0rvOQIAaMi6tUojAPKX1kUnvRHc5zNcDN56DHpINgbzaIuoLYYwPNZmbNVvIxaBOQA6fwDXeM-tDJRANJwLVkybmg6zg\" target=\"_blank\" rel=\"noreferrer noopener\">t\u00e9l\u00e9charger<\/a><\/td><\/tr><tr><td class=\"has-text-align-center\" data-align=\"center\"><\/td><td class=\"has-text-align-center\" data-align=\"center\"><\/td><td class=\"has-text-align-center\" data-align=\"center\"><\/td><\/tr><\/tbody><\/table><\/figure>\n\n\n\n<p class=\"has-text-align-right has-small-font-size\"><em>m\u00e0j : 13\/05\/2026<\/em><\/p>\n\n\n\n<p><\/p>\n","protected":false},"excerpt":{"rendered":"<p>Vous trouverez ci-apr\u00e8s les communications de l&rsquo;UFRB&#8230; date de publication type de communication lire 2026 mai La lettre du 15 mai 2026 t\u00e9l\u00e9charger 2026 avril La lettre du 15 avril 2026 t\u00e9l\u00e9charger 2026 mars La lettre du 15 mars 2026 t\u00e9l\u00e9charger 2026 f\u00e9vrier La lettre du 15 f\u00e9vrier 2026 t\u00e9l\u00e9charger 2026 janvier La lettre du [&hellip;]<\/p>\n","protected":false},"author":377,"featured_media":0,"parent":0,"menu_order":0,"comment_status":"closed","ping_status":"closed","template":"","meta":{"footnotes":""},"class_list":["post-299458","page","type-page","status-publish","hentry"],"_links":{"self":[{"href":"https:\/\/fnrce.fr\/alsa\/wp-json\/wp\/v2\/pages\/299458","targetHints":{"allow":["GET"]}}],"collection":[{"href":"https:\/\/fnrce.fr\/alsa\/wp-json\/wp\/v2\/pages"}],"about":[{"href":"https:\/\/fnrce.fr\/alsa\/wp-json\/wp\/v2\/types\/page"}],"author":[{"embeddable":true,"href":"https:\/\/fnrce.fr\/alsa\/wp-json\/wp\/v2\/users\/377"}],"replies":[{"embeddable":true,"href":"https:\/\/fnrce.fr\/alsa\/wp-json\/wp\/v2\/comments?post=299458"}],"version-history":[{"count":2,"href":"https:\/\/fnrce.fr\/alsa\/wp-json\/wp\/v2\/pages\/299458\/revisions"}],"predecessor-version":[{"id":1255820,"href":"https:\/\/fnrce.fr\/alsa\/wp-json\/wp\/v2\/pages\/299458\/revisions\/1255820"}],"wp:attachment":[{"href":"https:\/\/fnrce.fr\/alsa\/wp-json\/wp\/v2\/media?parent=299458"}],"curies":[{"name":"wp","href":"https:\/\/api.w.org\/{rel}","templated":true}]}}