{"id":1547,"date":"2019-10-28T20:03:39","date_gmt":"2019-10-28T19:03:39","guid":{"rendered":"http:\/\/alsa.fnrce.fr\/?page_id=1547"},"modified":"2026-02-24T16:53:12","modified_gmt":"2026-02-24T15:53:12","slug":"retraite-agirc-arrco","status":"publish","type":"page","link":"https:\/\/fnrce.fr\/alsa\/retraite-agirc-arrco","title":{"rendered":"Retraite   Agirc-Arrco"},"content":{"rendered":"\n<div style=\"height:50px\" aria-hidden=\"true\" class=\"wp-block-spacer\"><\/div>\n\n\n\n<p class=\"has-black-color has-white-background-color has-text-color has-background\" style=\"font-size:17px\"><em><strong>P<\/strong><\/em><strong><em>our votre information<\/em>\u00a0&#8230;<\/strong><br>Tous les textes en rouge et soulign\u00e9s ainsi que les images ci-apr\u00e8s, comportent des liens vers des documents ou des sites internet.<br>Vous y trouverez pratiquement toutes les r\u00e9ponses \u00e0 vos questions&#8230;<\/p>\n\n\n\n<div style=\"height:20px\" aria-hidden=\"true\" class=\"wp-block-spacer\"><\/div>\n\n\n\n<h2 class=\"wp-block-heading has-text-align-left has-vivid-red-color has-text-color has-medium-font-size\" id=\"a-qui-s-adresser-pour-liquider-les-regimes-complementaires-agirc-et-arrco\"><strong>&gt;&gt;&gt;<\/strong> <em><big>A qui s&rsquo;adresser pour liquider les R\u00c9GIMES COMPL\u00c9MENTAIRES AGIRC et ARRCO<\/big><\/em><\/h2>\n\n\n\n<div style=\"height:40px\" aria-hidden=\"true\" class=\"wp-block-spacer\"><\/div>\n\n\n\n<figure class=\"wp-block-table aligncenter has-small-font-size\"><table class=\"has-background\" style=\"background-color:#f3f4f5\"><tbody><tr><td class=\"has-text-align-center\" data-align=\"center\"><em><strong><big>Ce qui a chang\u00e9 depuis le 1er JANVIER 2019<\/big><\/strong><\/em>&#8230;<br><em><big><strong>Les r\u00e9gimes Agirc et Arrco ont fusionn\u00e9 le 1er janvier 2019 en un seul et unique r\u00e9gime de retraite compl\u00e9mentaire : l&rsquo;Agirc-Arrco<\/strong><\/big><\/em><\/td><\/tr><\/tbody><\/table><\/figure>\n\n\n\n<div style=\"height:30px\" aria-hidden=\"true\" class=\"wp-block-spacer\"><\/div>\n\n\n\n<p class=\"has-text-align-center has-vivid-red-color has-text-color has-background\" style=\"background-color:#d6f9d9;font-size:23px\"><strong><em>Si vous avez effectu\u00e9 votre demande pour le R\u00e9gime G\u00e9n\u00e9ral en ligne, vous n\u2019avez aucune demande \u00e0 faire pour liquider vos r\u00e9gimes de retraite<\/em><\/strong><em> <\/em><strong><em>compl\u00e9mentaire<\/em><\/strong><em> (sauf EPS-CGP). <\/em><\/p>\n\n\n\n<div style=\"height:30px\" aria-hidden=\"true\" class=\"wp-block-spacer\"><\/div>\n\n\n\n<p class=\"has-luminous-vivid-orange-color has-text-color has-medium-font-size\"><strong>&gt;&gt;&gt; Tout savoir sur l&rsquo;<a rel=\"noreferrer noopener\" href=\"https:\/\/www.agirc-arrco.fr\/ma-retraite\/demander-ma-retraite\/\" target=\"_blank\">AGIRC-ARRCO<\/a><\/strong><\/p>\n\n\n\n<div style=\"height:20px\" aria-hidden=\"true\" class=\"wp-block-spacer\"><\/div>\n\n\n\n<p class=\"has-text-align-center\" style=\"font-size:15px\"><strong><em>Pour information&#8230; des Centre d&rsquo;Information (CICAS) sont \u00e0 votre disposition dans chaque d\u00e9partement pour vous accompagner dans vos d\u00e9marches.<\/em><\/strong><br><strong><em><strong>Trouver votre Centre<\/strong><\/em>&#8230;&nbsp; <a href=\"https:\/\/www.agirc-arrco.fr\/agences-retraite\/\" target=\"_blank\" rel=\"noreferrer noopener\">ICI<\/a><\/strong><\/p>\n\n\n\n<div style=\"height:30px\" aria-hidden=\"true\" class=\"wp-block-spacer\"><\/div>\n\n\n\n<div class=\"wp-block-columns is-layout-flex wp-container-core-columns-is-layout-9d6595d7 wp-block-columns-is-layout-flex\">\n<div class=\"wp-block-column is-vertically-aligned-top is-layout-flow wp-block-column-is-layout-flow\">\n<p class=\"has-medium-font-size\"><\/p>\n<\/div>\n\n\n\n<div class=\"wp-block-column is-vertically-aligned-top is-layout-flow wp-block-column-is-layout-flow\"><div class=\"wp-block-image\">\n<figure class=\"aligncenter size-full\"><a href=\"https:\/\/www.agirc-arrco.fr\/ma-retraite\/\" target=\"_blank\" rel=\"noopener\"><img decoding=\"async\" width=\"283\" height=\"88\" src=\"https:\/\/fnrce.fr\/alsa\/wp-content\/uploads\/sites\/6\/2022\/02\/AgircArrco_logo-1.jpg\" alt=\"\" class=\"wp-image-2826\" \/><\/a><\/figure>\n<\/div><\/div>\n\n\n\n<div class=\"wp-block-column is-layout-flow wp-block-column-is-layout-flow\"><\/div>\n<\/div>\n\n\n\n<div class=\"wp-block-columns is-layout-flex wp-container-core-columns-is-layout-9d6595d7 wp-block-columns-is-layout-flex\">\n<div class=\"wp-block-column is-vertically-aligned-center is-layout-flow wp-block-column-is-layout-flow\">\n<p class=\"has-text-align-center\"><strong>Contacter un conseiller retraite <\/strong>(CICAS)<\/p>\n<\/div>\n\n\n\n<div class=\"wp-block-column is-vertically-aligned-center is-layout-flow wp-block-column-is-layout-flow\">\n<p class=\"has-text-align-center\"><strong>Vous avez besoin d\u2019informations personnelles ou g\u00e9n\u00e9rales ?<\/strong><br><strong>Vous souhaitez faire une simulation, obtenir une estimation ou prendre un rendez-vous ?<\/strong><br><strong>Vous d\u00e9sirez demander votre retraite ?<\/strong><br><strong>Contactez-nous !<\/strong><\/p>\n<\/div>\n\n\n\n<div class=\"wp-block-column is-vertically-aligned-center is-layout-flow wp-block-column-is-layout-flow\">\n<p class=\"has-text-align-center\"><strong>0 970 660 660<br>(appel non surtax\u00e9)<\/strong><br>(voir plus de d\u00e9tails <a href=\"https:\/\/www.agirc-arrco.fr\/contacts\/que-souhaitez-vous-faire\/contacter-un-conseiller-retraite-cicas\/\" target=\"_blank\" rel=\"noreferrer noopener\">ICI<\/a>)<\/p>\n<\/div>\n<\/div>\n\n\n\n<div style=\"height:30px\" aria-hidden=\"true\" class=\"wp-block-spacer\"><\/div>\n\n\n\n<p class=\"has-text-align-center has-black-color has-white-background-color has-text-color has-background has-medium-font-size\"><strong>C&rsquo;est l&rsquo;AGIRC-ARRCO qui instruit votre demande de retraite et la transmet \u00e0<\/strong> <strong><a href=\"https:\/\/www.agirc-arrco.fr\/particuliers\/mes-services-particuliers\/cotiser-pour-ma-retraite\/connaitre-ma-caisse-de-retraite-particuliers\/\" target=\"_blank\" rel=\"noreferrer noopener\">votre GROUPE DE PROTECTION SOCIALE<\/a>&nbsp;\u00e0 savoir \u00ab\u00a0Malakoff Humanis\u00a0\u00bb qui est l&rsquo;entit\u00e9 qui g\u00e8re votre dossier de retraite compl\u00e9mentaire.<\/strong><\/p>\n\n\n\n<p class=\"has-text-align-center has-black-color has-white-background-color has-text-color has-background has-medium-font-size\">Malakoff Humanis g\u00e8re vos paiements, <strong>retrouver tous vos service retraite sur votre espace personnel Agirc-Arrco&nbsp;<\/strong>(cliquez sur l&rsquo;illustration ci-dessous).<br><br>Vous devrez utiliser <strong>&gt;&gt;&gt;<\/strong><a rel=\"noreferrer noopener\" href=\"https:\/\/franceconnect.gouv.fr\/\" target=\"_blank\"><strong>France Connect<\/strong><\/a> pour vous connecter votre espace perso !<\/p>\n\n\n\n<div style=\"height:10px\" aria-hidden=\"true\" class=\"wp-block-spacer\"><\/div>\n\n\n\n<div style=\"height:30px\" aria-hidden=\"true\" class=\"wp-block-spacer\"><\/div>\n\n\n\n<div class=\"wp-block-columns is-layout-flex wp-container-core-columns-is-layout-9d6595d7 wp-block-columns-is-layout-flex\">\n<div class=\"wp-block-column is-layout-flow wp-block-column-is-layout-flow\">\n<p class=\"has-luminous-vivid-orange-color has-text-color has-medium-font-size\"><strong>&gt;&gt;&gt;<\/strong> <strong>Comment <a href=\"https:\/\/www.agirc-arrco.fr\/ma-retraite\/demander-ma-retraite\/faire-ma-demande-de-retraite\/\" target=\"_blank\" rel=\"noreferrer noopener\">demander<\/a> sa retraite Agirc-Arrco&#8230;<\/strong><\/p>\n<\/div>\n\n\n\n<div class=\"wp-block-column is-layout-flow wp-block-column-is-layout-flow\">\n<p class=\"has-vivid-red-color has-text-color\" style=\"font-size:18px\"><\/p>\n<\/div>\n<\/div>\n\n\n\n<p class=\"has-luminous-vivid-orange-color has-text-color has-medium-font-size\"><strong>&gt; <em>en<\/em> <em>format papier<\/em>&#8230;<\/strong><\/p>\n\n\n\n<div style=\"height:20px\" aria-hidden=\"true\" class=\"wp-block-spacer\"><\/div>\n\n\n\n<p>Le formulaire disponible en t\u00e9l\u00e9chargement est uniquement propos\u00e9 \u00e0 titre informatif&nbsp;; en effet, la&nbsp;<strong>demande de retraite compl\u00e9mentaire AGIRC-ARRCO<\/strong>&nbsp;se fait d\u00e9sormais prioritairement en ligne, depuis votre&nbsp;<a rel=\"noreferrer noopener\" href=\"https:\/\/espace-personnel.agirc-arrco.fr\/auth\/login?service=https:\/\/espace-personnel.agirc-arrco.fr\/shiro-cas\" target=\"_blank\">espace personnel<\/a>.<br>Il reste toutefois possible d\u2019effectuer sa demande de retraite compl\u00e9mentaire \u00e0 partir d\u2019un formulaire papier personnalis\u00e9, envoy\u00e9 par la caisse sur simple demande ou \u00e0 t\u00e9l\u00e9charger&#8230; <strong><a rel=\"noreferrer noopener\" href=\"https:\/\/www.previssima.fr\/files\/previssima\/documents_pdf\/telechargements\/demande_retraite_complementaire_agric_arrco.pdf\" target=\"_blank\">ICI<\/a><\/strong>.<\/p>\n\n\n\n<div style=\"height:30px\" aria-hidden=\"true\" class=\"wp-block-spacer\"><\/div>\n\n\n\n<p class=\"has-luminous-vivid-orange-color has-text-color has-medium-font-size\"><strong>&gt; <em>en ligne<\/em>&#8230;<\/strong><\/p>\n\n\n\n<div style=\"height:20px\" aria-hidden=\"true\" class=\"wp-block-spacer\"><\/div>\n\n\n\n<div class=\"wp-block-columns is-layout-flex wp-container-core-columns-is-layout-9d6595d7 wp-block-columns-is-layout-flex\">\n<div class=\"wp-block-column is-layout-flow wp-block-column-is-layout-flow\">\n<figure class=\"wp-block-image size-full is-style-rounded\"><a href=\"https:\/\/particulier.malakoffhumanis.com\/retraite.html\" target=\"_blank\" rel=\"noopener\"><img fetchpriority=\"high\" decoding=\"async\" width=\"910\" height=\"742\" src=\"https:\/\/fnrce.fr\/alsa\/wp-content\/uploads\/sites\/6\/2022\/02\/AgircArrco_acceder_espace-1.jpg\" alt=\"\" class=\"wp-image-2841\" srcset=\"https:\/\/fnrce.fr\/alsa\/wp-content\/uploads\/sites\/6\/2022\/02\/AgircArrco_acceder_espace-1.jpg 910w, https:\/\/fnrce.fr\/alsa\/wp-content\/uploads\/sites\/6\/2022\/02\/AgircArrco_acceder_espace-1-300x245.jpg 300w, https:\/\/fnrce.fr\/alsa\/wp-content\/uploads\/sites\/6\/2022\/02\/AgircArrco_acceder_espace-1-768x626.jpg 768w\" sizes=\"(max-width: 910px) 100vw, 910px\" \/><\/a><\/figure>\n<\/div>\n\n\n\n<div class=\"wp-block-column is-vertically-aligned-center is-layout-flow wp-block-column-is-layout-flow\">\n<figure class=\"wp-block-embed aligncenter is-type-video is-provider-youtube wp-block-embed-youtube wp-embed-aspect-16-9 wp-has-aspect-ratio\"><div class=\"wp-block-embed__wrapper\">\n<iframe title=\"Demander sa retraite en ligne\" width=\"640\" height=\"360\" src=\"https:\/\/www.youtube.com\/embed\/PX0FYfGAoE8?feature=oembed\" frameborder=\"0\" allow=\"accelerometer; autoplay; clipboard-write; encrypted-media; gyroscope; picture-in-picture; web-share\" referrerpolicy=\"strict-origin-when-cross-origin\" allowfullscreen><\/iframe>\n<\/div><\/figure>\n<\/div>\n<\/div>\n\n\n\n<div style=\"height:30px\" aria-hidden=\"true\" class=\"wp-block-spacer\"><\/div>\n\n\n\n<div class=\"wp-block-columns is-layout-flex wp-container-core-columns-is-layout-9d6595d7 wp-block-columns-is-layout-flex\">\n<div class=\"wp-block-column is-vertically-aligned-center is-layout-flow wp-block-column-is-layout-flow\">\n<p class=\"has-luminous-vivid-orange-color has-text-color has-medium-font-size\">&gt;&gt;&gt; <strong>Tout savoir sur <a href=\"https:\/\/www.malakoffhumanis.com\/solutions\/retraite-complementaire\/#retraite\" target=\"_blank\" rel=\"noreferrer noopener\">MALAKOFF HUMANIS<\/a><\/strong><\/p>\n<\/div>\n\n\n\n<div class=\"wp-block-column is-vertically-aligned-bottom is-layout-flow wp-block-column-is-layout-flow\"><div class=\"wp-block-image\">\n<figure class=\"aligncenter size-full\"><a href=\"https:\/\/www.malakoffhumanis.com\/solutions\/retraite-complementaire\/#retraite\" target=\"_blank\" rel=\"noopener\"><img decoding=\"async\" width=\"254\" height=\"71\" src=\"https:\/\/fnrce.fr\/alsa\/wp-content\/uploads\/sites\/6\/2022\/02\/MalakoffHumanis_logo-1.jpg\" alt=\"\" class=\"wp-image-2830\" \/><\/a><\/figure>\n<\/div><\/div>\n<\/div>\n\n\n\n<div style=\"height:10px\" aria-hidden=\"true\" class=\"wp-block-spacer\"><\/div>\n\n\n\n<p class=\"has-text-align-center\" style=\"font-size:15px\"><strong><em>Pour information&#8230; c&rsquo;est le Groupe MALAKOFF HUMANIS qui g\u00e8re nos retraites AGIRC et ARRCO<\/em>.<\/strong><\/p>\n\n\n\n<div style=\"height:10px\" aria-hidden=\"true\" class=\"wp-block-spacer\"><\/div>\n\n\n\n<div class=\"wp-block-columns is-layout-flex wp-container-core-columns-is-layout-9d6595d7 wp-block-columns-is-layout-flex\">\n<div class=\"wp-block-column is-vertically-aligned-center is-layout-flow wp-block-column-is-layout-flow\"><div class=\"wp-block-image\">\n<figure class=\"alignright size-full\"><img loading=\"lazy\" decoding=\"async\" width=\"387\" height=\"148\" src=\"https:\/\/fnrce.fr\/alsa\/wp-content\/uploads\/sites\/6\/2026\/02\/Humanis-Malakoff-contact.jpg\" alt=\"\" class=\"wp-image-1255722\" srcset=\"https:\/\/fnrce.fr\/alsa\/wp-content\/uploads\/sites\/6\/2026\/02\/Humanis-Malakoff-contact.jpg 387w, https:\/\/fnrce.fr\/alsa\/wp-content\/uploads\/sites\/6\/2026\/02\/Humanis-Malakoff-contact-300x115.jpg 300w\" sizes=\"(max-width: 387px) 100vw, 387px\" \/><\/figure>\n<\/div><\/div>\n\n\n\n<div class=\"wp-block-column is-vertically-aligned-center is-layout-flow wp-block-column-is-layout-flow\"><div class=\"wp-block-image is-resized\">\n<figure class=\"aligncenter size-full\"><a href=\"https:\/\/www.malakoffhumanis.com\/faq\/\" target=\"_blank\" rel=\"noopener\"><img loading=\"lazy\" decoding=\"async\" width=\"434\" height=\"635\" src=\"https:\/\/fnrce.fr\/alsa\/wp-content\/uploads\/sites\/6\/2022\/02\/humanis_foire_questions-1.jpg\" alt=\"\" class=\"wp-image-2874\" srcset=\"https:\/\/fnrce.fr\/alsa\/wp-content\/uploads\/sites\/6\/2022\/02\/humanis_foire_questions-1.jpg 434w, https:\/\/fnrce.fr\/alsa\/wp-content\/uploads\/sites\/6\/2022\/02\/humanis_foire_questions-1-205x300.jpg 205w\" sizes=\"(max-width: 434px) 100vw, 434px\" \/><\/a><\/figure>\n<\/div><\/div>\n\n\n\n<div class=\"wp-block-column is-vertically-aligned-center is-layout-flow wp-block-column-is-layout-flow\">\n<p class=\"has-text-align-left\">Pour <strong><i><em>CONTACTER&#8230;<\/em><\/i><\/strong><\/p>\n\n\n\n<p class=\"has-text-align-left\"><strong><i><em>Malakoff Humanis<\/em><\/i><\/strong> <strong><i><em>c&rsquo;est<\/em>&#8230; <a rel=\"noreferrer noopener\" href=\"https:\/\/www.malakoffhumanis.com\/contact\/\" target=\"_blank\">IC<\/a><a rel=\"noopener noreferrer\" href=\"https:\/\/humanis.com\/particulier\/nous-contacter\/\" target=\"_blank\">I<\/a><\/i><\/strong><\/p>\n<\/div>\n<\/div>\n\n\n\n<div class=\"wp-block-columns is-layout-flex wp-container-core-columns-is-layout-9d6595d7 wp-block-columns-is-layout-flex\">\n<div class=\"wp-block-column is-vertically-aligned-center is-layout-flow wp-block-column-is-layout-flow\">\n<p class=\"has-text-align-center\"><strong><i>Toutes les INFORMATIONS PRATIQUES sur MALAKOFF HUMANIS sont&#8230;&nbsp;<a href=\"https:\/\/www.agirc-arrco.fr\/caisses-de-retraite\/malakoff-humanis\/\" target=\"_blank\" rel=\"noreferrer noopener\">ICI<\/a><\/i><\/strong><\/p>\n<\/div>\n\n\n\n<div class=\"wp-block-column is-layout-flow wp-block-column-is-layout-flow\">\n<p class=\"has-text-align-center\"><strong><em>COMPRENDRE le d\u00e9compte de paiement Agirc-Arrco c&rsquo;est&#8230; <a rel=\"noreferrer noopener\" href=\"https:\/\/www.malakoffhumanis.com\/solutions\/retraite-complementaire\/s-informer\/lire-son-decompte-de-paiement\/\" target=\"_blank\">ICI<\/a><\/em><\/strong><\/p>\n<\/div>\n<\/div>\n\n\n\n<div style=\"height:40px\" aria-hidden=\"true\" class=\"wp-block-spacer\"><\/div>\n\n\n\n<figure class=\"wp-block-table aligncenter is-style-stripes\"><table class=\"has-fixed-layout\"><tbody><tr><td><strong><big>la <em>NOTIFICATION de RETRAITE<\/em> d\u00e9livr\u00e9e \u00e0 l&rsquo;issue de l&rsquo;instruction de votre demande par MALAKOFF HUMANIS, justifie de votre qualit\u00e9 de retrait\u00e9 du r\u00e9gime Agirc-Arrco.<br>Ce document officiel vous est n\u00e9cessaire pour liquider le r\u00e9gime  \u00ab\u00a0maintien de droits\u00a0\u00bb de la CGP.<\/big><\/strong><br><strong><big>Une copie de ce document est \u00e0 transmettre \u00e0 la CGP qui <\/big><\/strong><strong><big>liquidera alors vos droits \u00e0 la prestation  -maintien de droits-<\/big><\/strong><\/td><\/tr><\/tbody><\/table><\/figure>\n\n\n\n<div style=\"height:40px\" aria-hidden=\"true\" class=\"wp-block-spacer\"><\/div>\n\n\n\n<figure class=\"wp-block-table aligncenter\"><table><tbody><tr><td class=\"has-text-align-center\" data-align=\"center\"><i><i><strong>NB. Pour liquider vos droits li\u00e9s aux p\u00e9riodes o\u00f9 vous auriez occup\u00e9 un emploi dans la Fonction Publique (avant ou apr\u00e8s votre p\u00e9riode \u00e0 la C.Ep.), faites vos d\u00e9marches aupr\u00e8s de :<\/strong><\/i><\/i><br><i><i><strong><a rel=\"noopener noreferrer\" href=\"https:\/\/www.ircantec.retraites.fr\" target=\"_blank\">IRCANTEC<\/a> \u2013 24 rue Louis Gain \u2013 49939 ANGERS&nbsp;<\/strong><\/i><\/i><\/td><\/tr><\/tbody><\/table><\/figure>\n\n\n\n<div style=\"height:30px\" aria-hidden=\"true\" class=\"wp-block-spacer\"><\/div>\n\n\n\n<figure class=\"wp-block-table aligncenter\" style=\"font-size:15px\"><table><tbody><tr><td class=\"has-text-align-center\" data-align=\"center\"><strong>Vous \u00eates arriv\u00e9s \u00e0 la fin de nos propos, nous esp\u00e9rons vous avoir \u00e9t\u00e9 de bon conseil et vous souhaitons une agr\u00e9able retraite\u2026<\/strong><br>Si vous avez des remarques ou questions compl\u00e9mentaires \u00e0 formuler\u2026 si vous constatez une \u00ab&nbsp;coquille&nbsp;\u00bb dans nos documents,<br>merci de nous en informer via&nbsp;<a rel=\"noreferrer noopener\" href=\"https:\/\/fnrce.fr\/alsa\/nous-contacter\" target=\"_blank\">notre formulaire de contact<\/a>&nbsp;de notre site.<\/td><\/tr><\/tbody><\/table><\/figure>\n\n\n\n<div style=\"height:50px\" aria-hidden=\"true\" class=\"wp-block-spacer\"><\/div>\n\n\n\n<p class=\"has-text-align-right has-small-font-size\"><em><strong>m\u00e0j : 24\/02\/2026<\/strong><\/em><\/p>\n","protected":false},"excerpt":{"rendered":"<p>&gt;&gt;&gt; A qui s&rsquo;adresser pour liquider les R\u00c9GIMES COMPL\u00c9MENTAIRES AGIRC et ARRCO Ce qui a chang\u00e9 depuis le 1er JANVIER 2019&#8230;Les r\u00e9gimes Agirc et Arrco ont fusionn\u00e9 le 1er janvier 2019 en un seul et unique r\u00e9gime de retraite compl\u00e9mentaire : l&rsquo;Agirc-Arrco Si vous avez effectu\u00e9 votre demande pour le R\u00e9gime G\u00e9n\u00e9ral en ligne, vous [&hellip;]<\/p>\n","protected":false},"author":377,"featured_media":0,"parent":0,"menu_order":0,"comment_status":"closed","ping_status":"closed","template":"","meta":{"footnotes":""},"class_list":["post-1547","page","type-page","status-publish","hentry"],"_links":{"self":[{"href":"https:\/\/fnrce.fr\/alsa\/wp-json\/wp\/v2\/pages\/1547","targetHints":{"allow":["GET"]}}],"collection":[{"href":"https:\/\/fnrce.fr\/alsa\/wp-json\/wp\/v2\/pages"}],"about":[{"href":"https:\/\/fnrce.fr\/alsa\/wp-json\/wp\/v2\/types\/page"}],"author":[{"embeddable":true,"href":"https:\/\/fnrce.fr\/alsa\/wp-json\/wp\/v2\/users\/377"}],"replies":[{"embeddable":true,"href":"https:\/\/fnrce.fr\/alsa\/wp-json\/wp\/v2\/comments?post=1547"}],"version-history":[{"count":0,"href":"https:\/\/fnrce.fr\/alsa\/wp-json\/wp\/v2\/pages\/1547\/revisions"}],"wp:attachment":[{"href":"https:\/\/fnrce.fr\/alsa\/wp-json\/wp\/v2\/media?parent=1547"}],"curies":[{"name":"wp","href":"https:\/\/api.w.org\/{rel}","templated":true}]}}