{"id":1395,"date":"2019-10-27T15:18:06","date_gmt":"2019-10-27T14:18:06","guid":{"rendered":"http:\/\/alsa.fnrce.fr\/?page_id=1395"},"modified":"2026-02-22T23:10:09","modified_gmt":"2026-02-22T22:10:09","slug":"retraite-regime-general","status":"publish","type":"page","link":"https:\/\/fnrce.fr\/alsa\/retraite-regime-general","title":{"rendered":"Retraite &#8211; R\u00e9gime G\u00e9n\u00e9ral"},"content":{"rendered":"\n<div style=\"height:50px\" aria-hidden=\"true\" class=\"wp-block-spacer\"><\/div>\n\n\n\n<p class=\"has-black-color has-white-background-color has-text-color has-background\" style=\"font-size:17px\"><em><strong>P<\/strong><\/em><strong><em>our votre information<\/em>\u00a0&#8230;<\/strong><br>Tous les textes en rouge et soulign\u00e9s ainsi que les images ci-apr\u00e8s, comportent des liens vers des documents ou des sites internet.<br>Vous y trouverez pratiquement toutes les r\u00e9ponses \u00e0 vos questions&#8230;<\/p>\n\n\n\n<div style=\"height:40px\" aria-hidden=\"true\" class=\"wp-block-spacer\"><\/div>\n\n\n\n<h2 class=\"wp-block-heading has-vivid-red-color has-text-color has-medium-font-size\" id=\"a-qui-s-adresser-pour-liquider-le-regime-general\"><strong>&gt;&gt;&gt;<\/strong> <em><big>A qui s&rsquo;adresser pour liquider le R\u00c9GIME G\u00c9N\u00c9RAL&#8230;<\/big><\/em><\/h2>\n\n\n\n<div style=\"height:40px\" aria-hidden=\"true\" class=\"wp-block-spacer\"><\/div>\n\n\n\n<h2 class=\"wp-block-heading has-text-align-left has-luminous-vivid-orange-color has-text-color has-medium-font-size\" id=\"mes-demarches-pour-liquider-le-regime-general\">&gt;&gt;&gt; <em>Mes d\u00e9marches&#8230; pour liquider le R\u00c9GIME G\u00c9N\u00c9RAL<\/em>&#8230;<\/h2>\n\n\n\n<div style=\"height:30px\" aria-hidden=\"true\" class=\"wp-block-spacer\"><\/div>\n\n\n\n<p class=\"has-text-align-right\" style=\"font-size:15px\"><em>Si le document ci-dessous ne s&rsquo;affiche pas, vous pouvez le lire&#8230;<\/em><strong><em> <a rel=\"noreferrer noopener\" href=\"https:\/\/www.fnrce.fr\/alsa\/wp-content\/uploads\/sites\/6\/2022\/01\/Carsat_demarches_retraite.pdf\" target=\"_blank\">ICI<\/a><\/em><\/strong><\/p>\n\n\n\n<div class=\"wp-block-columns is-layout-flex wp-container-core-columns-is-layout-9d6595d7 wp-block-columns-is-layout-flex\">\n<div class=\"wp-block-column is-layout-flow wp-block-column-is-layout-flow\">\n<div data-wp-interactive=\"core\/file\" class=\"wp-block-file\"><object data-wp-bind--hidden=\"!state.hasPdfPreview\" hidden class=\"wp-block-file__embed\" data=\"https:\/\/fnrce.fr\/alsa\/wp-content\/uploads\/sites\/6\/2026\/02\/Carsat_demarches_retraite.pdf\" type=\"application\/pdf\" style=\"width:100%;height:600px\" aria-label=\"Contenu embarqu\u00e9 Carsat_demarches_retraite.\"><\/object><a id=\"wp-block-file--media-c9bdb5f5-897a-4253-95b0-c99856d0a77b\" href=\"https:\/\/fnrce.fr\/alsa\/wp-content\/uploads\/sites\/6\/2026\/02\/Carsat_demarches_retraite.pdf\">Carsat_demarches_retraite<\/a><a href=\"https:\/\/fnrce.fr\/alsa\/wp-content\/uploads\/sites\/6\/2026\/02\/Carsat_demarches_retraite.pdf\" class=\"wp-block-file__button wp-element-button\" download aria-describedby=\"wp-block-file--media-c9bdb5f5-897a-4253-95b0-c99856d0a77b\">T\u00e9l\u00e9charger<\/a><\/div>\n<\/div>\n<\/div>\n\n\n\n<div style=\"height:30px\" aria-hidden=\"true\" class=\"wp-block-spacer\"><\/div>\n\n\n\n<h2 class=\"wp-block-heading has-text-align-left has-luminous-vivid-orange-color has-text-color has-medium-font-size\" id=\"comment-faire-pour-liquider-le-regime-general\"><em>&gt;&gt;&gt; Comment faire&#8230; pour liquider le R\u00c9GIME G\u00c9N\u00c9RAL<\/em><\/h2>\n\n\n\n<div style=\"height:40px\" aria-hidden=\"true\" class=\"wp-block-spacer\"><\/div>\n\n\n\n<h2 class=\"wp-block-heading has-luminous-vivid-orange-color has-text-color\" id=\"en-format-papier\" style=\"font-size:18px\"><strong><em>&gt; en format papier<\/em><\/strong>&#8230;<\/h2>\n\n\n\n<div style=\"height:20px\" aria-hidden=\"true\" class=\"wp-block-spacer\"><\/div>\n\n\n\n<p style=\"font-size:17px\">M\u00eame si le retrait\u00e9 a cotis\u00e9 \u00e0 un ou plusieurs r\u00e9gimes de base (salari\u00e9s, agricoles etc.), il n&rsquo;y a qu&rsquo;une seule demande de retraite \u00e0 envoyer aupr\u00e8s de la derni\u00e8re caisse de retraite cotis\u00e9e.<br>Cette demande unique est aussi utilis\u00e9e pour la demande de retraite compl\u00e9mentaire pour les artisans, commer\u00e7ants et exploitants agricoles<\/p>\n\n\n\n<p style=\"font-size:17px\">Pour cela :<\/p>\n\n\n\n<ul style=\"font-size:18px\" class=\"wp-block-list\">\n<li>remplir l&rsquo;imprim\u00e9&nbsp;<a href=\"https:\/\/www.lassuranceretraite-idf.fr\/files\/live\/sites\/idf\/files\/fichiers-PDF-documentation\/salaries\/imprimes\/demande-retraite-personnelle.pdf\" target=\"_blank\" rel=\"noreferrer noopener\">Demande de retraite personnelle<\/a>&nbsp;;<\/li>\n\n\n\n<li> retourner cet imprim\u00e9 \u00e0 la caisse de retraite de la derni\u00e8re activit\u00e9 avec les pi\u00e8ces justificatives requises. <\/li>\n<\/ul>\n\n\n\n<div style=\"height:30px\" aria-hidden=\"true\" class=\"wp-block-spacer\"><\/div>\n\n\n\n<div class=\"wp-block-columns is-layout-flex wp-container-core-columns-is-layout-9d6595d7 wp-block-columns-is-layout-flex\">\n<div class=\"wp-block-column is-layout-flow wp-block-column-is-layout-flow\" style=\"flex-basis:25%\"><\/div>\n\n\n\n<div class=\"wp-block-column has-background is-layout-flow wp-block-column-is-layout-flow\" style=\"background-color:#fcf6a9;flex-basis:50%\">\n<p class=\"has-text-align-center\" style=\"font-size:21px\"><br>\u00e0 la&nbsp;&nbsp;<a rel=\"noopener noreferrer\" href=\"https:\/\/www.carsat-alsacemoselle.fr\" target=\"_blank\"><em><strong>CARSAT Alsace Moselle<\/strong><\/em><\/a><br><br><em><strong>36 rue du Doubs<\/strong><\/em><br><em><strong>67011 Strasbourg Cedex 1<\/strong><\/em><br><\/p>\n<\/div>\n\n\n\n<div class=\"wp-block-column is-layout-flow wp-block-column-is-layout-flow\" style=\"flex-basis:25%\"><\/div>\n<\/div>\n\n\n\n<div style=\"height:20px\" aria-hidden=\"true\" class=\"wp-block-spacer\"><\/div>\n\n\n\n<p class=\"has-text-align-center\"><strong><em>toutes les INFORMATIONS PRATIQUES de la Carsat sont<\/em>&#8230;&nbsp;<a href=\"https:\/\/www.lassuranceretraite.fr\/portail-info\/sites\/pub\/home.html\" target=\"_blank\" rel=\"noreferrer noopener\"><em>ICI<\/em><\/a><\/strong><\/p>\n\n\n\n<p class=\"has-text-align-center\"><strong><em>comment CONTACTER la Carsat c&rsquo;est&#8230; <a href=\"https:\/\/www.carsat-alsacemoselle.fr\/home\/actifs\/nous-contacter.html\" target=\"_blank\" rel=\"noreferrer noopener\">ICI<\/a><\/em><\/strong><\/p>\n\n\n\n<div style=\"height:30px\" aria-hidden=\"true\" class=\"wp-block-spacer\"><\/div>\n\n\n\n<h2 class=\"wp-block-heading has-luminous-vivid-orange-color has-text-color has-medium-font-size\" id=\"en-ligne\">&gt; <strong><em>En ligne<\/em><\/strong>&#8230;<\/h2>\n\n\n\n<div style=\"height:20px\" aria-hidden=\"true\" class=\"wp-block-spacer\"><\/div>\n\n\n\n<p style=\"font-size:17px\">Pour demander votre retraite, il suffit de vous connecter \u00e0 votre&nbsp;<a href=\"https:\/\/www.lassuranceretraite.fr\/portail-services-ng\/authentication\" target=\"_blank\" rel=\"noreferrer noopener\">espace personnel<\/a>&nbsp;sur lassuranceretraite.fr.<\/p>\n\n\n\n<p style=\"font-size:17px\"><strong>Si vous effectuez votre demande en ligne, vous n\u2019avez qu\u2019<a href=\"https:\/\/www.youtube.com\/watch?v=0lD9EVX27LE\" target=\"_blank\" rel=\"noreferrer noopener\">une seule demande<\/a> \u00e0 faire pour l\u2019ensemble de vos r\u00e9gimes de retraite<\/strong>, de base et compl\u00e9mentaire (sauf EPS-CGP). Ensuite, compl\u00e9tez la demande de retraite, joignez les justificatifs en les scannant ou en les photographiant et envoyez !<\/p>\n\n\n\n<p style=\"font-size:17px\">Un conseiller au sein de chacun de vos r\u00e9gimes examinera ensuite votre demande et vous contactera si besoin.&nbsp;<\/p>\n\n\n\n<div style=\"height:30px\" aria-hidden=\"true\" class=\"wp-block-spacer\"><\/div>\n\n\n\n<figure class=\"wp-block-table aligncenter is-style-stripes\" style=\"font-size:18px\"><table class=\"has-vivid-red-color has-text-color\"><tbody><tr><td class=\"has-text-align-center\" data-align=\"center\"><em><strong>Notre conseil<\/strong><\/em><strong>&#8230;<\/strong><br>cr\u00e9ez d\u00e8s maintenant&#8230; <strong><a rel=\"noreferrer noopener\" href=\"https:\/\/www.lassuranceretraite.fr\/portail-services-ng\/inscription\/step1\" target=\"_blank\">ICI<\/a> <\/strong> votre espace personnel en quelques clics<br>pour profiter de services personnalis\u00e9s, gratuits et s\u00e9curis\u00e9s. <\/td><\/tr><\/tbody><\/table><\/figure>\n\n\n\n<div style=\"height:30px\" aria-hidden=\"true\" class=\"wp-block-spacer\"><\/div>\n\n\n\n<div class=\"wp-block-columns is-layout-flex wp-container-core-columns-is-layout-9d6595d7 wp-block-columns-is-layout-flex\">\n<div class=\"wp-block-column is-layout-flow wp-block-column-is-layout-flow\">\n<p class=\"has-white-background-color has-background\" style=\"font-size:17px\">Utilisez&#8230; <strong>FranceConnect<\/strong> pour vous identifier !<br><br>C\u2019est un nouveau dispositif vous permettant de vous connecter \u00e0 toutes les administrations en ligne \u00e0 partir des identifiants d\u2019une administration dont vous \u00eates d\u00e9j\u00e0 usager. Vous n\u2019avez plus besoin de m\u00e9moriser des identifiants pour chaque site internet.<br>L&rsquo;explication en vid\u00e9o, <strong><a href=\"https:\/\/www.dailymotion.com\/video\/x78xrdm\" target=\"_blank\" rel=\"noreferrer noopener\">c&rsquo;est ICI<\/a><\/strong> !<\/p>\n\n\n\n<p class=\"has-white-background-color has-background\" style=\"font-size:17px\">De plus, ce dispositif vous assure un acc\u00e8s s\u00e9curis\u00e9 renforc\u00e9.<\/p>\n<\/div>\n\n\n\n<div class=\"wp-block-column is-layout-flow wp-block-column-is-layout-flow\"><div class=\"wp-block-image\">\n<figure class=\"aligncenter size-full\"><a href=\"https:\/\/www.lassuranceretraite.fr\/portail-info\/hors-menu\/autre\/franceconnect.html\" target=\"_blank\" rel=\"noopener\"><img fetchpriority=\"high\" decoding=\"async\" width=\"479\" height=\"209\" src=\"https:\/\/www.fnrce.fr\/alsa\/wp-content\/uploads\/sites\/6\/2022\/02\/FranceConnect.jpg\" alt=\"\" class=\"wp-image-2760\" srcset=\"https:\/\/fnrce.fr\/alsa\/wp-content\/uploads\/sites\/6\/2022\/02\/FranceConnect.jpg 479w, https:\/\/fnrce.fr\/alsa\/wp-content\/uploads\/sites\/6\/2022\/02\/FranceConnect-300x131.jpg 300w\" sizes=\"(max-width: 479px) 100vw, 479px\" \/><\/a><\/figure>\n<\/div>\n\n\n<p class=\"has-text-align-center\" style=\"font-size:15px\"><em>Pour en savoir + &#8230; cliquez sur l&rsquo;illustration ci-dessus<\/em> <em>!<\/em><\/p>\n<\/div>\n<\/div>\n\n\n\n<hr class=\"wp-block-separator has-css-opacity\" \/>\n\n\n\n<div style=\"height:20px\" aria-hidden=\"true\" class=\"wp-block-spacer\"><\/div>\n\n\n\n<p style=\"font-size:17px\">Apr\u00e8s vous \u00eatre inscrit vous aurez la possibilit\u00e9 d&rsquo;acc\u00e9der \u00e0 vos donn\u00e9es personnelles en quelques clics et profiter de services personnalis\u00e9s, gratuits et s\u00e9curis\u00e9s&#8230;<\/p>\n\n\n\n<p style=\"font-size:17px\">Commencez par consulter votre relev\u00e9 de carri\u00e8re, vous aurez la possibilit\u00e9 de le compl\u00e9ter&#8230;&nbsp; comprendre le relev\u00e9 de carri\u00e8re&#8230; c&rsquo;est <strong><a href=\"https:\/\/www.lassuranceretraite.fr\/portail-info\/portail-info\/home\/salaries\/mon-releve-de-carriere\/comment-lire-releve-de-carriere.html\" target=\"_blank\" rel=\"noreferrer noopener\">ICI<\/a><\/strong><\/p>\n\n\n\n<div style=\"height:30px\" aria-hidden=\"true\" class=\"wp-block-spacer\"><\/div>\n\n\n\n<h2 class=\"wp-block-heading has-luminous-vivid-orange-color has-text-color has-medium-font-size\" id=\"simple-pratique-et-securise-en-savoir-plus-sur-la-demande-de-retraite-en-ligne\">&gt;&gt;&gt; <em>Simple, pratique et s\u00e9curis\u00e9 : en savoir plus sur la demande de retraite en ligne !<\/em><\/h2>\n\n\n\n<div style=\"height:20px\" aria-hidden=\"true\" class=\"wp-block-spacer\"><\/div>\n\n\n\n<div class=\"wp-block-columns is-layout-flex wp-container-core-columns-is-layout-9d6595d7 wp-block-columns-is-layout-flex\">\n<div class=\"wp-block-column is-layout-flow wp-block-column-is-layout-flow\" style=\"flex-basis:25%\"><\/div>\n\n\n\n<div class=\"wp-block-column is-layout-flow wp-block-column-is-layout-flow\" style=\"flex-basis:50%\">\n<figure class=\"wp-block-embed is-type-video is-provider-youtube wp-block-embed-youtube wp-embed-aspect-16-9 wp-has-aspect-ratio\"><div class=\"wp-block-embed__wrapper\">\n<iframe title=\"Demander ma retraite : une seule demande en ligne pour toutes vos retraites\" width=\"640\" height=\"360\" src=\"https:\/\/www.youtube.com\/embed\/v1GNeKft87I?feature=oembed\" frameborder=\"0\" allow=\"accelerometer; autoplay; clipboard-write; encrypted-media; gyroscope; picture-in-picture; web-share\" referrerpolicy=\"strict-origin-when-cross-origin\" allowfullscreen><\/iframe>\n<\/div><\/figure>\n<\/div>\n\n\n\n<div class=\"wp-block-column is-layout-flow wp-block-column-is-layout-flow\" style=\"flex-basis:25%\"><\/div>\n<\/div>\n\n\n\n<div style=\"height:30px\" aria-hidden=\"true\" class=\"wp-block-spacer\"><\/div>\n\n\n\n<h2 class=\"wp-block-heading has-luminous-vivid-orange-color has-text-color has-medium-font-size\" id=\"faites-votre-demande-de-retraite-en-ligne-maintenant\">&gt;&gt;&gt; <em>faites votre demande de retraite en ligne&#8230; maintenant ! <\/em><\/h2>\n\n\n\n<div style=\"height:40px\" aria-hidden=\"true\" class=\"wp-block-spacer\"><\/div>\n\n\n<div class=\"wp-block-image is-style-rounded\">\n<figure class=\"aligncenter size-full\"><a href=\"https:\/\/www.lassuranceretraite.fr\/portail-info\/hors-menu\/annexe\/services-en-ligne\/demande-retraite-en-ligne.html\" target=\"_blank\" rel=\"noreferrer noopener\"><img decoding=\"async\" width=\"361\" height=\"119\" src=\"https:\/\/www.fnrce.fr\/alsa\/wp-content\/uploads\/sites\/6\/2022\/02\/demande_en_ligne.jpg\" alt=\"\" class=\"wp-image-2851\" srcset=\"https:\/\/fnrce.fr\/alsa\/wp-content\/uploads\/sites\/6\/2022\/02\/demande_en_ligne.jpg 361w, https:\/\/fnrce.fr\/alsa\/wp-content\/uploads\/sites\/6\/2022\/02\/demande_en_ligne-300x99.jpg 300w\" sizes=\"(max-width: 361px) 100vw, 361px\" \/><\/a><figcaption class=\"wp-element-caption\"><strong><em><mark class=\"has-inline-color has-black-color\">Un clic sur le bouton ci-dessus&#8230; et c&rsquo;est parti ! <\/mark><\/em><\/strong><\/figcaption><\/figure>\n<\/div>\n\n\n<div style=\"height:20px\" aria-hidden=\"true\" class=\"wp-block-spacer\"><\/div>\n\n\n\n<p class=\"has-background\" style=\"background-color:#ebfd76;font-size:17px\"><em><strong>Bon \u00e0 savoir<\/strong><\/em><strong>\u00a0&#8230;<\/strong><br>Votre <strong>NOTIFICATION de RETRAITE<\/strong> vous est envoy\u00e9e lorsque l&rsquo;\u00e9tude de votre dossier est termin\u00e9e. <strong>Cette notification est un\u00a0document officiel qui justifie de votre statut de retrait\u00e9<\/strong>.<\/p>\n\n\n\n<p class=\"has-background\" style=\"background-color:#ebfd76;font-size:17px\">En savoir plus sur la notification de retraite&#8230; c&rsquo;est <strong><a href=\"https:\/\/www.lassuranceretraite.fr\/portail-info\/hors-menu\/actualites-nationales\/actif\/2022\/mieux-comprendre-votre-notificat.html\" target=\"_blank\" rel=\"noreferrer noopener\">ICI<\/a><\/strong><\/p>\n\n\n\n<div style=\"height:30px\" aria-hidden=\"true\" class=\"wp-block-spacer\"><\/div>\n\n\n\n<figure class=\"wp-block-table aligncenter is-style-stripes\" style=\"font-size:15px\"><table><tbody><tr><td class=\"has-text-align-center\" data-align=\"center\"><strong>Vous \u00eates arriv\u00e9s \u00e0 la fin de nos propos, nous esp\u00e9rons vous avoir \u00e9t\u00e9 de bon conseil et vous souhaitons une agr\u00e9able retraite\u2026<\/strong><br>Si vous avez des remarques ou questions compl\u00e9mentaires \u00e0 formuler\u2026 si vous constatez une \u00ab&nbsp;coquille&nbsp;\u00bb dans nos documents,<br>merci de nous en informer via&nbsp;<a rel=\"noreferrer noopener\" href=\"https:\/\/www.fnrce.fr\/alsa\/nous-contacter\" target=\"_blank\">notre formulaire de contact<\/a>&nbsp;de notre site.<\/td><\/tr><\/tbody><\/table><\/figure>\n\n\n\n<div style=\"height:50px\" aria-hidden=\"true\" class=\"wp-block-spacer\"><\/div>\n\n\n\n<p class=\"has-text-align-right has-small-font-size\"><em><strong>m\u00e0j : 22\/02\/2026<\/strong><\/em><\/p>\n\n\n\n<p><\/p>\n","protected":false},"excerpt":{"rendered":"<p>&gt;&gt;&gt; A qui s&rsquo;adresser pour liquider le R\u00c9GIME G\u00c9N\u00c9RAL&#8230; &gt;&gt;&gt; Mes d\u00e9marches&#8230; pour liquider le R\u00c9GIME G\u00c9N\u00c9RAL&#8230; Si le document ci-dessous ne s&rsquo;affiche pas, vous pouvez le lire&#8230; ICI &gt;&gt;&gt; Comment faire&#8230; pour liquider le R\u00c9GIME G\u00c9N\u00c9RAL &gt; en format papier&#8230; M\u00eame si le retrait\u00e9 a cotis\u00e9 \u00e0 un ou plusieurs r\u00e9gimes de base (salari\u00e9s, [&hellip;]<\/p>\n","protected":false},"author":377,"featured_media":0,"parent":0,"menu_order":0,"comment_status":"closed","ping_status":"closed","template":"","meta":{"footnotes":""},"class_list":["post-1395","page","type-page","status-publish","hentry"],"_links":{"self":[{"href":"https:\/\/fnrce.fr\/alsa\/wp-json\/wp\/v2\/pages\/1395","targetHints":{"allow":["GET"]}}],"collection":[{"href":"https:\/\/fnrce.fr\/alsa\/wp-json\/wp\/v2\/pages"}],"about":[{"href":"https:\/\/fnrce.fr\/alsa\/wp-json\/wp\/v2\/types\/page"}],"author":[{"embeddable":true,"href":"https:\/\/fnrce.fr\/alsa\/wp-json\/wp\/v2\/users\/377"}],"replies":[{"embeddable":true,"href":"https:\/\/fnrce.fr\/alsa\/wp-json\/wp\/v2\/comments?post=1395"}],"version-history":[{"count":0,"href":"https:\/\/fnrce.fr\/alsa\/wp-json\/wp\/v2\/pages\/1395\/revisions"}],"wp:attachment":[{"href":"https:\/\/fnrce.fr\/alsa\/wp-json\/wp\/v2\/media?parent=1395"}],"curies":[{"name":"wp","href":"https:\/\/api.w.org\/{rel}","templated":true}]}}