{"id":1375,"date":"2019-10-28T18:13:53","date_gmt":"2019-10-28T17:13:53","guid":{"rendered":"http:\/\/alsa.fnrce.fr\/?page_id=1375"},"modified":"2024-09-05T14:07:31","modified_gmt":"2024-09-05T12:07:31","slug":"retraite-par-ou-commencer","status":"publish","type":"page","link":"https:\/\/fnrce.fr\/alsa\/retraite-par-ou-commencer","title":{"rendered":"Retraite &#8211; par o\u00f9 commencer"},"content":{"rendered":"\n<div style=\"height:50px\" aria-hidden=\"true\" class=\"wp-block-spacer\"><\/div>\n\n\n\n<p class=\"has-black-color has-white-background-color has-text-color has-background\" style=\"font-size:17px\"><em><strong>P<\/strong><\/em><strong><em>our votre information<\/em>\u00a0&#8230;<\/strong><br>Tous les textes en rouge et soulign\u00e9s ainsi que les images ci-apr\u00e8s, comportent des liens vers des documents ou des sites internet.<br>Vous y trouverez pratiquement toutes les r\u00e9ponses \u00e0 vos questions&#8230;<\/p>\n\n\n\n<div style=\"height:40px\" aria-hidden=\"true\" class=\"wp-block-spacer\"><\/div>\n\n\n\n<h2 class=\"wp-block-heading has-vivid-red-color has-text-color has-medium-font-size\" id=\"de-quoi-se-compose-votre-retraite\"><i><big><strong>&gt;&gt;&gt;<\/strong> De quoi se compose VOTRE RETRAITE<\/big><\/i><\/h2>\n\n\n\n<div style=\"height:35px\" aria-hidden=\"true\" class=\"wp-block-spacer\"><\/div>\n\n\n\n<p class=\"has-text-align-left has-background\" style=\"background-color:#faefcf\"><strong><em>Bon \u00e0 savoir :<\/em><\/strong><br>Aucune retraite n&rsquo;est attribu\u00e9e automatiquement&#8230; il est important de prendre les devants !<\/p>\n\n\n\n<div style=\"height:30px\" aria-hidden=\"true\" class=\"wp-block-spacer\"><\/div>\n\n\n\n<p class=\"has-text-align-left\"><strong>La composition de votre retraite se fera par rapport \u00e0 votre date d&rsquo;entr\u00e9e \u00e0 la Caisse d&rsquo;Eparg<\/strong>ne, avant ou apr\u00e8s l&rsquo;an 2000 ! <em>(voir illustration ci-dessous)<\/em> :<\/p>\n\n\n\n<div style=\"height:30px\" aria-hidden=\"true\" class=\"wp-block-spacer\"><\/div>\n\n\n<div class=\"wp-block-image\">\n<figure class=\"aligncenter size-full\"><img fetchpriority=\"high\" decoding=\"async\" width=\"517\" height=\"346\" src=\"https:\/\/fnrce.fr\/alsa\/wp-content\/uploads\/sites\/6\/2022\/01\/CGP_compo-1.jpg\" alt=\"\" class=\"wp-image-2716\" srcset=\"https:\/\/fnrce.fr\/alsa\/wp-content\/uploads\/sites\/6\/2022\/01\/CGP_compo-1.jpg 517w, https:\/\/fnrce.fr\/alsa\/wp-content\/uploads\/sites\/6\/2022\/01\/CGP_compo-1-300x201.jpg 300w\" sizes=\"(max-width: 517px) 100vw, 517px\" \/><\/figure>\n<\/div>\n\n\n<div style=\"height:40px\" aria-hidden=\"true\" class=\"wp-block-spacer\"><\/div>\n\n\n\n<h2 class=\"wp-block-heading\" id=\"comment-proceder-pour-liquider-vos-retraites\" style=\"font-size:18px\"><i><strong><big>&gt;&gt;&gt; <\/big><\/strong><\/i><em>Comment proc\u00e9der pour liquider vos retraites<\/em><\/h2>\n\n\n\n<div style=\"height:20px\" aria-hidden=\"true\" class=\"wp-block-spacer\"><\/div>\n\n\n\n<figure class=\"wp-block-table aligncenter is-style-stripes\" style=\"font-size:17px\"><table class=\"has-fixed-layout\"><tbody><tr><td><big>Commencez par calculer votre \u00e2ge l\u00e9gal de d\u00e9part en retraite&#8230; c&rsquo;est&nbsp;&nbsp;<a rel=\"noopener noreferrer\" href=\"https:\/\/www.lassuranceretraite.fr\/portail-info\/home\/salaries\/age-et-montant-de-ma-retraite\/a-quel-age-vais-je-partir\/l-essentiel-sur-l-age-de-depart.html\" target=\"_blank\"><strong>ICI<\/strong><\/a><\/big><\/td><\/tr><tr><td><\/td><\/tr><tr><td><big>D\u00e9posez vos diff\u00e9rentes demandes de retraite&#8230; 4 \u00e0 6 mois\u00a0avant la date pr\u00e9visionnelle de votre d\u00e9part&#8230; voir \u00a0<strong><a href=\"https:\/\/www.carsat-lr.fr\/home\/actif\/ma-preparation-a-la-retraite\/demander-votre-retraite-actifs.html\" target=\"_blank\" rel=\"noreferrer noopener\">ICI<\/a><\/strong><\/big><\/td><\/tr><\/tbody><\/table><\/figure>\n\n\n\n<div style=\"height:55px\" aria-hidden=\"true\" class=\"wp-block-spacer\"><\/div>\n\n\n\n<h2 class=\"wp-block-heading\" id=\"ordre-obligatoire-des-depots-de-vos-demandes\" style=\"font-size:18px\"><i><strong><big>&gt;&gt;&gt; <\/big><\/strong><\/i><em>Ordre obligatoire des d\u00e9p\u00f4ts de vos demandes<\/em><\/h2>\n\n\n\n<div style=\"height:20px\" aria-hidden=\"true\" class=\"wp-block-spacer\"><\/div>\n\n\n\n<figure class=\"wp-block-table aligncenter is-style-stripes\"><table class=\"has-fixed-layout\"><tbody><tr><td><strong><big>1 &#8211;&nbsp; le&nbsp; &nbsp; <strong><a rel=\"noreferrer noopener\" href=\"https:\/\/fnrce.fr\/alsa\/retraite-regime-general\" target=\"_blank\">R\u00c9GIME G\u00c9N\u00c9RAL<\/a><\/strong>&nbsp; &nbsp;(Assurance Retraite Alsace Moselle)<\/big><\/strong><\/td><\/tr><tr><td><\/td><\/tr><tr><td><strong><big>2 &#8211;&nbsp; les&nbsp;&nbsp;<strong><a rel=\"noreferrer noopener\" href=\"https:\/\/fnrce.fr\/alsa\/retraite-agirc-arrco\" target=\"_blank\">R\u00c9GIMES COMPL\u00c9MENTAIRES<\/a>&nbsp;&nbsp;<\/strong> (Agirc \/ Arrco \/ autres -le cas \u00e9ch\u00e9ant-)<\/big><\/strong><\/td><\/tr><tr><td><\/td><\/tr><tr><td><strong><big>3 &#8211;&nbsp; les&nbsp;&nbsp;<a rel=\"noreferrer noopener\" href=\"https:\/\/fnrce.fr\/alsa\/retraite-supplementaires\" target=\"_blank\"><strong>R\u00c9GIMES SUPPL\u00c9MENTAIRES<\/strong><\/a> &nbsp;(CGP-EPS \/ Maintien de Droits ex Cgr \/ Retraite Suppl\u00e9mentaire)<\/big><\/strong><\/td><\/tr><\/tbody><\/table><\/figure>\n\n\n\n<div style=\"height:40px\" aria-hidden=\"true\" class=\"wp-block-spacer\"><\/div>\n\n\n\n<p class=\"has-vivid-red-color has-text-color\" style=\"font-size:24px\"><strong><em>A savoir.<\/em>.. <\/strong><\/p>\n\n\n\n<p class=\"has-vivid-red-color has-text-color\" style=\"font-size:17px\"><strong>Si vous effectuez votre demande pour le R\u00e9gime G\u00e9n\u00e9ral en ligne, vous n\u2019avez qu\u2019une seule demande \u00e0 faire pour l\u2019ensemble de vos r\u00e9gimes de retraite<\/strong>, <strong>de base et compl\u00e9mentaire<\/strong> (sauf CGP-EPS).<\/p>\n\n\n\n<div style=\"height:50px\" aria-hidden=\"true\" class=\"wp-block-spacer\"><\/div>\n\n\n\n<div class=\"wp-block-columns is-layout-flex wp-container-core-columns-is-layout-9d6595d7 wp-block-columns-is-layout-flex\">\n<div class=\"wp-block-column is-layout-flow wp-block-column-is-layout-flow\">\n<figure class=\"wp-block-embed is-type-video is-provider-youtube wp-block-embed-youtube wp-embed-aspect-16-9 wp-has-aspect-ratio\"><div class=\"wp-block-embed__wrapper\">\n<iframe title=\"Demander ma retraite : une seule demande en ligne pour toutes vos retraites\" width=\"640\" height=\"360\" src=\"https:\/\/www.youtube.com\/embed\/v1GNeKft87I?feature=oembed\" frameborder=\"0\" allow=\"accelerometer; autoplay; clipboard-write; encrypted-media; gyroscope; picture-in-picture; web-share\" referrerpolicy=\"strict-origin-when-cross-origin\" allowfullscreen><\/iframe>\n<\/div><\/figure>\n<\/div>\n\n\n\n<div class=\"wp-block-column is-layout-flow wp-block-column-is-layout-flow\">\n<figure class=\"wp-block-embed is-type-video is-provider-youtube wp-block-embed-youtube wp-embed-aspect-16-9 wp-has-aspect-ratio\"><div class=\"wp-block-embed__wrapper\">\n<iframe title=\"lassuranceretraite.fr : un site complet et pratique !\" width=\"640\" height=\"360\" src=\"https:\/\/www.youtube.com\/embed\/PHiH-eQBwIs?feature=oembed\" frameborder=\"0\" allow=\"accelerometer; autoplay; clipboard-write; encrypted-media; gyroscope; picture-in-picture; web-share\" referrerpolicy=\"strict-origin-when-cross-origin\" allowfullscreen><\/iframe>\n<\/div><\/figure>\n<\/div>\n<\/div>\n\n\n\n<p class=\"has-text-align-right has-small-font-size\"><em>m\u00e0j : 19\/02\/2024<\/em><\/p>\n","protected":false},"excerpt":{"rendered":"<p>&gt;&gt;&gt; De quoi se compose VOTRE RETRAITE Bon \u00e0 savoir :Aucune retraite n&rsquo;est attribu\u00e9e automatiquement&#8230; il est important de prendre les devants ! La composition de votre retraite se fera par rapport \u00e0 votre date d&rsquo;entr\u00e9e \u00e0 la Caisse d&rsquo;Epargne, avant ou apr\u00e8s l&rsquo;an 2000 ! (voir illustration ci-dessous) : &gt;&gt;&gt; Comment proc\u00e9der pour liquider [&hellip;]<\/p>\n","protected":false},"author":377,"featured_media":0,"parent":0,"menu_order":0,"comment_status":"closed","ping_status":"closed","template":"","meta":{"footnotes":""},"class_list":["post-1375","page","type-page","status-publish","hentry"],"_links":{"self":[{"href":"https:\/\/fnrce.fr\/alsa\/wp-json\/wp\/v2\/pages\/1375","targetHints":{"allow":["GET"]}}],"collection":[{"href":"https:\/\/fnrce.fr\/alsa\/wp-json\/wp\/v2\/pages"}],"about":[{"href":"https:\/\/fnrce.fr\/alsa\/wp-json\/wp\/v2\/types\/page"}],"author":[{"embeddable":true,"href":"https:\/\/fnrce.fr\/alsa\/wp-json\/wp\/v2\/users\/377"}],"replies":[{"embeddable":true,"href":"https:\/\/fnrce.fr\/alsa\/wp-json\/wp\/v2\/comments?post=1375"}],"version-history":[{"count":0,"href":"https:\/\/fnrce.fr\/alsa\/wp-json\/wp\/v2\/pages\/1375\/revisions"}],"wp:attachment":[{"href":"https:\/\/fnrce.fr\/alsa\/wp-json\/wp\/v2\/media?parent=1375"}],"curies":[{"name":"wp","href":"https:\/\/api.w.org\/{rel}","templated":true}]}}