{"id":1255804,"date":"2026-05-04T12:03:21","date_gmt":"2026-05-04T10:03:21","guid":{"rendered":"https:\/\/fnrce.fr\/alsa\/?page_id=1255804"},"modified":"2026-05-04T12:08:03","modified_gmt":"2026-05-04T10:08:03","slug":"les-membres-du-conseil-section-alsace","status":"publish","type":"page","link":"https:\/\/fnrce.fr\/alsa\/les-membres-du-conseil-section-alsace","title":{"rendered":"Les membres du Conseil Section Alsace"},"content":{"rendered":"\n<div style=\"height:50px\" aria-hidden=\"true\" class=\"wp-block-spacer\"><\/div>\n\n\n\n<div class=\"wp-block-columns is-layout-flex wp-container-core-columns-is-layout-9d6595d7 wp-block-columns-is-layout-flex\">\n<div class=\"wp-block-column is-layout-flow wp-block-column-is-layout-flow\"><div class=\"wp-block-image\">\n<figure class=\"aligncenter size-full\"><img decoding=\"async\" width=\"108\" height=\"145\" src=\"https:\/\/fnrce.fr\/alsa\/wp-content\/uploads\/sites\/6\/2022\/10\/JMS_2022.jpg\" alt=\"\" class=\"wp-image-299324\" \/><\/figure>\n<\/div><\/div>\n\n\n\n<div class=\"wp-block-column is-layout-flow wp-block-column-is-layout-flow\"><div class=\"wp-block-image\">\n<figure class=\"aligncenter size-full is-resized\"><img decoding=\"async\" width=\"111\" height=\"145\" src=\"https:\/\/fnrce.fr\/alsa\/wp-content\/uploads\/sites\/6\/2022\/02\/FIA.jpg\" alt=\"\" class=\"wp-image-3404\" style=\"width:108px;height:auto\" \/><\/figure>\n<\/div><\/div>\n\n\n\n<div class=\"wp-block-column is-layout-flow wp-block-column-is-layout-flow\"><div class=\"wp-block-image\">\n<figure class=\"aligncenter size-full\"><img decoding=\"async\" width=\"116\" height=\"145\" src=\"https:\/\/fnrce.fr\/alsa\/wp-content\/uploads\/sites\/6\/2022\/02\/AR.jpg\" alt=\"\" class=\"wp-image-3395\" \/><\/figure>\n<\/div><\/div>\n\n\n\n<div class=\"wp-block-column is-layout-flow wp-block-column-is-layout-flow\"><div class=\"wp-block-image\">\n<figure class=\"aligncenter size-full\"><img loading=\"lazy\" decoding=\"async\" width=\"102\" height=\"145\" src=\"https:\/\/fnrce.fr\/alsa\/wp-content\/uploads\/sites\/6\/2022\/02\/SA.jpg\" alt=\"\" class=\"wp-image-3414\" \/><\/figure>\n<\/div><\/div>\n\n\n\n<div class=\"wp-block-column is-layout-flow wp-block-column-is-layout-flow\"><div class=\"wp-block-image\">\n<figure class=\"aligncenter size-full\"><img loading=\"lazy\" decoding=\"async\" width=\"105\" height=\"145\" src=\"https:\/\/fnrce.fr\/alsa\/wp-content\/uploads\/sites\/6\/2022\/10\/DL_2022.jpg\" alt=\"\" class=\"wp-image-299326\" \/><\/figure>\n<\/div><\/div>\n\n\n\n<div class=\"wp-block-column is-layout-flow wp-block-column-is-layout-flow\"><div class=\"wp-block-image\">\n<figure class=\"aligncenter size-full\"><img loading=\"lazy\" decoding=\"async\" width=\"108\" height=\"145\" src=\"https:\/\/fnrce.fr\/alsa\/wp-content\/uploads\/sites\/6\/2022\/10\/BW_2022.jpg\" alt=\"\" class=\"wp-image-299322\" \/><\/figure>\n<\/div><\/div>\n<\/div>\n\n\n\n<div class=\"wp-block-columns is-layout-flex wp-container-core-columns-is-layout-9d6595d7 wp-block-columns-is-layout-flex\">\n<div class=\"wp-block-column is-layout-flow wp-block-column-is-layout-flow\">\n<p class=\"has-text-align-center\">Jean-Marie STACKLER<br><em>Pr\u00e9sident<\/em><\/p>\n<\/div>\n\n\n\n<div class=\"wp-block-column is-layout-flow wp-block-column-is-layout-flow\">\n<p class=\"has-text-align-center\">Andr\u00e9<br>FISCH<br><em>Vice pr\u00e9sident<\/em><br><br><br><\/p>\n<\/div>\n\n\n\n<div class=\"wp-block-column is-layout-flow wp-block-column-is-layout-flow\">\n<p class=\"has-text-align-center\">Robert AMMANN<br><br><em>Secr\u00e9taire g\u00e9n\u00e9ral<\/em><br><br><\/p>\n<\/div>\n\n\n\n<div class=\"wp-block-column is-layout-flow wp-block-column-is-layout-flow\">\n<p class=\"has-text-align-center\">Andr\u00e9 SAUTER<br><br><em>Secr\u00e9taire<\/em><\/p>\n<\/div>\n\n\n\n<div class=\"wp-block-column is-layout-flow wp-block-column-is-layout-flow\">\n<p class=\"has-text-align-center\">Dominique LANGRAND<br><em>Secr\u00e9taire adjointe<\/em><br><\/p>\n<\/div>\n\n\n\n<div class=\"wp-block-column is-layout-flow wp-block-column-is-layout-flow\">\n<p class=\"has-text-align-center\">Beno\u00eet WALD <br><br><em>Tr\u00e9sorier<\/em><\/p>\n<\/div>\n<\/div>\n\n\n\n<div class=\"wp-block-columns is-layout-flex wp-container-core-columns-is-layout-9d6595d7 wp-block-columns-is-layout-flex\">\n<div class=\"wp-block-column is-layout-flow wp-block-column-is-layout-flow\"><div class=\"wp-block-image\">\n<figure class=\"aligncenter size-full\"><img loading=\"lazy\" decoding=\"async\" width=\"101\" height=\"145\" src=\"https:\/\/www.fnrce.fr\/alsa\/wp-content\/uploads\/sites\/6\/2022\/10\/AB-2022.jpg\" alt=\"\" class=\"wp-image-299327\" \/><\/figure>\n<\/div><\/div>\n\n\n\n<div class=\"wp-block-column is-layout-flow wp-block-column-is-layout-flow\"><div class=\"wp-block-image\">\n<figure class=\"aligncenter size-full\"><img loading=\"lazy\" decoding=\"async\" width=\"107\" height=\"145\" src=\"https:\/\/fnrce.fr\/alsa\/wp-content\/uploads\/sites\/6\/2022\/02\/CC.jpg\" alt=\"\" class=\"wp-image-3400\" \/><\/figure>\n<\/div><\/div>\n\n\n\n<div class=\"wp-block-column is-layout-flow wp-block-column-is-layout-flow\"><div class=\"wp-block-image\">\n<figure class=\"aligncenter size-full\"><img loading=\"lazy\" decoding=\"async\" width=\"108\" height=\"145\" src=\"https:\/\/fnrce.fr\/alsa\/wp-content\/uploads\/sites\/6\/2022\/10\/HGM_2022.jpg\" alt=\"\" class=\"wp-image-299325\" \/><\/figure>\n<\/div><\/div>\n\n\n\n<div class=\"wp-block-column is-layout-flow wp-block-column-is-layout-flow\"><div class=\"wp-block-image\">\n<figure class=\"aligncenter size-full\"><img loading=\"lazy\" decoding=\"async\" width=\"118\" height=\"145\" src=\"https:\/\/fnrce.fr\/alsa\/wp-content\/uploads\/sites\/6\/2024\/03\/KOPP.jpg\" alt=\"\" class=\"wp-image-300710\" \/><\/figure>\n<\/div><\/div>\n\n\n\n<div class=\"wp-block-column is-layout-flow wp-block-column-is-layout-flow\"><div class=\"wp-block-image\">\n<figure class=\"aligncenter size-full\"><img loading=\"lazy\" decoding=\"async\" width=\"106\" height=\"145\" src=\"https:\/\/fnrce.fr\/alsa\/wp-content\/uploads\/sites\/6\/2022\/10\/FM_2022.jpg\" alt=\"\" class=\"wp-image-299330\" \/><\/figure>\n<\/div><\/div>\n\n\n\n<div class=\"wp-block-column is-layout-flow wp-block-column-is-layout-flow\"><div class=\"wp-block-image\">\n<figure class=\"aligncenter size-full\"><img loading=\"lazy\" decoding=\"async\" width=\"103\" height=\"145\" src=\"https:\/\/fnrce.fr\/alsa\/wp-content\/uploads\/sites\/6\/2026\/04\/GM.jpg\" alt=\"\" class=\"wp-image-1255776\" \/><\/figure>\n<\/div><\/div>\n<\/div>\n\n\n\n<div class=\"wp-block-columns is-layout-flex wp-container-core-columns-is-layout-9d6595d7 wp-block-columns-is-layout-flex\">\n<div class=\"wp-block-column is-layout-flow wp-block-column-is-layout-flow\">\n<p class=\"has-text-align-center\">Andr\u00e9 BUHLER<br><\/p>\n<\/div>\n\n\n\n<div class=\"wp-block-column is-layout-flow wp-block-column-is-layout-flow\">\n<p class=\"has-text-align-center\">Christian<br>CLAUSS<\/p>\n<\/div>\n\n\n\n<div class=\"wp-block-column is-layout-flow wp-block-column-is-layout-flow\">\n<p class=\"has-text-align-center\">Huguette GERTHOFFER MERZISEN<\/p>\n<\/div>\n\n\n\n<div class=\"wp-block-column is-layout-flow wp-block-column-is-layout-flow\">\n<p class=\"has-text-align-center\">Agn\u00e8s<br>KOPP<\/p>\n<\/div>\n\n\n\n<div class=\"wp-block-column is-layout-flow wp-block-column-is-layout-flow\">\n<p class=\"has-text-align-center\">Francine MERCKEL<br><\/p>\n<\/div>\n\n\n\n<div class=\"wp-block-column is-layout-flow wp-block-column-is-layout-flow\">\n<p class=\"has-text-align-center\">G\u00e9rard MESSER<\/p>\n<\/div>\n<\/div>\n\n\n\n<div class=\"wp-block-columns is-layout-flex wp-container-core-columns-is-layout-9d6595d7 wp-block-columns-is-layout-flex\">\n<div class=\"wp-block-column is-layout-flow wp-block-column-is-layout-flow\"><div class=\"wp-block-image\">\n<figure class=\"aligncenter size-full\"><img loading=\"lazy\" decoding=\"async\" width=\"101\" height=\"145\" src=\"https:\/\/fnrce.fr\/alsa\/wp-content\/uploads\/sites\/6\/2022\/10\/RM_2022.jpg\" alt=\"\" class=\"wp-image-299329\" \/><\/figure>\n<\/div><\/div>\n\n\n\n<div class=\"wp-block-column is-layout-flow wp-block-column-is-layout-flow\"><div class=\"wp-block-image\">\n<figure class=\"aligncenter size-full\"><img loading=\"lazy\" decoding=\"async\" width=\"108\" height=\"144\" src=\"https:\/\/fnrce.fr\/alsa\/wp-content\/uploads\/sites\/6\/2022\/02\/OR.jpg\" alt=\"\" class=\"wp-image-3412\" \/><\/figure>\n<\/div><\/div>\n\n\n\n<div class=\"wp-block-column is-layout-flow wp-block-column-is-layout-flow\"><div class=\"wp-block-image\">\n<figure class=\"aligncenter size-full\"><img loading=\"lazy\" decoding=\"async\" width=\"104\" height=\"145\" src=\"https:\/\/fnrce.fr\/alsa\/wp-content\/uploads\/sites\/6\/2022\/10\/JPR_2022-1.jpg\" alt=\"\" class=\"wp-image-299338\" \/><\/figure>\n<\/div><\/div>\n\n\n\n<div class=\"wp-block-column is-layout-flow wp-block-column-is-layout-flow\"><div class=\"wp-block-image\">\n<figure class=\"aligncenter size-full\"><img loading=\"lazy\" decoding=\"async\" width=\"121\" height=\"145\" src=\"https:\/\/fnrce.fr\/alsa\/wp-content\/uploads\/sites\/6\/2022\/10\/ES_2022.jpg\" alt=\"\" class=\"wp-image-299328\" \/><\/figure>\n<\/div><\/div>\n\n\n\n<div class=\"wp-block-column is-layout-flow wp-block-column-is-layout-flow\"><div class=\"wp-block-image\">\n<figure class=\"aligncenter size-full\"><img loading=\"lazy\" decoding=\"async\" width=\"109\" height=\"145\" src=\"https:\/\/fnrce.fr\/alsa\/wp-content\/uploads\/sites\/6\/2024\/03\/SASSARD.jpg\" alt=\"\" class=\"wp-image-300711\" \/><\/figure>\n<\/div><\/div>\n\n\n\n<div class=\"wp-block-column is-layout-flow wp-block-column-is-layout-flow\"><div class=\"wp-block-image\">\n<figure class=\"aligncenter size-full\"><img loading=\"lazy\" decoding=\"async\" width=\"112\" height=\"145\" src=\"https:\/\/fnrce.fr\/alsa\/wp-content\/uploads\/sites\/6\/2024\/03\/SCHEER.jpg\" alt=\"\" class=\"wp-image-300712\" \/><\/figure>\n<\/div><\/div>\n<\/div>\n\n\n\n<div class=\"wp-block-columns is-layout-flex wp-container-core-columns-is-layout-9d6595d7 wp-block-columns-is-layout-flex\">\n<div class=\"wp-block-column is-layout-flow wp-block-column-is-layout-flow\">\n<p class=\"has-text-align-center\">Roger MESSER<\/p>\n<\/div>\n\n\n\n<div class=\"wp-block-column is-layout-flow wp-block-column-is-layout-flow\">\n<p class=\"has-text-align-center\">Roland OHLMANN<\/p>\n<\/div>\n\n\n\n<div class=\"wp-block-column is-layout-flow wp-block-column-is-layout-flow\">\n<p class=\"has-text-align-center\">Jean Pierre ROESS<\/p>\n<\/div>\n\n\n\n<div class=\"wp-block-column is-layout-flow wp-block-column-is-layout-flow\">\n<p class=\"has-text-align-center\">\u00c9liane SAND<\/p>\n<\/div>\n\n\n\n<div class=\"wp-block-column is-layout-flow wp-block-column-is-layout-flow\">\n<p class=\"has-text-align-center\">Brigitte SASSARD<\/p>\n<\/div>\n\n\n\n<div class=\"wp-block-column is-layout-flow wp-block-column-is-layout-flow\">\n<p class=\"has-text-align-center\">Jean-Luc SCHEER<\/p>\n<\/div>\n<\/div>\n\n\n\n<div class=\"wp-block-columns is-layout-flex wp-container-core-columns-is-layout-9d6595d7 wp-block-columns-is-layout-flex\">\n<div class=\"wp-block-column is-layout-flow wp-block-column-is-layout-flow\"><div class=\"wp-block-image\">\n<figure class=\"aligncenter size-full\"><img loading=\"lazy\" decoding=\"async\" width=\"109\" height=\"145\" src=\"https:\/\/fnrce.fr\/alsa\/wp-content\/uploads\/sites\/6\/2022\/10\/JCS_2022.jpg\" alt=\"\" class=\"wp-image-299336\" \/><\/figure>\n<\/div><\/div>\n\n\n\n<div class=\"wp-block-column is-layout-flow wp-block-column-is-layout-flow\"><div class=\"wp-block-image\">\n<figure class=\"aligncenter size-full\"><img loading=\"lazy\" decoding=\"async\" width=\"106\" height=\"145\" src=\"https:\/\/fnrce.fr\/alsa\/wp-content\/uploads\/sites\/6\/2022\/02\/SJ.jpg\" alt=\"\" class=\"wp-image-3417\" \/><\/figure>\n<\/div><\/div>\n\n\n\n<div class=\"wp-block-column is-layout-flow wp-block-column-is-layout-flow\"><\/div>\n\n\n\n<div class=\"wp-block-column is-layout-flow wp-block-column-is-layout-flow\"><\/div>\n\n\n\n<div class=\"wp-block-column is-layout-flow wp-block-column-is-layout-flow\"><\/div>\n\n\n\n<div class=\"wp-block-column is-layout-flow wp-block-column-is-layout-flow\"><\/div>\n<\/div>\n\n\n\n<div class=\"wp-block-columns is-layout-flex wp-container-core-columns-is-layout-9d6595d7 wp-block-columns-is-layout-flex\">\n<div class=\"wp-block-column is-layout-flow wp-block-column-is-layout-flow\">\n<p class=\"has-text-align-center\">Jean-Claude SCHOENNAGEL<\/p>\n<\/div>\n\n\n\n<div class=\"wp-block-column is-layout-flow wp-block-column-is-layout-flow\">\n<p class=\"has-text-align-center\">Joseph SCHOTT<\/p>\n\n\n\n<p class=\"has-text-align-center\"><\/p>\n\n\n\n<p class=\"has-text-align-center\"><\/p>\n\n\n\n<p class=\"has-text-align-center\"><br><br><\/p>\n\n\n\n<p class=\"has-text-align-center\"><br><\/p>\n<\/div>\n\n\n\n<div class=\"wp-block-column is-layout-flow wp-block-column-is-layout-flow\"><\/div>\n\n\n\n<div class=\"wp-block-column is-layout-flow wp-block-column-is-layout-flow\"><\/div>\n\n\n\n<div class=\"wp-block-column is-layout-flow wp-block-column-is-layout-flow\"><\/div>\n\n\n\n<div class=\"wp-block-column is-layout-flow wp-block-column-is-layout-flow\"><\/div>\n<\/div>\n\n\n\n<div style=\"height:50px\" aria-hidden=\"true\" class=\"wp-block-spacer\"><\/div>\n\n\n\n<p class=\"has-text-align-right has-small-font-size\"><em>m\u00e0j : 04\/05\/2026<\/em><\/p>\n\n\n\n<p><\/p>\n","protected":false},"excerpt":{"rendered":"<p>Jean-Marie STACKLERPr\u00e9sident Andr\u00e9FISCHVice pr\u00e9sident Robert AMMANN Secr\u00e9taire g\u00e9n\u00e9ral Andr\u00e9 SAUTER Secr\u00e9taire Dominique LANGRANDSecr\u00e9taire adjointe Beno\u00eet WALD Tr\u00e9sorier Andr\u00e9 BUHLER ChristianCLAUSS Huguette GERTHOFFER MERZISEN Agn\u00e8sKOPP Francine MERCKEL G\u00e9rard MESSER Roger MESSER Roland OHLMANN Jean Pierre ROESS \u00c9liane SAND Brigitte SASSARD Jean-Luc SCHEER Jean-Claude SCHOENNAGEL Joseph SCHOTT m\u00e0j : 04\/05\/2026<\/p>\n","protected":false},"author":377,"featured_media":0,"parent":0,"menu_order":0,"comment_status":"closed","ping_status":"closed","template":"","meta":{"footnotes":""},"class_list":["post-1255804","page","type-page","status-publish","hentry"],"_links":{"self":[{"href":"https:\/\/fnrce.fr\/alsa\/wp-json\/wp\/v2\/pages\/1255804","targetHints":{"allow":["GET"]}}],"collection":[{"href":"https:\/\/fnrce.fr\/alsa\/wp-json\/wp\/v2\/pages"}],"about":[{"href":"https:\/\/fnrce.fr\/alsa\/wp-json\/wp\/v2\/types\/page"}],"author":[{"embeddable":true,"href":"https:\/\/fnrce.fr\/alsa\/wp-json\/wp\/v2\/users\/377"}],"replies":[{"embeddable":true,"href":"https:\/\/fnrce.fr\/alsa\/wp-json\/wp\/v2\/comments?post=1255804"}],"version-history":[{"count":6,"href":"https:\/\/fnrce.fr\/alsa\/wp-json\/wp\/v2\/pages\/1255804\/revisions"}],"predecessor-version":[{"id":1255810,"href":"https:\/\/fnrce.fr\/alsa\/wp-json\/wp\/v2\/pages\/1255804\/revisions\/1255810"}],"wp:attachment":[{"href":"https:\/\/fnrce.fr\/alsa\/wp-json\/wp\/v2\/media?parent=1255804"}],"curies":[{"name":"wp","href":"https:\/\/api.w.org\/{rel}","templated":true}]}}