{"id":1255702,"date":"2026-02-23T17:50:43","date_gmt":"2026-02-23T16:50:43","guid":{"rendered":"https:\/\/fnrce.fr\/alsa\/?page_id=1255702"},"modified":"2026-02-23T17:50:44","modified_gmt":"2026-02-23T16:50:44","slug":"vous-recherchez-un-hebergement","status":"publish","type":"page","link":"https:\/\/fnrce.fr\/alsa\/vous-recherchez-un-hebergement","title":{"rendered":"Vous recherchez un h\u00e9bergement&#8230;"},"content":{"rendered":"\n<div style=\"height:100px\" aria-hidden=\"true\" class=\"wp-block-spacer\"><\/div>\n\n\n\n<h2 class=\"wp-block-heading\">Une aide pr\u00e9cieuse&#8230; utilisez <a href=\"https:\/\/trajectoire.sante-ra.fr\/GrandAge\/Pages\/Public\/Accueil.aspx\" target=\"_blank\" rel=\"noreferrer noopener\">Via Trajectoire<\/a> !<\/h2>\n\n\n\n<div style=\"height:70px\" aria-hidden=\"true\" class=\"wp-block-spacer\"><\/div>\n\n\n\n<p class=\"has-medium-font-size\"><a href=\"https:\/\/trajectoire.sante-ra.fr\/GrandAge\/Pages\/Public\/Accueil.aspx\" target=\"_blank\" rel=\"noreferrer noopener\">ViaTrajectoire<\/a> est un portail d\u2019orientation. Il vous aide \u00e0 trouver une maison de retraite qui correspond \u00e0 vos crit\u00e8res. Il vous permet \u00e9galement de faire votre demande en ligne, de transmettre votre dossier \u00e0 votre m\u00e9decin traitant et de suivre l\u2019avancement de votre dossier. Il est le fruit d\u2019une coop\u00e9ration entre l\u2019ensemble des acteurs du secteur m\u00e9dico-social, les R\u00e9gions et les Conseils d\u00e9partementaux.<br>Le site ViaTrajectoire propose \u00e0 toute personne qui cherche une place en maison de retraite :<\/p>\n\n\n\n<div style=\"height:30px\" aria-hidden=\"true\" class=\"wp-block-spacer\"><\/div>\n\n\n\n<ul class=\"wp-block-list\">\n<li class=\"has-medium-font-size\">un annuaire national des maisons de retraite,<\/li>\n\n\n\n<li class=\"has-medium-font-size\">une aide \u00e0 la recherche des \u00e9tablissements r\u00e9pondant \u00e0 vos crit\u00e8res,<\/li>\n\n\n\n<li class=\"has-medium-font-size\">le formulaire unique national de demande d\u2019admission,<\/li>\n\n\n\n<li class=\"has-medium-font-size\">la transmission s\u00e9curis\u00e9e des donn\u00e9es m\u00e9dicales.<\/li>\n<\/ul>\n\n\n\n<div style=\"height:30px\" aria-hidden=\"true\" class=\"wp-block-spacer\"><\/div>\n\n\n\n<p class=\"has-medium-font-size\">ViaTrajectoire est un service public gratuit, confidentiel et s\u00e9curis\u00e9. Pens\u00e9 pour simplifier votre admission en maison de retraite, il est accessible aux personnes que vous d\u00e9signez ou qui agissent en votre nom.<\/p>\n\n\n\n<div style=\"height:40px\" aria-hidden=\"true\" class=\"wp-block-spacer\"><\/div>\n\n\n\n<h2 class=\"wp-block-heading has-black-color has-text-color has-link-color has-medium-font-size wp-elements-caa16635a32e9b05ff0e54ec95996e97\">Vid\u00e9o de pr\u00e9sentation&#8230;<\/h2>\n\n\n\n<figure class=\"wp-block-embed aligncenter is-type-video is-provider-vimeo wp-block-embed-vimeo\"><div class=\"wp-block-embed__wrapper\">\n<iframe title=\"Pr\u00e9sentation ViaTrajectoire\" src=\"https:\/\/player.vimeo.com\/video\/154981289?dnt=1&amp;app_id=122963\" width=\"640\" height=\"360\" frameborder=\"0\" allow=\"autoplay; fullscreen; picture-in-picture; clipboard-write; encrypted-media; web-share\" referrerpolicy=\"strict-origin-when-cross-origin\"><\/iframe>\n<\/div><\/figure>\n\n\n\n<p class=\"has-text-align-right has-small-font-size\"><em>m\u00e0j : 14\/12\/2023<\/em><\/p>\n\n\n\n<p><\/p>\n","protected":false},"excerpt":{"rendered":"<p>Une aide pr\u00e9cieuse&#8230; utilisez Via Trajectoire ! ViaTrajectoire est un portail d\u2019orientation. Il vous aide \u00e0 trouver une maison de retraite qui correspond \u00e0 vos crit\u00e8res. Il vous permet \u00e9galement de faire votre demande en ligne, de transmettre votre dossier \u00e0 votre m\u00e9decin traitant et de suivre l\u2019avancement de votre dossier. Il est le fruit [&hellip;]<\/p>\n","protected":false},"author":377,"featured_media":0,"parent":0,"menu_order":0,"comment_status":"closed","ping_status":"closed","template":"","meta":{"footnotes":""},"class_list":["post-1255702","page","type-page","status-publish","hentry"],"_links":{"self":[{"href":"https:\/\/fnrce.fr\/alsa\/wp-json\/wp\/v2\/pages\/1255702","targetHints":{"allow":["GET"]}}],"collection":[{"href":"https:\/\/fnrce.fr\/alsa\/wp-json\/wp\/v2\/pages"}],"about":[{"href":"https:\/\/fnrce.fr\/alsa\/wp-json\/wp\/v2\/types\/page"}],"author":[{"embeddable":true,"href":"https:\/\/fnrce.fr\/alsa\/wp-json\/wp\/v2\/users\/377"}],"replies":[{"embeddable":true,"href":"https:\/\/fnrce.fr\/alsa\/wp-json\/wp\/v2\/comments?post=1255702"}],"version-history":[{"count":0,"href":"https:\/\/fnrce.fr\/alsa\/wp-json\/wp\/v2\/pages\/1255702\/revisions"}],"wp:attachment":[{"href":"https:\/\/fnrce.fr\/alsa\/wp-json\/wp\/v2\/media?parent=1255702"}],"curies":[{"name":"wp","href":"https:\/\/api.w.org\/{rel}","templated":true}]}}