{"id":1255589,"date":"2026-01-24T16:22:11","date_gmt":"2026-01-24T15:22:11","guid":{"rendered":"https:\/\/www.fnrce.fr\/alsa\/?page_id=1255589"},"modified":"2026-02-28T17:21:20","modified_gmt":"2026-02-28T16:21:20","slug":"ag2026","status":"publish","type":"page","link":"https:\/\/fnrce.fr\/alsa\/ag2026","title":{"rendered":"Assembl\u00e9e G\u00e9n\u00e9rale 2026"},"content":{"rendered":"\n<div style=\"height:40px\" aria-hidden=\"true\" class=\"wp-block-spacer\"><\/div>\n\n\n\n<p class=\"has-text-align-center has-luminous-vivid-amber-background-color has-background has-medium-font-size\"><strong><em>LES INSCRIPTIONS SONT CLOSES&#8230;<\/em> <em>depuis le 28 f\u00e9vrier !<\/em><\/strong><\/p>\n\n\n\n<div style=\"height:40px\" aria-hidden=\"true\" class=\"wp-block-spacer\"><\/div>\n\n\n\n<div class=\"wp-block-columns is-layout-flex wp-container-core-columns-is-layout-9d6595d7 wp-block-columns-is-layout-flex\">\n<div class=\"wp-block-column is-layout-flow wp-block-column-is-layout-flow\" style=\"flex-basis:70%\"><div class=\"wp-block-image is-style-rounded\">\n<figure class=\"alignleft size-full is-resized\"><img fetchpriority=\"high\" decoding=\"async\" width=\"512\" height=\"268\" src=\"https:\/\/www.fnrce.fr\/hdf\/wp-content\/uploads\/sites\/6\/2023\/12\/ValVignes.jpg\" alt=\"\" class=\"wp-image-300325\" style=\"width:700px\" srcset=\"https:\/\/fnrce.fr\/alsa\/wp-content\/uploads\/sites\/6\/2023\/12\/ValVignes.jpg 512w, https:\/\/fnrce.fr\/alsa\/wp-content\/uploads\/sites\/6\/2023\/12\/ValVignes-300x157.jpg 300w\" sizes=\"(max-width: 512px) 100vw, 512px\" \/><\/figure>\n<\/div><\/div>\n\n\n\n<div class=\"wp-block-column is-vertically-aligned-bottom is-layout-flow wp-block-column-is-layout-flow\" style=\"flex-basis:30%\">\n<figure class=\"wp-block-embed is-type-video is-provider-youtube wp-block-embed-youtube wp-embed-aspect-16-9 wp-has-aspect-ratio\"><div class=\"wp-block-embed__wrapper\">\n<iframe title=\"D\u00e9couverte de l&#039;H\u00f4tel Val-Vignes **** St Hippolyte, Route des vins, Alsace, France\" width=\"640\" height=\"360\" src=\"https:\/\/www.youtube.com\/embed\/2MnZdUIRdQo?feature=oembed\" frameborder=\"0\" allow=\"accelerometer; autoplay; clipboard-write; encrypted-media; gyroscope; picture-in-picture; web-share\" referrerpolicy=\"strict-origin-when-cross-origin\" allowfullscreen><\/iframe>\n<\/div><\/figure>\n<\/div>\n<\/div>\n\n\n\n<div style=\"height:50px\" aria-hidden=\"true\" class=\"wp-block-spacer\"><\/div>\n\n\n\n<hr class=\"wp-block-separator has-text-color has-black-color has-alpha-channel-opacity has-black-background-color has-background is-style-default\" \/>\n\n\n\n<div style=\"height:50px\" aria-hidden=\"true\" class=\"wp-block-spacer\"><\/div>\n\n\n\n<div class=\"wp-block-columns is-layout-flex wp-container-core-columns-is-layout-9d6595d7 wp-block-columns-is-layout-flex\">\n<div class=\"wp-block-column is-layout-flow wp-block-column-is-layout-flow\" style=\"flex-basis:66.66%\">\n<p class=\"has-text-align-center has-medium-font-size\">Nous avons le plaisir de vous inviter \u00e0 participer \u00e0 notre<br><strong>ASSEMBL\u00c9E G\u00c9N\u00c9RALE 2026<\/strong><br><strong>le jeudi<\/strong> <strong>19 mars prochain, \u00e0 9 heures<\/strong> 30.<br><\/p>\n\n\n\n<div style=\"height:20px\" aria-hidden=\"true\" class=\"wp-block-spacer\"><\/div>\n\n\n\n<p class=\"has-medium-font-size\">C\u2019est avec grand plaisir que nous vous proposons de nous retrouver dans le cadre des Salons de l\u2019<strong>H\u00d4TEL VAL-VIGNES \u00e0 SAINT HIPPOLYTE<\/strong> -68-, qui nous avais d\u00e9j\u00e0 bien accueilli en 2024 et 2025 \u00e0 la satisfaction g\u00e9n\u00e9rale.<\/p>\n\n\n\n<p class=\"has-medium-font-size\">Nous aurons l&rsquo;honneur d&rsquo;accueillir \u00e0 cette occasion notre Pr\u00e9sident National, Bernard d&rsquo;ARAQUY, il sera accompagn\u00e9 du vice-pr\u00e9sident Jean-Max LEGER, en charge plus particuli\u00e8rement des relations avec les Sections R\u00e9gionales au sein du Bureau National.<\/p>\n<\/div>\n\n\n\n<div class=\"wp-block-column is-layout-flow wp-block-column-is-layout-flow\" style=\"flex-basis:33.33%\">\n<div class=\"wp-block-buttons alignwide is-content-justification-center is-layout-flex wp-container-core-buttons-is-layout-16018d1d wp-block-buttons-is-layout-flex\">\n<div class=\"wp-block-button has-custom-width wp-block-button__width-75 is-style-outline is-style-outline--1\"><a class=\"wp-block-button__link has-background has-medium-font-size has-custom-font-size wp-element-button\" href=\"https:\/\/fnrce-alsace.alwaysdata.net\/ADMIN\/AG2026\/AG2026_OJ.pdf\" style=\"background:radial-gradient(rgb(6,147,227) 0%,rgb(250,241,241) 58%,rgb(155,81,224) 100%)\" target=\"_blank\" rel=\"noreferrer noopener\">Ordre du jour<\/a><\/div>\n\n\n\n<div class=\"wp-block-button has-custom-width wp-block-button__width-75 is-style-outline is-style-outline--2\"><a class=\"wp-block-button__link has-background has-medium-font-size has-custom-font-size wp-element-button\" href=\"https:\/\/fnrce-alsace.alwaysdata.net\/ADMIN\/AG2026\/AG2026_InfosPratiques.pdf\" style=\"background:radial-gradient(rgb(252,185,0) 0%,rgb(249,208,208) 48%,rgb(255,105,0) 100%)\" target=\"_blank\" rel=\"noreferrer noopener\">Informations pratiques<\/a><\/div>\n\n\n\n<div class=\"wp-block-button has-custom-width wp-block-button__width-75 is-style-outline is-style-outline--3\"><a class=\"wp-block-button__link has-background has-medium-font-size has-custom-font-size wp-element-button\" href=\"https:\/\/docs.google.com\/forms\/d\/e\/1FAIpQLSdao5UM69hKmzxiu3x1AsWWx5VoHLbqb1SVWuaU4WynWwJrtQ\/viewform?usp=pp_url\" style=\"background:radial-gradient(rgb(202,248,128) 0%,rgb(70,246,31) 47%,rgb(113,206,126) 100%)\" target=\"_blank\" rel=\"noreferrer noopener\"><strong>Bulletin d&rsquo;inscription<\/strong><\/a><\/div>\n\n\n\n<div class=\"wp-block-button has-custom-width wp-block-button__width-75 is-style-outline is-style-outline--4\"><a class=\"wp-block-button__link has-very-light-gray-to-cyan-bluish-gray-gradient-background has-background has-small-font-size has-custom-font-size wp-element-button\" href=\"https:\/\/docs.google.com\/forms\/d\/e\/1FAIpQLSfIrsjCGsywrNYueFBTBxuWZSW-B9uMcE4H4GADXPqoxF5GqA\/viewform?usp=pp_url\" style=\"border-radius:50px\" target=\"_blank\" rel=\"noreferrer noopener\"><strong>Je ne souhaite pas participer<\/strong><br>\u00c0 l&rsquo;AG de cette ann\u00e9e<\/a><\/div>\n<\/div>\n<\/div>\n\n\n\n<div class=\"wp-block-column is-layout-flow wp-block-column-is-layout-flow\"><\/div>\n<\/div>\n\n\n\n<p class=\"has-medium-font-size\">Nous avons \u00e9galement invit\u00e9 \u00e0 cette rencontre, Monsieur \u00c9ric SALTIEL, membre du Directoire de la Caisse d\u2019\u00c9pargne Grand Est Europe, ainsi que de Herv\u00e9 TILLARD, Pr\u00e9sident du Conseil d&rsquo;administration de BPCE Mutuelle et d\u2019un repr\u00e9sentant de MUTEST, et Tayeb BERRAHOU, Responsable des March\u00e9s Professionnels, repr\u00e9sentant MUTEST.<\/p>\n\n\n\n<p class=\"has-medium-font-size\">Nous vous attendons nombreux pour cette AG. Vous serez accueillis \u00e0 partir de 8h30 pour un caf\u00e9 d\u2019accueil, l\u2019Assembl\u00e9e G\u00e9n\u00e9rale proprement dite d\u00e9butant \u00e0 9h30.<\/p>\n\n\n\n<p class=\"has-medium-font-size\">Nous proposons bien entendu un programme aux personnes accompagnantes pendant la dur\u00e9e de l\u2019AG. Cette ann\u00e9e ce sera sous la forme d\u2019une visite du Mus\u00e9e des Arts et Techniques Graphiques \u00e0 Ribeauvill\u00e9.<\/p>\n\n\n\n<p class=\"has-medium-font-size\">Nous organisons un transport en car, \u00ab du Nord vers le Sud \u00bb, avec plusieurs arr\u00eats propos\u00e9s.<\/p>\n\n\n\n<p class=\"has-medium-font-size\">Notre AG sera suivie d\u2019un ap\u00e9ritif et du d\u00e9jeuner que vous partagerez avec vos anciens coll\u00e8gues.<\/p>\n\n\n\n<p class=\"has-medium-font-size\">Nous vous proposons cette journ\u00e9e au contenu a\u0300 la fois informatif et convivial au tarif tout compris de 40\u20ac par personne (incluant caf\u00e9 d\u2019accueil, frais d\u2019assembl\u00e9e g\u00e9n\u00e9rale, d\u00e9jeuner \u2013 ap\u00e9ritif et boissons comprises &#8211; programme des accompagnant(e)s). Pour prendre le car : la participation aux frais est de 10\u20ac (aller\/retour) par personne.<br>La personne qui vous accompagne b\u00e9n\u00e9ficie des m\u00eames conditions que vous.<\/p>\n\n\n\n<p class=\"has-medium-font-size\"><\/p>\n\n\n\n<div style=\"height:10px\" aria-hidden=\"true\" class=\"wp-block-spacer\"><\/div>\n\n\n\n<p class=\"has-text-align-center has-background has-medium-font-size\" style=\"background:linear-gradient(90deg,rgb(122,220,180) 0%,rgb(111,243,94) 3%,rgb(0,208,130) 100%)\">Les boutons pr\u00e9sents plus haut sur cette page vous permettrons d&rsquo;acc\u00e9der \u00e0 toutes les informations pratiques quant \u00e0 l\u2019organisation de cette journ\u00e9e :<br>les horaires, l\u2019ordre du jour de l\u2019AG, le menu, la proposition de ramassage par car et<br><br><strong>d&rsquo;acc\u00e9der en ligne \u00e0<\/strong> <strong>votre \u00ab BULLETIN d&rsquo;INSCRIPTION \u00bb<\/strong><br><strong>que vous voudrez bien compl\u00e9ter<\/strong> <strong>et valider avant le 27 f\u00e9vrier au plus tard<\/strong>.<br><br>Rappel : <em>Votre inscription sera prise en compte apr\u00e8s avoir enregistr\u00e9 le r\u00e8glement de vos frais de participation,<br>\u00e0 effectuer par virement sur notre compte via votre Banque \u00e0 distance (BAD).<\/em><\/p>\n\n\n\n<div style=\"height:10px\" aria-hidden=\"true\" class=\"wp-block-spacer\"><\/div>\n\n\n\n<p class=\"has-medium-font-size\">Au plaisir de vous saluer \u00e0 cette occasion, nous vous prions d&rsquo;agr\u00e9er, Madame, Monsieur, nos salutations les plus cordiales.<br><br>Andr\u00e9 BUHLER, Pr\u00e9sident<\/p>\n\n\n\n<div style=\"height:100px\" aria-hidden=\"true\" class=\"wp-block-spacer\"><\/div>\n\n\n\n<p class=\"has-text-align-right has-small-font-size\"><em>m\u00e0j : 28\/02\/2026<\/em><\/p>\n\n\n\n<p><\/p>\n","protected":false},"excerpt":{"rendered":"<p>LES INSCRIPTIONS SONT CLOSES&#8230; depuis le 28 f\u00e9vrier ! Nous avons le plaisir de vous inviter \u00e0 participer \u00e0 notreASSEMBL\u00c9E G\u00c9N\u00c9RALE 2026le jeudi 19 mars prochain, \u00e0 9 heures 30. C\u2019est avec grand plaisir que nous vous proposons de nous retrouver dans le cadre des Salons de l\u2019H\u00d4TEL VAL-VIGNES \u00e0 SAINT HIPPOLYTE -68-, qui nous [&hellip;]<\/p>\n","protected":false},"author":377,"featured_media":0,"parent":0,"menu_order":0,"comment_status":"closed","ping_status":"closed","template":"","meta":{"footnotes":""},"class_list":["post-1255589","page","type-page","status-publish","hentry"],"_links":{"self":[{"href":"https:\/\/fnrce.fr\/alsa\/wp-json\/wp\/v2\/pages\/1255589","targetHints":{"allow":["GET"]}}],"collection":[{"href":"https:\/\/fnrce.fr\/alsa\/wp-json\/wp\/v2\/pages"}],"about":[{"href":"https:\/\/fnrce.fr\/alsa\/wp-json\/wp\/v2\/types\/page"}],"author":[{"embeddable":true,"href":"https:\/\/fnrce.fr\/alsa\/wp-json\/wp\/v2\/users\/377"}],"replies":[{"embeddable":true,"href":"https:\/\/fnrce.fr\/alsa\/wp-json\/wp\/v2\/comments?post=1255589"}],"version-history":[{"count":0,"href":"https:\/\/fnrce.fr\/alsa\/wp-json\/wp\/v2\/pages\/1255589\/revisions"}],"wp:attachment":[{"href":"https:\/\/fnrce.fr\/alsa\/wp-json\/wp\/v2\/media?parent=1255589"}],"curies":[{"name":"wp","href":"https:\/\/api.w.org\/{rel}","templated":true}]}}